{"id":103882,"date":"2017-03-22T23:53:56","date_gmt":"2017-03-22T23:53:56","guid":{"rendered":"http:\/\/keramika.holest.com\/slovenija\/product\/talne-in-stenske-ploscice-alcalagres-silex-grafito\/"},"modified":"2026-01-03T00:01:07","modified_gmt":"2026-01-03T00:01:07","slug":"talne-in-stenske-ploscice-alcalagres-silex-grafito","status":"publish","type":"product","link":"https:\/\/www.keramika.com\/slovenija\/talne-in-stenske-ploscice-alcalagres-silex-grafito\/","title":{"rendered":"Talne in stenske plo\u0161\u010dice Alcalagres Silex Grafito"},"content":{"rendered":"<p>V redni prodaji bi morali za to plo\u0161\u010dico od\u0161teti 44,06 EUR, spletna cena pa zna\u0161a le 35,25 EUR. Ta plo\u0161\u010dica prihaja iz \u0160panije, ki je znana po kvalitetni keramiki. Plo\u0161\u010dica na sliki je velika 45&#215;45 cm. Ta model plo\u0161\u010dice se najbolje prodaja v rjavi barvi. Debelina plo\u0161\u010dice je zelo pomembna in 9 mm uvr\u0161\u010da to plo\u0161\u010dico med najkvalitetnej\u0161e.<\/p>\n<p>Kliknite na ime kolekcije za ogled vseh plo\u0161\u010dic iz te serije: <a class=\"pdfcatal\" href=\"\/\/www.ceramictiles.com\/pdf\/alcalagres\/catalogue_alcalagres_silex.pdf\" onclick=\"recordOutboundLink(this, 'E-mail', 'Description PDF');return false;\">Alcalagres Silex<\/a><\/p>\n<p>\u010ce \u017eelite naro\u010diti model iz pdf kataloga te kolekcije, nam pi\u0161ite na: <a href=\"mailto:keramoteka.salon@gmail.com\" onclick=\"recordOutboundLink(this, 'E-mail', 'Description mail');return false;\">keramoteka.salon@gmail.com<\/a> ali pa nas pokli\u010dite na: 031 255 900.<\/p>\n<p>Technical description: <br \/>  W &#038; F: 30&#215;60 ; 45&#215;45 <br \/>Silex Grafito R\u00fastico ; Silex Gris R\u00fastico ; Silex Arena R\u00fastico ; Silex Tabaco R\u00fastico ;<\/p>\n","protected":false},"excerpt":{"rendered":"<p>V redni prodaji bi morali za to plo\u0161\u010dico od\u0161teti 44,06 EUR, spletna cena pa zna\u0161a le 35,25 EUR. Ta plo\u0161\u010dica prihaja iz \u0160panije, ki je znana po kvalitetni keramiki. Plo\u0161\u010dica na sliki je velika 45&#215;45 cm. Ta model plo\u0161\u010dice se najbolje prodaja v rjavi barvi. Debelina plo\u0161\u010dice je zelo pomembna in 9 mm uvr\u0161\u010da to [&hellip;]<\/p>\n","protected":false},"featured_media":103883,"template":"","meta":[],"product_cat":[99952,200,260,999,290,250,240],"product_tag":[],"_links":{"self":[{"href":"https:\/\/www.keramika.com\/slovenija\/wp-json\/wp\/v2\/product\/103882"}],"collection":[{"href":"https:\/\/www.keramika.com\/slovenija\/wp-json\/wp\/v2\/product"}],"about":[{"href":"https:\/\/www.keramika.com\/slovenija\/wp-json\/wp\/v2\/types\/product"}],"wp:featuredmedia":[{"embeddable":true,"href":"https:\/\/www.keramika.com\/slovenija\/wp-json\/wp\/v2\/media\/103883"}],"wp:attachment":[{"href":"https:\/\/www.keramika.com\/slovenija\/wp-json\/wp\/v2\/media?parent=103882"}],"wp:term":[{"taxonomy":"product_cat","embeddable":true,"href":"https:\/\/www.keramika.com\/slovenija\/wp-json\/wp\/v2\/product_cat?post=103882"},{"taxonomy":"product_tag","embeddable":true,"href":"https:\/\/www.keramika.com\/slovenija\/wp-json\/wp\/v2\/product_tag?post=103882"}],"curies":[{"name":"wp","href":"https:\/\/api.w.org\/{rel}","templated":true}]}}