{"id":103878,"date":"2017-03-22T23:53:48","date_gmt":"2017-03-22T23:53:48","guid":{"rendered":"http:\/\/keramika.holest.com\/slovenija\/product\/talne-in-stenske-ploscice-alcalagres-rios-loa\/"},"modified":"2026-01-03T00:01:06","modified_gmt":"2026-01-03T00:01:06","slug":"talne-in-stenske-ploscice-alcalagres-rios-loa","status":"publish","type":"product","link":"https:\/\/www.keramika.com\/slovenija\/talne-in-stenske-ploscice-alcalagres-rios-loa\/","title":{"rendered":"Talne in stenske plo\u0161\u010dice Alcalagres Rios Loa"},"content":{"rendered":"<p>Dimenzije te plo\u0161\u010dice so 40&#215;40 cm. Pri izbiri plo\u0161\u010dice v be\u017e barvi ne morete zgre\u0161iti. Prihaja iz \u0160panije, ki po svetu slovi kot ena bolj\u0161ih proizvajalk kerami\u010dnih plo\u0161\u010dic. Alcalagres Rios Loa je na voljo po zelo ugodni ceni 34,25 EUR. Ta plo\u0161\u010dica je debela 14 mm in je zelo trpe\u017ena.<\/p>\n<p>Kliknite na ime kolekcije za ogled vseh plo\u0161\u010dic iz te serije: <a class=\"pdfcatal\" href=\"\/\/www.ceramictiles.com\/pdf\/alcalagres\/catalogue_alcalagres_rios.pdf\" onclick=\"recordOutboundLink(this, 'E-mail', 'Description PDF');return false;\">Alcalagres Rios<\/a><\/p>\n<p>\u010ce \u017eelite naro\u010diti model iz pdf kataloga te kolekcije, nam pi\u0161ite na: <a href=\"mailto:keramoteka.salon@gmail.com\" onclick=\"recordOutboundLink(this, 'E-mail', 'Description mail');return false;\">keramoteka.salon@gmail.com<\/a> ali pa nas pokli\u010dite na: 031 255 900.<\/p>\n<p>Technical description: <br \/>  W &#038; F: 30&#215;30 ; 40&#215;40 ; 60&#215;60 <br \/>Rios Nilo Mate ; Rios Nilo Pulido ; Rios Paran\u00e1 Mate ; Rios Paran\u00e1 Pulido ; Rios Paran\u00e1 Antideslizante ; Rios Paran\u00e1 Espesorado 14 Mm. ; Rios Mijares Mate ; Rios Mijares Pulido ; Rios Mijares Antideslizante ; Rios Mijares Trafic ; Rios Mijares Espesorado 12 Mm. ; Rios Mijares Espesorado 14 Mm. ; Rios Segre Mate ; Rios Segre Pulido ; Rios Segre Antideslizante ; Rios Segre Trafic ; Rios Segre Espesorado 12 Mm. ; Rios Segre Espesorado 14 Mm. ; Rios Loa Mate ; Rios Loa Pulido ; Rios Loa Antideslizante ; Rios Loa Espesorado 12 Mm. ; Rios Loa Espesorado 14 Mm. ; Rios Hudson Mate ; Rios Hudson Pulido ; Rios Hudson Antideslizante ; Rios Hudson Espesorado 14 Mm. ; Rios Ter Mate ; Rios Ter Pulido ; Rios Genil Mate ; Rios Genil Pulido ; Rios Tiber Mate ; Rios Tiber Pulido ;<\/p>\n","protected":false},"excerpt":{"rendered":"<p>Dimenzije te plo\u0161\u010dice so 40&#215;40 cm. Pri izbiri plo\u0161\u010dice v be\u017e barvi ne morete zgre\u0161iti. Prihaja iz \u0160panije, ki po svetu slovi kot ena bolj\u0161ih proizvajalk kerami\u010dnih plo\u0161\u010dic. Alcalagres Rios Loa je na voljo po zelo ugodni ceni 34,25 EUR. Ta plo\u0161\u010dica je debela 14 mm in je zelo trpe\u017ena. Kliknite na ime kolekcije za [&hellip;]<\/p>\n","protected":false},"featured_media":103879,"template":"","meta":[],"product_cat":[99952,200,260,999,290,250,240],"product_tag":[],"_links":{"self":[{"href":"https:\/\/www.keramika.com\/slovenija\/wp-json\/wp\/v2\/product\/103878"}],"collection":[{"href":"https:\/\/www.keramika.com\/slovenija\/wp-json\/wp\/v2\/product"}],"about":[{"href":"https:\/\/www.keramika.com\/slovenija\/wp-json\/wp\/v2\/types\/product"}],"wp:featuredmedia":[{"embeddable":true,"href":"https:\/\/www.keramika.com\/slovenija\/wp-json\/wp\/v2\/media\/103879"}],"wp:attachment":[{"href":"https:\/\/www.keramika.com\/slovenija\/wp-json\/wp\/v2\/media?parent=103878"}],"wp:term":[{"taxonomy":"product_cat","embeddable":true,"href":"https:\/\/www.keramika.com\/slovenija\/wp-json\/wp\/v2\/product_cat?post=103878"},{"taxonomy":"product_tag","embeddable":true,"href":"https:\/\/www.keramika.com\/slovenija\/wp-json\/wp\/v2\/product_tag?post=103878"}],"curies":[{"name":"wp","href":"https:\/\/api.w.org\/{rel}","templated":true}]}}