{"id":103876,"date":"2017-12-16T23:53:44","date_gmt":"2017-12-16T23:53:44","guid":{"rendered":"http:\/\/keramika.holest.com\/slovenija\/product\/talne-in-stenske-ploscice-alcalagres-quarcity-gris\/"},"modified":"2026-01-03T00:01:06","modified_gmt":"2026-01-03T00:01:06","slug":"talne-in-stenske-ploscice-alcalagres-quarcity-gris","status":"publish","type":"product","link":"https:\/\/www.keramika.com\/slovenija\/talne-in-stenske-ploscice-alcalagres-quarcity-gris\/","title":{"rendered":"Talne in stenske plo\u0161\u010dice Alcalagres Quarcity Gris"},"content":{"rendered":"<p>Ta plo\u0161\u010dica prihaja iz \u0160panije, ki je znana po kvalitetni keramiki. Debelina plo\u0161\u010dice je zelo pomembna in 9 mm uvr\u0161\u010da to plo\u0161\u010dico med najkvalitetnej\u0161e. Ta plo\u0161\u010dica je na voljo v \u010dudoviti sivi barvi, \u010de \u017eelite kak\u0161no drugo barvo pa nas kontaktirajte in preverili bomo pri proizvajalcu. Plo\u0161\u010dica na sliki je velika 60&#215;60 cm. Alcalagres Quarcity Gris je na voljo po zelo ugodni ceni 31,25 EUR.<\/p>\n<p>Kliknite na ime kolekcije za ogled vseh plo\u0161\u010dic iz te serije: <a class=\"pdfcatal\" href=\"\/\/www.ceramictiles.com\/pdf\/alcalagres\/catalogue_alcalagres_quarcity.pdf\" onclick=\"recordOutboundLink(this, 'E-mail', 'Description PDF');return false;\">Alcalagres Quarcity<\/a><\/p>\n<p>\u010ce \u017eelite naro\u010diti model iz pdf kataloga te kolekcije, nam pi\u0161ite na: <a href=\"mailto:keramoteka.salon@gmail.com\" onclick=\"recordOutboundLink(this, 'E-mail', 'Description mail');return false;\">keramoteka.salon@gmail.com<\/a> ali pa nas pokli\u010dite na: 031 255 900.<\/p>\n<p>Technical description: <br \/>  W &#038; F: 30&#215;60 ; 60&#215;60 <br \/>Quarcity Beige R\u00fastico ; Quarcity Gris R\u00fastico ; Quarcity Grafito R\u00fastico ; Quarcity Negro R\u00fastico ;<\/p>\n<p>Velikosti<br \/>\n30X60 Cm (12&#8243;X24&#8243;)<br \/>\n60X60 Cm (24&#8243;X24&#8243;)<br \/>\n60X60 20mm (24&#8243;X24&#8243;X0,8&#8243;)<br \/>\n45X90 20mm (18&#8243;X36&#8243;X0,8&#8243;)<\/p>\n<p>Barve<br \/>\nBeige<br \/>\n30 X 60 (12\u201d X 24\u201d) &#8230;&#8230;&#8230;&#8230;&#8230;&#8230;&#8230;&#8230;&#8230;&#8230;&#8230;&#8230;&#8230;&#8230;&#8230; R\u00fastico B-36<br \/>\n60 X 60 (24\u201d X 24\u201d) &#8230;&#8230;&#8230;&#8230;&#8230;&#8230;&#8230;&#8230;&#8230;&#8230;&#8230;&#8230;&#8230;&#8230;&#8230; R\u00fastico B-43 &#8230;&#8230;&#8230;&#8230;. Lucidato B-53<br \/>\n45 X 45 (18\u201d X 18\u201d) Esp 20 &#8230;&#8230;&#8230;&#8230;&#8230;&#8230;&#8230;&#8230;&#8230;&#8230; R\u00fastico B-61<br \/>\n45 X 90 (18\u201d X 36\u201d) Esp 20 &#8230;&#8230;&#8230;&#8230;&#8230;&#8230;&#8230;&#8230;&#8230;&#8230; R\u00fastico B-96<br \/>\n60 X 60 (24\u201d X 24\u201d) Esp 20 &#8230;&#8230;&#8230;&#8230;&#8230;&#8230;&#8230;&#8230;&#8230;&#8230; R\u00fastico B-79<br \/>\nGris<br \/>\n30 X 60 (12\u201d X 24\u201d) &#8230;&#8230;&#8230;&#8230;&#8230;&#8230;&#8230;&#8230;&#8230;&#8230;&#8230;&#8230;&#8230;&#8230;&#8230; R\u00fastico B-36<br \/>\n60 X 60 (24\u201d X 24\u201d) &#8230;&#8230;&#8230;&#8230;&#8230;&#8230;&#8230;&#8230;&#8230;&#8230;&#8230;&#8230;&#8230;&#8230;&#8230; R\u00fastico B-43 &#8230;&#8230;&#8230;&#8230;. Lucidato B-53<br \/>\n45 X 45 (18\u201d X 18\u201d) Esp 20 &#8230;&#8230;&#8230;&#8230;&#8230;&#8230;&#8230;&#8230;&#8230;&#8230; R\u00fastico B-61<br \/>\n45 X 90 (18\u201d X 36\u201d) Esp 20 &#8230;&#8230;&#8230;&#8230;&#8230;&#8230;&#8230;&#8230;&#8230;&#8230; R\u00fastico B-96<br \/>\n60 X 60 (24\u201d X 24\u201d) Esp 20 &#8230;&#8230;&#8230;&#8230;&#8230;&#8230;&#8230;&#8230;&#8230;&#8230; R\u00fastico B-79<br \/>\nGrafito<br \/>\n30 X 60 (12\u201d X 24\u201d) &#8230;&#8230;&#8230;&#8230;&#8230;&#8230;&#8230;&#8230;&#8230;&#8230;&#8230;&#8230;&#8230;&#8230;&#8230;. R\u00fastico B-40<br \/>\n60 X 60 (24\u201d X 24\u201d) &#8230;&#8230;&#8230;&#8230;&#8230;&#8230;&#8230;&#8230;&#8230;&#8230;&#8230;&#8230;&#8230;&#8230;&#8230;. R\u00fastico B-51 &#8230;&#8230;&#8230;&#8230;. Lucidato B-61<br \/>\n45 X 45 (18\u201d X 18\u201d) Esp 20 &#8230;&#8230;&#8230;&#8230;&#8230;&#8230;&#8230;&#8230;&#8230;&#8230; R\u00fastico B-61<br \/>\n45 X 90 (18\u201d X 36\u201d) Esp 20 &#8230;&#8230;&#8230;&#8230;&#8230;&#8230;&#8230;&#8230;&#8230;&#8230; R\u00fastico B-96<br \/>\n60 X 60 (24\u201d X 24\u201d) Esp 20 &#8230;&#8230;&#8230;&#8230;&#8230;&#8230;&#8230;&#8230;&#8230;&#8230; R\u00fastico B-79<br \/>\nNegro<br \/>\n30 X 60 (12\u201d X 24\u201d) &#8230;&#8230;&#8230;&#8230;&#8230;&#8230;&#8230;&#8230;&#8230;&#8230;&#8230;&#8230;&#8230;&#8230;&#8230;. R\u00fastico B-40<br \/>\n60 X 60 (24\u201d X 24\u201d) &#8230;&#8230;&#8230;&#8230;&#8230;&#8230;&#8230;&#8230;&#8230;&#8230;&#8230;&#8230;&#8230;&#8230;&#8230;. R\u00fastico B-51 &#8230;&#8230;&#8230;&#8230;. Lucidato B-61<br \/>\n45 X 45 (18\u201d X 18\u201d) Esp 20 &#8230;&#8230;&#8230;&#8230;&#8230;&#8230;&#8230;&#8230;&#8230;&#8230; R\u00fastico B-61<br \/>\n45 X 90 (18\u201d X 36\u201d) Esp 20 &#8230;&#8230;&#8230;&#8230;&#8230;&#8230;&#8230;&#8230;&#8230;&#8230; R\u00fastico B-96<br \/>\n60 X 60 (24\u201d X 24\u201d) Esp 20 &#8230;&#8230;&#8230;&#8230;&#8230;&#8230;&#8230;&#8230;&#8230;&#8230; R\u00fastico B-79<\/p>\n<p>Dokon\u010dna obdelava<br \/>\nLucidato<br \/>\nR\u00fastico<\/p>\n<p>Podro\u010dje uporabe<br \/>\nLucidato<br \/>\nPrimerno za suhe notranje prostore.<\/p>\n<p>R\u00fastico<br \/>\nPrimerno za mokre notranje prostore, zunanje povr\u0161ine in bazene.<\/p>\n<p>Norm<br \/>\nNorm Une-Env 12633:2003<br \/>\n&#8211; Quarcity Lucidato: Clase 1<br \/>\n&#8211; Quarcity R\u00fastico: Clase 3<\/p>\n<p>Norm Din 51130<br \/>\n&#8211; Quarcity R\u00fastico: R-12<\/p>\n<p>Norm Din 51097<br \/>\n&#8211; Quarcity R\u00fastico: Grupo C<br \/>\n[vc_row][vc_column][\/vc_column][\/vc_row][vc_row][vc_column width=&#8221;1\/3&#8243;][vc_single_image source=&#8221;external_link&#8221; onclick=&#8221;link_image&#8221; custom_src=&#8221;https:\/\/www.ceramictiles.com\/images\/alcalagres\/alcalagres_quarcity_beige.jpg&#8221; el_class=&#8221;eheight&#8221;][vc_column_text]<strong>Quarcity Beige<\/strong><br \/><a class=\"pdfcatal\" href=\"\/\/www.ceramictiles.com\/pdf\/catalogue_alcalagres.pdf\" onclick=\"recordOutboundLink(this, 'E-mail', 'Description PDF');return false;\"> PDF Zbirni katalog<\/a><\/a><br \/>Za najbolj\u0161o ponudbo nam po\u0161ljite natan\u010dno: barvo, velikost, koli\u010dino in naslov za dostavo.<br \/><a href=\"mailto:keramoteka.salon@gmail.com\" onclick=\"recordOutboundLink(this, 'E-mail', 'Description mail');return false;\">Po\u0161ta za zahtevo<\/a>[\/vc_column_text][vc_separator color=&#8221;black&#8221; border_width=&#8221;2&#8243;]<br \/>\n[\/vc_column][vc_column width=&#8221;1\/3&#8243;][vc_single_image source=&#8221;external_link&#8221; onclick=&#8221;link_image&#8221; custom_src=&#8221;https:\/\/www.ceramictiles.com\/images\/alcalagres\/alcalagres_quarcity_grafito.jpg&#8221; el_class=&#8221;eheight&#8221;][vc_column_text]<strong>Quarcity Grafito<\/strong><br \/><a class=\"pdfcatal\" href=\"\/\/www.ceramictiles.com\/pdf\/catalogue_alcalagres.pdf\" onclick=\"recordOutboundLink(this, 'E-mail', 'Description PDF');return false;\"> PDF Zbirni katalog<\/a><\/a><br \/>Za najbolj\u0161o ponudbo nam po\u0161ljite natan\u010dno: barvo, velikost, koli\u010dino in naslov za dostavo.<br \/><a href=\"mailto:keramoteka.salon@gmail.com\" onclick=\"recordOutboundLink(this, 'E-mail', 'Description mail');return false;\">Po\u0161ta za zahtevo<\/a>[\/vc_column_text][vc_separator color=&#8221;black&#8221; border_width=&#8221;2&#8243;]<br \/>\n[\/vc_column][vc_column width=&#8221;1\/3&#8243;][vc_single_image source=&#8221;external_link&#8221; onclick=&#8221;link_image&#8221; custom_src=&#8221;https:\/\/www.ceramictiles.com\/images\/alcalagres\/alcalagres_quarcity_gris.jpg&#8221; el_class=&#8221;eheight&#8221;][vc_column_text]<strong>Quarcity Gris<\/strong><br \/><a class=\"pdfcatal\" href=\"\/\/www.ceramictiles.com\/pdf\/catalogue_alcalagres.pdf\" onclick=\"recordOutboundLink(this, 'E-mail', 'Description PDF');return false;\"> PDF Zbirni katalog<\/a><\/a><br \/>Za najbolj\u0161o ponudbo nam po\u0161ljite natan\u010dno: barvo, velikost, koli\u010dino in naslov za dostavo.<br \/><a href=\"mailto:keramoteka.salon@gmail.com\" onclick=\"recordOutboundLink(this, 'E-mail', 'Description mail');return false;\">Po\u0161ta za zahtevo<\/a>[\/vc_column_text][vc_separator color=&#8221;black&#8221; border_width=&#8221;2&#8243;]<br \/>\n[\/vc_column][vc_column width=&#8221;1\/3&#8243;][vc_single_image source=&#8221;external_link&#8221; onclick=&#8221;link_image&#8221; custom_src=&#8221;https:\/\/www.ceramictiles.com\/images\/alcalagres\/alcalagres_quarcity_negro.jpg&#8221; el_class=&#8221;eheight&#8221;][vc_column_text]<strong>Quarcity Negro<\/strong><br \/><a class=\"pdfcatal\" href=\"\/\/www.ceramictiles.com\/pdf\/catalogue_alcalagres.pdf\" onclick=\"recordOutboundLink(this, 'E-mail', 'Description PDF');return false;\"> PDF Zbirni katalog<\/a><\/a><br \/>Za najbolj\u0161o ponudbo nam po\u0161ljite natan\u010dno: barvo, velikost, koli\u010dino in naslov za dostavo.<br \/><a href=\"mailto:keramoteka.salon@gmail.com\" onclick=\"recordOutboundLink(this, 'E-mail', 'Description mail');return false;\">Po\u0161ta za zahtevo<\/a>[\/vc_column_text][vc_separator color=&#8221;black&#8221; border_width=&#8221;2&#8243;]<\/p>\n<p>[\/vc_column][\/vc_row]<\/p>\n","protected":false},"excerpt":{"rendered":"<p>Ta plo\u0161\u010dica prihaja iz \u0160panije, ki je znana po kvalitetni keramiki. Debelina plo\u0161\u010dice je zelo pomembna in 9 mm uvr\u0161\u010da to plo\u0161\u010dico med najkvalitetnej\u0161e. Ta plo\u0161\u010dica je na voljo v \u010dudoviti sivi barvi, \u010de \u017eelite kak\u0161no drugo barvo pa nas kontaktirajte in preverili bomo pri proizvajalcu. Plo\u0161\u010dica na sliki je velika 60&#215;60 cm. Alcalagres Quarcity [&hellip;]<\/p>\n","protected":false},"featured_media":103877,"template":"","meta":[],"product_cat":[99952,200,260,999,290,250,240,270],"product_tag":[99921975,99921978],"_links":{"self":[{"href":"https:\/\/www.keramika.com\/slovenija\/wp-json\/wp\/v2\/product\/103876"}],"collection":[{"href":"https:\/\/www.keramika.com\/slovenija\/wp-json\/wp\/v2\/product"}],"about":[{"href":"https:\/\/www.keramika.com\/slovenija\/wp-json\/wp\/v2\/types\/product"}],"wp:featuredmedia":[{"embeddable":true,"href":"https:\/\/www.keramika.com\/slovenija\/wp-json\/wp\/v2\/media\/103877"}],"wp:attachment":[{"href":"https:\/\/www.keramika.com\/slovenija\/wp-json\/wp\/v2\/media?parent=103876"}],"wp:term":[{"taxonomy":"product_cat","embeddable":true,"href":"https:\/\/www.keramika.com\/slovenija\/wp-json\/wp\/v2\/product_cat?post=103876"},{"taxonomy":"product_tag","embeddable":true,"href":"https:\/\/www.keramika.com\/slovenija\/wp-json\/wp\/v2\/product_tag?post=103876"}],"curies":[{"name":"wp","href":"https:\/\/api.w.org\/{rel}","templated":true}]}}