{"id":103870,"date":"2017-03-22T23:53:31","date_gmt":"2017-03-22T23:53:31","guid":{"rendered":"http:\/\/keramika.holest.com\/slovenija\/product\/projektne-ploscice-alcalagres-onix-marron\/"},"modified":"2026-01-03T00:01:05","modified_gmt":"2026-01-03T00:01:05","slug":"projektne-ploscice-alcalagres-onix-marron","status":"publish","type":"product","link":"https:\/\/www.keramika.com\/slovenija\/projektne-ploscice-alcalagres-onix-marron\/","title":{"rendered":"Projektne plo\u0161\u0107ice Alcalagres Onix Marr\u00f3n"},"content":{"rendered":"<p>Debelina plo\u0161\u010dice je zelo pomembna in 9 mm uvr\u0161\u010da to plo\u0161\u010dico med najkvalitetnej\u0161e. Ta kerami\u010dna plo\u0161\u010dica v \u010dudoviti rjavi barvi bo obogatila vsak prostor. To plo\u0161\u010dico je izdelal proizvajalec Alcalagres, ki prihaja iz \u0160panije. 54,69 EUR v klasi\u010dni trgovini, pri nas pa le 43,75 EUR. Z velikostjo 45&#215;90 cm je ta plo\u0161\u010dica primerna ze razli\u010dne povr\u0161ine.<\/p>\n<p>Kliknite na ime kolekcije za ogled vseh plo\u0161\u010dic iz te serije: <a class=\"pdfcatal\" href=\"\/\/www.ceramictiles.com\/pdf\/alcalagres\/catalogue_alcalagres_onix.pdf\" onclick=\"recordOutboundLink(this, 'E-mail', 'Description PDF');return false;\">Alcalagres Onix<\/a><\/p>\n<p>\u010ce \u017eelite naro\u010diti model iz pdf kataloga te kolekcije, nam pi\u0161ite na: <a href=\"mailto:keramoteka.salon@gmail.com\" onclick=\"recordOutboundLink(this, 'E-mail', 'Description mail');return false;\">keramoteka.salon@gmail.com<\/a> ali pa nas pokli\u010dite na: 031 255 900.<\/p>\n<p>Technical description: <br \/>  W &#038; F: 30&#215;30 ; 30&#215;60 ; 45&#215;90 <br \/>Onix Marr\u00f3n R\u00fastico ; Onix Blanco R\u00fastico ; Onix Antracita R\u00fastico ; Onix Negro R\u00fastico ;<\/p>\n","protected":false},"excerpt":{"rendered":"<p>Debelina plo\u0161\u010dice je zelo pomembna in 9 mm uvr\u0161\u010da to plo\u0161\u010dico med najkvalitetnej\u0161e. Ta kerami\u010dna plo\u0161\u010dica v \u010dudoviti rjavi barvi bo obogatila vsak prostor. To plo\u0161\u010dico je izdelal proizvajalec Alcalagres, ki prihaja iz \u0160panije. 54,69 EUR v klasi\u010dni trgovini, pri nas pa le 43,75 EUR. Z velikostjo 45&#215;90 cm je ta plo\u0161\u010dica primerna ze razli\u010dne [&hellip;]<\/p>\n","protected":false},"featured_media":103871,"template":"","meta":[],"product_cat":[99952,200,260,999,290,250,240],"product_tag":[],"_links":{"self":[{"href":"https:\/\/www.keramika.com\/slovenija\/wp-json\/wp\/v2\/product\/103870"}],"collection":[{"href":"https:\/\/www.keramika.com\/slovenija\/wp-json\/wp\/v2\/product"}],"about":[{"href":"https:\/\/www.keramika.com\/slovenija\/wp-json\/wp\/v2\/types\/product"}],"wp:featuredmedia":[{"embeddable":true,"href":"https:\/\/www.keramika.com\/slovenija\/wp-json\/wp\/v2\/media\/103871"}],"wp:attachment":[{"href":"https:\/\/www.keramika.com\/slovenija\/wp-json\/wp\/v2\/media?parent=103870"}],"wp:term":[{"taxonomy":"product_cat","embeddable":true,"href":"https:\/\/www.keramika.com\/slovenija\/wp-json\/wp\/v2\/product_cat?post=103870"},{"taxonomy":"product_tag","embeddable":true,"href":"https:\/\/www.keramika.com\/slovenija\/wp-json\/wp\/v2\/product_tag?post=103870"}],"curies":[{"name":"wp","href":"https:\/\/api.w.org\/{rel}","templated":true}]}}