{"id":103868,"date":"2017-03-22T23:53:27","date_gmt":"2017-03-22T23:53:27","guid":{"rendered":"http:\/\/keramika.holest.com\/slovenija\/product\/projektne-ploscice-alcalagres-oldwood-nogal\/"},"modified":"2026-01-03T00:01:05","modified_gmt":"2026-01-03T00:01:05","slug":"projektne-ploscice-alcalagres-oldwood-nogal","status":"publish","type":"product","link":"https:\/\/www.keramika.com\/slovenija\/projektne-ploscice-alcalagres-oldwood-nogal\/","title":{"rendered":"Projektne plo\u0161\u0107ice Alcalagres Oldwood Nogal"},"content":{"rendered":"<p>Ta plo\u0161\u010dica je na voljo v \u010dudoviti \u010drni barvi, \u010de \u017eelite kak\u0161no drugo barvo pa nas kontaktirajte in preverili bomo pri proizvajalcu. Alcalagres Oldwood Nogal je na voljo po zelo ugodni ceni 40,25 EUR. Plo\u0161\u010dica je debela kar 9 mm, kar jo uvr\u0161\u010da med bolj trde plo\u0161\u010dice. Plo\u0161\u010dica na sliki je velika 22,5&#215;90 cm. To plo\u0161\u010dico je izdelal proizvajalec Alcalagres, ki prihaja iz \u0160panije.<\/p>\n<p>Kliknite na ime kolekcije za ogled vseh plo\u0161\u010dic iz te serije: <a class=\"pdfcatal\" href=\"\/\/www.ceramictiles.com\/pdf\/alcalagres\/catalogue_alcalagres_oldwood.pdf\" onclick=\"recordOutboundLink(this, 'E-mail', 'Description PDF');return false;\">Alcalagres Oldwood<\/a><\/p>\n<p>\u010ce \u017eelite naro\u010diti model iz pdf kataloga te kolekcije, nam pi\u0161ite na: <a href=\"mailto:keramoteka.salon@gmail.com\" onclick=\"recordOutboundLink(this, 'E-mail', 'Description mail');return false;\">keramoteka.salon@gmail.com<\/a> ali pa nas pokli\u010dite na: 031 255 900.<\/p>\n<p>Technical description: <br \/>  W &#038; F: 15&#215;90 ; 22,5&#215;90 <br \/>Oldwood Nogal Natural ; Oldwood Nogal Lucidato ; Oldwood Cedro NaturalOldwood Cedro LucidatoOldwood Teka NaturalOldwood Teka LucidatoOldwood Iroko NaturalOldwood Iroko LucidatoOldwood Pino NaturalOldwood Pino Lucidato<\/p>\n","protected":false},"excerpt":{"rendered":"<p>Ta plo\u0161\u010dica je na voljo v \u010dudoviti \u010drni barvi, \u010de \u017eelite kak\u0161no drugo barvo pa nas kontaktirajte in preverili bomo pri proizvajalcu. Alcalagres Oldwood Nogal je na voljo po zelo ugodni ceni 40,25 EUR. Plo\u0161\u010dica je debela kar 9 mm, kar jo uvr\u0161\u010da med bolj trde plo\u0161\u010dice. Plo\u0161\u010dica na sliki je velika 22,5&#215;90 cm. To [&hellip;]<\/p>\n","protected":false},"featured_media":103869,"template":"","meta":[],"product_cat":[99952,200,260,999,290,250,240],"product_tag":[],"_links":{"self":[{"href":"https:\/\/www.keramika.com\/slovenija\/wp-json\/wp\/v2\/product\/103868"}],"collection":[{"href":"https:\/\/www.keramika.com\/slovenija\/wp-json\/wp\/v2\/product"}],"about":[{"href":"https:\/\/www.keramika.com\/slovenija\/wp-json\/wp\/v2\/types\/product"}],"wp:featuredmedia":[{"embeddable":true,"href":"https:\/\/www.keramika.com\/slovenija\/wp-json\/wp\/v2\/media\/103869"}],"wp:attachment":[{"href":"https:\/\/www.keramika.com\/slovenija\/wp-json\/wp\/v2\/media?parent=103868"}],"wp:term":[{"taxonomy":"product_cat","embeddable":true,"href":"https:\/\/www.keramika.com\/slovenija\/wp-json\/wp\/v2\/product_cat?post=103868"},{"taxonomy":"product_tag","embeddable":true,"href":"https:\/\/www.keramika.com\/slovenija\/wp-json\/wp\/v2\/product_tag?post=103868"}],"curies":[{"name":"wp","href":"https:\/\/api.w.org\/{rel}","templated":true}]}}