{"id":103866,"date":"2017-03-22T23:53:23","date_gmt":"2017-03-22T23:53:23","guid":{"rendered":"http:\/\/keramika.holest.com\/slovenija\/product\/projektne-ploscice-alcalagres-nuvolato-beige\/"},"modified":"2026-01-03T00:01:05","modified_gmt":"2026-01-03T00:01:05","slug":"projektne-ploscice-alcalagres-nuvolato-beige","status":"publish","type":"product","link":"https:\/\/www.keramika.com\/slovenija\/projektne-ploscice-alcalagres-nuvolato-beige\/","title":{"rendered":"Projektne plo\u0161\u0107ice Alcalagres Nuvolato Beige"},"content":{"rendered":"<p>Alcalagres Nuvolato Beige je plo\u0161\u010dica proizvajalca Alcalagres in prihaja iz \u0160panije. Ta plo\u0161\u010dica je debela 9 mm in je zelo trpe\u017ena. Velikost te plo\u0161\u010dice je 45&#215;90 cm in je primerna za razli\u010dne povr\u0161ine. Zaradi ni\u017ejih stro\u0161kov pri spletni prodaji boste na na\u0161i strani za to plo\u0161\u010dico od\u0161teli le 45,75 EUR. Zelo moderna plo\u0161\u010dica v be\u017e barvi popestri prav vsak prostor.<\/p>\n<p>Kliknite na ime kolekcije za ogled vseh plo\u0161\u010dic iz te serije: <a class=\"pdfcatal\" href=\"\/\/www.ceramictiles.com\/pdf\/alcalagres\/catalogue_alcalagres_nuvolato.pdf\" onclick=\"recordOutboundLink(this, 'E-mail', 'Description PDF');return false;\">Alcalagres Nuvolato<\/a><\/p>\n<p>\u010ce \u017eelite naro\u010diti model iz pdf kataloga te kolekcije, nam pi\u0161ite na: <a href=\"mailto:keramoteka.salon@gmail.com\" onclick=\"recordOutboundLink(this, 'E-mail', 'Description mail');return false;\">keramoteka.salon@gmail.com<\/a> ali pa nas pokli\u010dite na: 031 255 900.<\/p>\n<p>Technical description: <br \/>  W &#038; F: 30&#215;60 ; 45&#215;90 <br \/>Nuvolato Nacar Lucidato ; Nuvolato Beige Lucidato ;<\/p>\n","protected":false},"excerpt":{"rendered":"<p>Alcalagres Nuvolato Beige je plo\u0161\u010dica proizvajalca Alcalagres in prihaja iz \u0160panije. Ta plo\u0161\u010dica je debela 9 mm in je zelo trpe\u017ena. Velikost te plo\u0161\u010dice je 45&#215;90 cm in je primerna za razli\u010dne povr\u0161ine. Zaradi ni\u017ejih stro\u0161kov pri spletni prodaji boste na na\u0161i strani za to plo\u0161\u010dico od\u0161teli le 45,75 EUR. Zelo moderna plo\u0161\u010dica v be\u017e [&hellip;]<\/p>\n","protected":false},"featured_media":103867,"template":"","meta":[],"product_cat":[99952,200,260,999,290,250,240],"product_tag":[],"_links":{"self":[{"href":"https:\/\/www.keramika.com\/slovenija\/wp-json\/wp\/v2\/product\/103866"}],"collection":[{"href":"https:\/\/www.keramika.com\/slovenija\/wp-json\/wp\/v2\/product"}],"about":[{"href":"https:\/\/www.keramika.com\/slovenija\/wp-json\/wp\/v2\/types\/product"}],"wp:featuredmedia":[{"embeddable":true,"href":"https:\/\/www.keramika.com\/slovenija\/wp-json\/wp\/v2\/media\/103867"}],"wp:attachment":[{"href":"https:\/\/www.keramika.com\/slovenija\/wp-json\/wp\/v2\/media?parent=103866"}],"wp:term":[{"taxonomy":"product_cat","embeddable":true,"href":"https:\/\/www.keramika.com\/slovenija\/wp-json\/wp\/v2\/product_cat?post=103866"},{"taxonomy":"product_tag","embeddable":true,"href":"https:\/\/www.keramika.com\/slovenija\/wp-json\/wp\/v2\/product_tag?post=103866"}],"curies":[{"name":"wp","href":"https:\/\/api.w.org\/{rel}","templated":true}]}}