{"id":103858,"date":"2017-03-22T23:53:06","date_gmt":"2017-03-22T23:53:06","guid":{"rendered":"http:\/\/keramika.holest.com\/slovenija\/product\/porcelan-ploscice-alcalagres-dolmen-beige\/"},"modified":"2026-01-03T00:01:04","modified_gmt":"2026-01-03T00:01:04","slug":"porcelan-ploscice-alcalagres-dolmen-beige","status":"publish","type":"product","link":"https:\/\/www.keramika.com\/slovenija\/porcelan-ploscice-alcalagres-dolmen-beige\/","title":{"rendered":"Porcelan plo\u0161\u010dice Alcalagres Dolmen Beige"},"content":{"rendered":"<p>Redna cena te plo\u0161\u010dice v maloprodaji zna\u0161a 65,31 EUR, v na\u0161i spletni trgovini pa jo lahko dobite \u017ee za 52,25 EUR. Pri izbiri plo\u0161\u010dice v be\u017e barvi ne morete zgre\u0161iti. Z 45&#215;45 cm je ta plo\u0161\u010dica primerna za razli\u010dne podlage. Ta plo\u0161\u010dica je debela 20 mm in je zelo trpe\u017ena. Alcalagres Dolmen Beige prihaja iz \u0160panije, ki je znana po zelo kvalitetni keramiki v svetovnem merilu.<\/p>\n<p>Kliknite na ime kolekcije za ogled vseh plo\u0161\u010dic iz te serije: <a class=\"pdfcatal\" href=\"\/\/www.ceramictiles.com\/pdf\/alcalagres\/catalogue_alcalagres_dolmen.pdf\" onclick=\"recordOutboundLink(this, 'E-mail', 'Description PDF');return false;\">Alcalagres Dolmen<\/a><\/p>\n<p>\u010ce \u017eelite naro\u010diti model iz pdf kataloga te kolekcije, nam pi\u0161ite na: <a href=\"mailto:keramoteka.salon@gmail.com\" onclick=\"recordOutboundLink(this, 'E-mail', 'Description mail');return false;\">keramoteka.salon@gmail.com<\/a> ali pa nas pokli\u010dite na: 031 255 900.<\/p>\n<p>Technical description: <br \/>  W &#038; F: 30&#215;60 ; 45&#215;45 ; 60&#215;60 <br \/>Dolmen Beige Mate ; Dolmen Beige Lucidato ; Dolmen Beige R\u00fastico ; Dolmen Nacar Mate ; Dolmen Nacar Lucidato ; Dolmen Nacar R\u00fastico ; Dolmen Gris Mate ; Dolmen Gris Lucidato ; Dolmen Gris R\u00fastico ; Dolmen Grafito Mate ; Dolmen Grafito Lucidato ; Dolmen Grafito R\u00fastico ;<\/p>\n","protected":false},"excerpt":{"rendered":"<p>Redna cena te plo\u0161\u010dice v maloprodaji zna\u0161a 65,31 EUR, v na\u0161i spletni trgovini pa jo lahko dobite \u017ee za 52,25 EUR. Pri izbiri plo\u0161\u010dice v be\u017e barvi ne morete zgre\u0161iti. Z 45&#215;45 cm je ta plo\u0161\u010dica primerna za razli\u010dne podlage. Ta plo\u0161\u010dica je debela 20 mm in je zelo trpe\u017ena. Alcalagres Dolmen Beige prihaja iz [&hellip;]<\/p>\n","protected":false},"featured_media":103859,"template":"","meta":[],"product_cat":[99952,200,260,999,290,250,240],"product_tag":[],"_links":{"self":[{"href":"https:\/\/www.keramika.com\/slovenija\/wp-json\/wp\/v2\/product\/103858"}],"collection":[{"href":"https:\/\/www.keramika.com\/slovenija\/wp-json\/wp\/v2\/product"}],"about":[{"href":"https:\/\/www.keramika.com\/slovenija\/wp-json\/wp\/v2\/types\/product"}],"wp:featuredmedia":[{"embeddable":true,"href":"https:\/\/www.keramika.com\/slovenija\/wp-json\/wp\/v2\/media\/103859"}],"wp:attachment":[{"href":"https:\/\/www.keramika.com\/slovenija\/wp-json\/wp\/v2\/media?parent=103858"}],"wp:term":[{"taxonomy":"product_cat","embeddable":true,"href":"https:\/\/www.keramika.com\/slovenija\/wp-json\/wp\/v2\/product_cat?post=103858"},{"taxonomy":"product_tag","embeddable":true,"href":"https:\/\/www.keramika.com\/slovenija\/wp-json\/wp\/v2\/product_tag?post=103858"}],"curies":[{"name":"wp","href":"https:\/\/api.w.org\/{rel}","templated":true}]}}