{"id":103856,"date":"2017-03-22T23:53:02","date_gmt":"2017-03-22T23:53:02","guid":{"rendered":"http:\/\/keramika.holest.com\/slovenija\/product\/porcelan-ploscice-alcalagres-concept-grafito\/"},"modified":"2026-01-03T00:01:03","modified_gmt":"2026-01-03T00:01:03","slug":"porcelan-ploscice-alcalagres-concept-grafito","status":"publish","type":"product","link":"https:\/\/www.keramika.com\/slovenija\/porcelan-ploscice-alcalagres-concept-grafito\/","title":{"rendered":"Porcelan plo\u0161\u010dice Alcalagres Concept Grafito"},"content":{"rendered":"<p>Velikost te plo\u0161\u010dice je 60&#215;60 cm in je primerna za razli\u010dne povr\u0161ine. Debelina kar 9 mm dela to plo\u0161\u010dico zelo trpe\u017eno in presti\u017eno na otip. Redna cena te plo\u0161\u010dice v maloprodaji zna\u0161a 45,94 EUR, v na\u0161i spletni trgovini pa jo lahko dobite \u017ee za 36,75 EUR. Ta plo\u0161\u010dica je na voljo v \u010dudoviti \u010drni barvi, \u010de \u017eelite kak\u0161no drugo barvo pa nas kontaktirajte in preverili bomo pri proizvajalcu. Alcalagres Concept Grafito je pripeljana iz \u0160panije in je zelo kvalitetna.<\/p>\n<p>Kliknite na ime kolekcije za ogled vseh plo\u0161\u010dic iz te serije: <a class=\"pdfcatal\" href=\"\/\/www.ceramictiles.com\/pdf\/alcalagres\/catalogue_alcalagres_concept.pdf\" onclick=\"recordOutboundLink(this, 'E-mail', 'Description PDF');return false;\">Alcalagres Concept<\/a><\/p>\n<p>\u010ce \u017eelite naro\u010diti model iz pdf kataloga te kolekcije, nam pi\u0161ite na: <a href=\"mailto:keramoteka.salon@gmail.com\" onclick=\"recordOutboundLink(this, 'E-mail', 'Description mail');return false;\">keramoteka.salon@gmail.com<\/a> ali pa nas pokli\u010dite na: 031 255 900.<\/p>\n<p>Technical description: <br \/>  W &#038; F: 30&#215;60 ; 40&#215;40 ; 60&#215;60 <br \/>Concept Marr\u00f3n Mate ; Concept Marr\u00f3n Pulido ; Concept Beige Mate ; Concept Beige Pulido ; Concept Beige R\u00fastico ; Concept Blanco Mate ; Concept Blanco Pulido ; Concept Blanco R\u00fastico ; Concept Gris Mate ; Concept Gris Pulido ; Concept Grafito Mate ; Concept Grafito Pulido ; Concept Grafito R\u00fastico ; Concept Negro Mate ; Concept Negro Pulido ; Concept Negro R\u00fastico ;<\/p>\n","protected":false},"excerpt":{"rendered":"<p>Velikost te plo\u0161\u010dice je 60&#215;60 cm in je primerna za razli\u010dne povr\u0161ine. Debelina kar 9 mm dela to plo\u0161\u010dico zelo trpe\u017eno in presti\u017eno na otip. Redna cena te plo\u0161\u010dice v maloprodaji zna\u0161a 45,94 EUR, v na\u0161i spletni trgovini pa jo lahko dobite \u017ee za 36,75 EUR. Ta plo\u0161\u010dica je na voljo v \u010dudoviti \u010drni barvi, [&hellip;]<\/p>\n","protected":false},"featured_media":103857,"template":"","meta":[],"product_cat":[99952,200,260,999,290,250,240],"product_tag":[],"_links":{"self":[{"href":"https:\/\/www.keramika.com\/slovenija\/wp-json\/wp\/v2\/product\/103856"}],"collection":[{"href":"https:\/\/www.keramika.com\/slovenija\/wp-json\/wp\/v2\/product"}],"about":[{"href":"https:\/\/www.keramika.com\/slovenija\/wp-json\/wp\/v2\/types\/product"}],"wp:featuredmedia":[{"embeddable":true,"href":"https:\/\/www.keramika.com\/slovenija\/wp-json\/wp\/v2\/media\/103857"}],"wp:attachment":[{"href":"https:\/\/www.keramika.com\/slovenija\/wp-json\/wp\/v2\/media?parent=103856"}],"wp:term":[{"taxonomy":"product_cat","embeddable":true,"href":"https:\/\/www.keramika.com\/slovenija\/wp-json\/wp\/v2\/product_cat?post=103856"},{"taxonomy":"product_tag","embeddable":true,"href":"https:\/\/www.keramika.com\/slovenija\/wp-json\/wp\/v2\/product_tag?post=103856"}],"curies":[{"name":"wp","href":"https:\/\/api.w.org\/{rel}","templated":true}]}}