{"id":103852,"date":"2017-03-22T23:52:54","date_gmt":"2017-03-22T23:52:54","guid":{"rendered":"http:\/\/keramika.holest.com\/slovenija\/product\/mozaik-ploscice-za-kopalnico-zirconio-facet-silver\/"},"modified":"2026-01-03T00:01:03","modified_gmt":"2026-01-03T00:01:03","slug":"mozaik-ploscice-za-kopalnico-zirconio-facet-silver","status":"publish","type":"product","link":"https:\/\/www.keramika.com\/slovenija\/mozaik-ploscice-za-kopalnico-zirconio-facet-silver\/","title":{"rendered":"Mozaik plo\u0161\u010dice za kopalnico Zirconio Facet Silver"},"content":{"rendered":"<p>To plo\u0161\u010dico je izdelal proizvajalec Zirconio, ki prihaja iz \u0160panije. Zaradi ni\u017ejih stro\u0161kov pri spletni prodaji boste na na\u0161i strani za to plo\u0161\u010dico od\u0161teli le 39,76 EUR. 9 mm je debelina, ki zadovolji tudi zahtevnej\u0161e kupce. Ta model plo\u0161\u010dice se najbolje prodaja v srebrni barvi. \u0160irina in dol\u017eina te plo\u0161\u010dice sta 25&#215;66,6 cm.<\/p>\n<p>Kliknite na ime kolekcije za ogled vseh plo\u0161\u010dic iz te serije: <a class=\"pdfcatal\" href=\"\/\/www.ceramictiles.com\/pdf\/zirconio\/catalogue_zirconio_process.pdf\" onclick=\"recordOutboundLink(this, 'E-mail', 'Description PDF');return false;\">Zirconio Process<\/a><\/p>\n<p>\u010ce \u017eelite naro\u010diti model iz pdf kataloga te kolekcije, nam pi\u0161ite na: <a href=\"mailto:keramoteka.salon@gmail.com\" onclick=\"recordOutboundLink(this, 'E-mail', 'Description mail');return false;\">keramoteka.salon@gmail.com<\/a> ali pa nas pokli\u010dite na: +386 31 255 900.<\/p>\n","protected":false},"excerpt":{"rendered":"<p>To plo\u0161\u010dico je izdelal proizvajalec Zirconio, ki prihaja iz \u0160panije. Zaradi ni\u017ejih stro\u0161kov pri spletni prodaji boste na na\u0161i strani za to plo\u0161\u010dico od\u0161teli le 39,76 EUR. 9 mm je debelina, ki zadovolji tudi zahtevnej\u0161e kupce. Ta model plo\u0161\u010dice se najbolje prodaja v srebrni barvi. \u0160irina in dol\u017eina te plo\u0161\u010dice sta 25&#215;66,6 cm. Kliknite na [&hellip;]<\/p>\n","protected":false},"featured_media":103853,"template":"","meta":[],"product_cat":[200,220,260,999,250,999137],"product_tag":[],"_links":{"self":[{"href":"https:\/\/www.keramika.com\/slovenija\/wp-json\/wp\/v2\/product\/103852"}],"collection":[{"href":"https:\/\/www.keramika.com\/slovenija\/wp-json\/wp\/v2\/product"}],"about":[{"href":"https:\/\/www.keramika.com\/slovenija\/wp-json\/wp\/v2\/types\/product"}],"wp:featuredmedia":[{"embeddable":true,"href":"https:\/\/www.keramika.com\/slovenija\/wp-json\/wp\/v2\/media\/103853"}],"wp:attachment":[{"href":"https:\/\/www.keramika.com\/slovenija\/wp-json\/wp\/v2\/media?parent=103852"}],"wp:term":[{"taxonomy":"product_cat","embeddable":true,"href":"https:\/\/www.keramika.com\/slovenija\/wp-json\/wp\/v2\/product_cat?post=103852"},{"taxonomy":"product_tag","embeddable":true,"href":"https:\/\/www.keramika.com\/slovenija\/wp-json\/wp\/v2\/product_tag?post=103852"}],"curies":[{"name":"wp","href":"https:\/\/api.w.org\/{rel}","templated":true}]}}