{"id":103850,"date":"2017-03-22T23:52:50","date_gmt":"2017-03-22T23:52:50","guid":{"rendered":"http:\/\/keramika.holest.com\/slovenija\/product\/ploscice-imitacija-lesa-zirconio-newport-beige\/"},"modified":"2026-01-03T00:01:02","modified_gmt":"2026-01-03T00:01:02","slug":"ploscice-imitacija-lesa-zirconio-newport-beige","status":"publish","type":"product","link":"https:\/\/www.keramika.com\/slovenija\/ploscice-imitacija-lesa-zirconio-newport-beige\/","title":{"rendered":"Plo\u0161\u010dice imitacija lesa Zirconio Newport Beige"},"content":{"rendered":"<p>Plo\u0161\u010dica na sliki je velika 20&#215;120 cm. Na spletu boste za to plo\u0161\u010dico od\u0161teli le 56,36 EUR, medtem ko v redni prodaji cena zna\u0161a 70,45 EUR. Ta kerami\u010dna plo\u0161\u010dica v \u010dudoviti be\u017e barvi bo obogatila vsak prostor. Ta plo\u0161\u010dica je debela 12 mm in je zelo trpe\u017ena. Prihaja iz \u0160panije, ki po svetu slovi kot ena bolj\u0161ih proizvajalk kerami\u010dnih plo\u0161\u010dic.<\/p>\n<p>Kliknite na ime kolekcije za ogled vseh plo\u0161\u010dic iz te serije: <a class=\"pdfcatal\" href=\"\/\/www.ceramictiles.com\/pdf\/zirconio\/catalogue_zirconio_newport.pdf\">Zirconio Newport<\/a><\/p>\n<p>\u010ce \u017eelite naro\u010diti model iz pdf kataloga te kolekcije, nam pi\u0161ite na: <a href=\"mailto:keramoteka.salon@gmail.com\">keramoteka.salon@gmail.com<\/a> ali pa nas pokli\u010dite na: +386 31 255 900.<\/p>\n","protected":false},"excerpt":{"rendered":"<p>Plo\u0161\u010dica na sliki je velika 20&#215;120 cm. Na spletu boste za to plo\u0161\u010dico od\u0161teli le 56,36 EUR, medtem ko v redni prodaji cena zna\u0161a 70,45 EUR. Ta kerami\u010dna plo\u0161\u010dica v \u010dudoviti be\u017e barvi bo obogatila vsak prostor. Ta plo\u0161\u010dica je debela 12 mm in je zelo trpe\u017ena. Prihaja iz \u0160panije, ki po svetu slovi kot [&hellip;]<\/p>\n","protected":false},"featured_media":103851,"template":"","meta":[],"product_cat":[200,260,999,240,999137,270],"product_tag":[],"_links":{"self":[{"href":"https:\/\/www.keramika.com\/slovenija\/wp-json\/wp\/v2\/product\/103850"}],"collection":[{"href":"https:\/\/www.keramika.com\/slovenija\/wp-json\/wp\/v2\/product"}],"about":[{"href":"https:\/\/www.keramika.com\/slovenija\/wp-json\/wp\/v2\/types\/product"}],"wp:featuredmedia":[{"embeddable":true,"href":"https:\/\/www.keramika.com\/slovenija\/wp-json\/wp\/v2\/media\/103851"}],"wp:attachment":[{"href":"https:\/\/www.keramika.com\/slovenija\/wp-json\/wp\/v2\/media?parent=103850"}],"wp:term":[{"taxonomy":"product_cat","embeddable":true,"href":"https:\/\/www.keramika.com\/slovenija\/wp-json\/wp\/v2\/product_cat?post=103850"},{"taxonomy":"product_tag","embeddable":true,"href":"https:\/\/www.keramika.com\/slovenija\/wp-json\/wp\/v2\/product_tag?post=103850"}],"curies":[{"name":"wp","href":"https:\/\/api.w.org\/{rel}","templated":true}]}}