{"id":103844,"date":"2017-03-22T23:52:40","date_gmt":"2017-03-22T23:52:40","guid":{"rendered":"http:\/\/keramika.holest.com\/slovenija\/product\/ploscice-za-dnevno-sobo-zirconio-park-beige\/"},"modified":"2026-01-03T00:01:01","modified_gmt":"2026-01-03T00:01:01","slug":"ploscice-za-dnevno-sobo-zirconio-park-beige","status":"publish","type":"product","link":"https:\/\/www.keramika.com\/slovenija\/ploscice-za-dnevno-sobo-zirconio-park-beige\/","title":{"rendered":"Plo\u0161\u010dice za dnevno sobo Zirconio Park Beige"},"content":{"rendered":"<p>Debelina plo\u0161\u010dice je zelo pomembna in 11 mm uvr\u0161\u010da to plo\u0161\u010dico med najkvalitetnej\u0161e. Prihaja iz \u0160panije, ki po svetu slovi kot ena bolj\u0161ih proizvajalk kerami\u010dnih plo\u0161\u010dic. Plo\u0161\u010dica na sliki je velika 60&#215;60 cm. Na spletu boste za to plo\u0161\u010dico od\u0161teli le 28 EUR, medtem ko v redni prodaji cena zna\u0161a 35 EUR. Zelo moderna plo\u0161\u010dica v be\u017e barvi popestri prav vsak prostor.<\/p>\n<p>Kliknite na ime kolekcije za ogled vseh plo\u0161\u010dic iz te serije: <a class=\"pdfcatal\" href=\"\/\/www.ceramictiles.com\/pdf\/zirconio\/catalogue_zirconio_park.pdf\" onclick=\"recordOutboundLink(this, 'E-mail', 'Description PDF');return false;\">Zirconio Park<\/a><\/p>\n<p>\u010ce \u017eelite naro\u010diti model iz pdf kataloga te kolekcije, nam pi\u0161ite na: <a href=\"mailto:keramoteka.salon@gmail.com\" onclick=\"recordOutboundLink(this, 'E-mail', 'Description mail');return false;\">keramoteka.salon@gmail.com<\/a> ali pa nas pokli\u010dite na: +386 31 255 900.<\/p>\n","protected":false},"excerpt":{"rendered":"<p>Debelina plo\u0161\u010dice je zelo pomembna in 11 mm uvr\u0161\u010da to plo\u0161\u010dico med najkvalitetnej\u0161e. Prihaja iz \u0160panije, ki po svetu slovi kot ena bolj\u0161ih proizvajalk kerami\u010dnih plo\u0161\u010dic. Plo\u0161\u010dica na sliki je velika 60&#215;60 cm. Na spletu boste za to plo\u0161\u010dico od\u0161teli le 28 EUR, medtem ko v redni prodaji cena zna\u0161a 35 EUR. Zelo moderna plo\u0161\u010dica [&hellip;]<\/p>\n","protected":false},"featured_media":103845,"template":"","meta":[],"product_cat":[200,230,999,250,240,999137],"product_tag":[],"_links":{"self":[{"href":"https:\/\/www.keramika.com\/slovenija\/wp-json\/wp\/v2\/product\/103844"}],"collection":[{"href":"https:\/\/www.keramika.com\/slovenija\/wp-json\/wp\/v2\/product"}],"about":[{"href":"https:\/\/www.keramika.com\/slovenija\/wp-json\/wp\/v2\/types\/product"}],"wp:featuredmedia":[{"embeddable":true,"href":"https:\/\/www.keramika.com\/slovenija\/wp-json\/wp\/v2\/media\/103845"}],"wp:attachment":[{"href":"https:\/\/www.keramika.com\/slovenija\/wp-json\/wp\/v2\/media?parent=103844"}],"wp:term":[{"taxonomy":"product_cat","embeddable":true,"href":"https:\/\/www.keramika.com\/slovenija\/wp-json\/wp\/v2\/product_cat?post=103844"},{"taxonomy":"product_tag","embeddable":true,"href":"https:\/\/www.keramika.com\/slovenija\/wp-json\/wp\/v2\/product_tag?post=103844"}],"curies":[{"name":"wp","href":"https:\/\/api.w.org\/{rel}","templated":true}]}}