{"id":103834,"date":"2017-03-22T23:52:22","date_gmt":"2017-03-22T23:52:22","guid":{"rendered":"http:\/\/keramika.holest.com\/slovenija\/product\/mozaik-ploscice-aparici-vision-ivory\/"},"modified":"2017-03-22T23:52:22","modified_gmt":"2017-03-22T23:52:22","slug":"mozaik-ploscice-aparici-vision-ivory","status":"publish","type":"product","link":"https:\/\/www.keramika.com\/slovenija\/mozaik-ploscice-aparici-vision-ivory\/","title":{"rendered":"Mozaik plo\u0161\u010dice Aparici Vision Ivory"},"content":{"rendered":"<p>Ta plo\u0161\u010dica prihaja iz \u0160panije, ki je znana po kvalitetni keramiki. Keramika v beli barvi popestri vsak prostor. 10 mm je debelina, ki zadovolji tudi zahtevnej\u0161e kupce. Z 20&#215;59,2 cm je ta plo\u0161\u010dica primerna za razli\u010dne podlage.<\/p>\n<p>Kliknite na ime kolekcije za ogled vseh plo\u0161\u010dic iz te serije: <a class=\"pdfcatal\" href=\"\/\/www.ceramictiles.com\/pdf\/aparici\/catalogue_aparici_vision.pdf\" onclick=\"recordOutboundLink(this, 'E-mail', 'Description PDF');return false;\">Aparici Vision<\/a><\/p>\n<p>\u010ce \u017eelite naro\u010diti model iz pdf kataloga te kolekcije, nam pi\u0161ite na: <a href=\"mailto:keramoteka.salon@gmail.com\" onclick=\"recordOutboundLink(this, 'E-mail', 'Description mail');return false;\">keramoteka.salon@gmail.com<\/a> ali pa nas pokli\u010dite na: +386 31 255 900.<\/p>\n<p>Technical description: <br \/> W 20&#215;59,2 <br \/>Vision Ivory ; Vision \u00c1mbar ; Vision Green ;<\/p>\n","protected":false},"excerpt":{"rendered":"<p>Ta plo\u0161\u010dica prihaja iz \u0160panije, ki je znana po kvalitetni keramiki. Keramika v beli barvi popestri vsak prostor. 10 mm je debelina, ki zadovolji tudi zahtevnej\u0161e kupce. Z 20&#215;59,2 cm je ta plo\u0161\u010dica primerna za razli\u010dne podlage. Kliknite na ime kolekcije za ogled vseh plo\u0161\u010dic iz te serije: Aparici Vision \u010ce \u017eelite naro\u010diti model iz [&hellip;]<\/p>\n","protected":false},"featured_media":103835,"template":"","meta":[],"product_cat":[999773,200,220,999,250],"product_tag":[],"_links":{"self":[{"href":"https:\/\/www.keramika.com\/slovenija\/wp-json\/wp\/v2\/product\/103834"}],"collection":[{"href":"https:\/\/www.keramika.com\/slovenija\/wp-json\/wp\/v2\/product"}],"about":[{"href":"https:\/\/www.keramika.com\/slovenija\/wp-json\/wp\/v2\/types\/product"}],"wp:featuredmedia":[{"embeddable":true,"href":"https:\/\/www.keramika.com\/slovenija\/wp-json\/wp\/v2\/media\/103835"}],"wp:attachment":[{"href":"https:\/\/www.keramika.com\/slovenija\/wp-json\/wp\/v2\/media?parent=103834"}],"wp:term":[{"taxonomy":"product_cat","embeddable":true,"href":"https:\/\/www.keramika.com\/slovenija\/wp-json\/wp\/v2\/product_cat?post=103834"},{"taxonomy":"product_tag","embeddable":true,"href":"https:\/\/www.keramika.com\/slovenija\/wp-json\/wp\/v2\/product_tag?post=103834"}],"curies":[{"name":"wp","href":"https:\/\/api.w.org\/{rel}","templated":true}]}}