{"id":103828,"date":"2017-03-22T23:52:13","date_gmt":"2017-03-22T23:52:13","guid":{"rendered":"http:\/\/keramika.holest.com\/slovenija\/product\/ploscice-za-kopalnico-aparici-tolstoi-beige\/"},"modified":"2017-03-22T23:52:13","modified_gmt":"2017-03-22T23:52:13","slug":"ploscice-za-kopalnico-aparici-tolstoi-beige","status":"publish","type":"product","link":"https:\/\/www.keramika.com\/slovenija\/ploscice-za-kopalnico-aparici-tolstoi-beige\/","title":{"rendered":"Plo\u0161\u010dice za kopalnico Aparici Tolstoi Beige"},"content":{"rendered":"<p>Plo\u0161\u010dica na sliki je velika 25,1&#215;75,6 cm. 10 mm debeline je dovolj tudi za zahtevnej\u0161e kupce. Ta plo\u0161\u010dica je na voljo v \u010dudoviti zlati barvi, \u010de \u017eelite kak\u0161no drugo barvo pa nas kontaktirajte in preverili bomo pri proizvajalcu. Aparici Tolstoi Beige je pripeljana iz \u0160panije in je zelo kvalitetna.<\/p>\n<p>Kliknite na ime kolekcije za ogled vseh plo\u0161\u010dic iz te serije: <a class=\"pdfcatal\" href=\"\/\/www.ceramictiles.com\/pdf\/aparici\/catalogue_aparici_tolstoi.pdf\" onclick=\"recordOutboundLink(this, 'E-mail', 'Description PDF');return false;\">Aparici Tolstoi<\/a><\/p>\n<p>\u010ce \u017eelite naro\u010diti model iz pdf kataloga te kolekcije, nam pi\u0161ite na: <a href=\"mailto:keramoteka.salon@gmail.com\" onclick=\"recordOutboundLink(this, 'E-mail', 'Description mail');return false;\">keramoteka.salon@gmail.com<\/a> ali pa nas pokli\u010dite na: +386 31 255 900.<\/p>\n<p>Technical description: <br \/> W 25,1&#215;75,6 <br \/>Tolstoi Bianco ; Tolstoi Ivory ; Tolstoi Silver ; Tolstoi Gold ; Tolstoi Beige ; Tolstoi Marquina Sand ; Tolstoi Marquina Pearl ;<\/p>\n","protected":false},"excerpt":{"rendered":"<p>Plo\u0161\u010dica na sliki je velika 25,1&#215;75,6 cm. 10 mm debeline je dovolj tudi za zahtevnej\u0161e kupce. Ta plo\u0161\u010dica je na voljo v \u010dudoviti zlati barvi, \u010de \u017eelite kak\u0161no drugo barvo pa nas kontaktirajte in preverili bomo pri proizvajalcu. Aparici Tolstoi Beige je pripeljana iz \u0160panije in je zelo kvalitetna. Kliknite na ime kolekcije za ogled [&hellip;]<\/p>\n","protected":false},"featured_media":103829,"template":"","meta":[],"product_cat":[999773,200,220,999,250],"product_tag":[],"_links":{"self":[{"href":"https:\/\/www.keramika.com\/slovenija\/wp-json\/wp\/v2\/product\/103828"}],"collection":[{"href":"https:\/\/www.keramika.com\/slovenija\/wp-json\/wp\/v2\/product"}],"about":[{"href":"https:\/\/www.keramika.com\/slovenija\/wp-json\/wp\/v2\/types\/product"}],"wp:featuredmedia":[{"embeddable":true,"href":"https:\/\/www.keramika.com\/slovenija\/wp-json\/wp\/v2\/media\/103829"}],"wp:attachment":[{"href":"https:\/\/www.keramika.com\/slovenija\/wp-json\/wp\/v2\/media?parent=103828"}],"wp:term":[{"taxonomy":"product_cat","embeddable":true,"href":"https:\/\/www.keramika.com\/slovenija\/wp-json\/wp\/v2\/product_cat?post=103828"},{"taxonomy":"product_tag","embeddable":true,"href":"https:\/\/www.keramika.com\/slovenija\/wp-json\/wp\/v2\/product_tag?post=103828"}],"curies":[{"name":"wp","href":"https:\/\/api.w.org\/{rel}","templated":true}]}}