{"id":103826,"date":"2017-03-22T23:52:09","date_gmt":"2017-03-22T23:52:09","guid":{"rendered":"http:\/\/keramika.holest.com\/slovenija\/product\/ploscice-za-dnevno-sobo-aparici-tailor-burdeos\/"},"modified":"2017-03-22T23:52:09","modified_gmt":"2017-03-22T23:52:09","slug":"ploscice-za-dnevno-sobo-aparici-tailor-burdeos","status":"publish","type":"product","link":"https:\/\/www.keramika.com\/slovenija\/ploscice-za-dnevno-sobo-aparici-tailor-burdeos\/","title":{"rendered":"Plo\u0161\u010dice za dnevno sobo Aparici Tailor Burdeos"},"content":{"rendered":"<p>10 mm debeline je dovolj tudi za zahtevnej\u0161e kupce. Ta plo\u0161\u010dica prihaja iz \u0160panije, ki je znana po kvalitetni keramiki. Ta model plo\u0161\u010dice se najbolje prodaja v rde\u010di barvi. Velikost te plo\u0161\u010dice je 20&#215;59,2 cm in je primerna za razli\u010dne povr\u0161ine.<\/p>\n<p>Kliknite na ime kolekcije za ogled vseh plo\u0161\u010dic iz te serije: <a class=\"pdfcatal\" href=\"\/\/www.ceramictiles.com\/pdf\/aparici\/catalogue_aparici_tailor.pdf\" onclick=\"recordOutboundLink(this, 'E-mail', 'Description PDF');return false;\">Aparici Tailor<\/a><\/p>\n<p>\u010ce \u017eelite naro\u010diti model iz pdf kataloga te kolekcije, nam pi\u0161ite na: <a href=\"mailto:keramoteka.salon@gmail.com\" onclick=\"recordOutboundLink(this, 'E-mail', 'Description mail');return false;\">keramoteka.salon@gmail.com<\/a> ali pa nas pokli\u010dite na: +386 31 255 900.<\/p>\n<p>Technical description: <br \/> W &#038; F 20&#215;59,2 ; 49,1&#215;49,1 <br \/>Tailor Ivory ; Tailor Ivory Trace ; Tailor Ivory Gres ; Tailor Burdeos ; Tailor Burdeos Trace ; Tailor Burdeos Gres ; Tailor Gold ; Tailor Gold Trace ; Tailor Gold Gres ; Tailor Blue ; Tailor Blue Trace ; Tailor Blue<\/p>\n","protected":false},"excerpt":{"rendered":"<p>10 mm debeline je dovolj tudi za zahtevnej\u0161e kupce. Ta plo\u0161\u010dica prihaja iz \u0160panije, ki je znana po kvalitetni keramiki. Ta model plo\u0161\u010dice se najbolje prodaja v rde\u010di barvi. Velikost te plo\u0161\u010dice je 20&#215;59,2 cm in je primerna za razli\u010dne povr\u0161ine. Kliknite na ime kolekcije za ogled vseh plo\u0161\u010dic iz te serije: Aparici Tailor \u010ce [&hellip;]<\/p>\n","protected":false},"featured_media":103827,"template":"","meta":[],"product_cat":[999773,200,999,290,250],"product_tag":[],"_links":{"self":[{"href":"https:\/\/www.keramika.com\/slovenija\/wp-json\/wp\/v2\/product\/103826"}],"collection":[{"href":"https:\/\/www.keramika.com\/slovenija\/wp-json\/wp\/v2\/product"}],"about":[{"href":"https:\/\/www.keramika.com\/slovenija\/wp-json\/wp\/v2\/types\/product"}],"wp:featuredmedia":[{"embeddable":true,"href":"https:\/\/www.keramika.com\/slovenija\/wp-json\/wp\/v2\/media\/103827"}],"wp:attachment":[{"href":"https:\/\/www.keramika.com\/slovenija\/wp-json\/wp\/v2\/media?parent=103826"}],"wp:term":[{"taxonomy":"product_cat","embeddable":true,"href":"https:\/\/www.keramika.com\/slovenija\/wp-json\/wp\/v2\/product_cat?post=103826"},{"taxonomy":"product_tag","embeddable":true,"href":"https:\/\/www.keramika.com\/slovenija\/wp-json\/wp\/v2\/product_tag?post=103826"}],"curies":[{"name":"wp","href":"https:\/\/api.w.org\/{rel}","templated":true}]}}