{"id":103820,"date":"2017-03-22T23:51:58","date_gmt":"2017-03-22T23:51:58","guid":{"rendered":"http:\/\/keramika.holest.com\/slovenija\/product\/talne-in-stenske-ploscice-aparici-steam-ornato\/"},"modified":"2017-03-22T23:51:58","modified_gmt":"2017-03-22T23:51:58","slug":"talne-in-stenske-ploscice-aparici-steam-ornato","status":"publish","type":"product","link":"https:\/\/www.keramika.com\/slovenija\/talne-in-stenske-ploscice-aparici-steam-ornato\/","title":{"rendered":"Talne in stenske plo\u0161\u010dice Aparici Steam Ornato"},"content":{"rendered":"<p>Aparici Steam Ornato je pripeljana iz \u0160panije in je zelo kvalitetna. Plo\u0161\u010dica je debela kar 10 mm, kar jo uvr\u0161\u010da med bolj trde plo\u0161\u010dice. Letos so plo\u0161\u010dice v be\u017e barvi zelo za\u017eeljene. Dimenzije te plo\u0161\u010dice so 20&#215;59,2 cm.<\/p>\n<p>Kliknite na ime kolekcije za ogled vseh plo\u0161\u010dic iz te serije: <a class=\"pdfcatal\" href=\"\/\/www.ceramictiles.com\/pdf\/aparici\/catalogue_aparici_steam.pdf\" onclick=\"recordOutboundLink(this, 'E-mail', 'Description PDF');return false;\">Aparici Steam<\/a><\/p>\n<p>\u010ce \u017eelite naro\u010diti model iz pdf kataloga te kolekcije, nam pi\u0161ite na: <a href=\"mailto:keramoteka.salon@gmail.com\" onclick=\"recordOutboundLink(this, 'E-mail', 'Description mail');return false;\">keramoteka.salon@gmail.com<\/a> ali pa nas pokli\u010dite na: +386 31 255 900.<\/p>\n<p>Technical description: <br \/> W &#038; F 20&#215;59,2 ; 49,1&#215;49,1 <br \/>Steam Ivory ; Steam Ivory Gres ; Steam Beige ; Steam Beige Gres ; Steam Ornato ;<\/p>\n","protected":false},"excerpt":{"rendered":"<p>Aparici Steam Ornato je pripeljana iz \u0160panije in je zelo kvalitetna. Plo\u0161\u010dica je debela kar 10 mm, kar jo uvr\u0161\u010da med bolj trde plo\u0161\u010dice. Letos so plo\u0161\u010dice v be\u017e barvi zelo za\u017eeljene. Dimenzije te plo\u0161\u010dice so 20&#215;59,2 cm. Kliknite na ime kolekcije za ogled vseh plo\u0161\u010dic iz te serije: Aparici Steam \u010ce \u017eelite naro\u010diti model [&hellip;]<\/p>\n","protected":false},"featured_media":103821,"template":"","meta":[],"product_cat":[999773,200,220,999,250,240],"product_tag":[],"_links":{"self":[{"href":"https:\/\/www.keramika.com\/slovenija\/wp-json\/wp\/v2\/product\/103820"}],"collection":[{"href":"https:\/\/www.keramika.com\/slovenija\/wp-json\/wp\/v2\/product"}],"about":[{"href":"https:\/\/www.keramika.com\/slovenija\/wp-json\/wp\/v2\/types\/product"}],"wp:featuredmedia":[{"embeddable":true,"href":"https:\/\/www.keramika.com\/slovenija\/wp-json\/wp\/v2\/media\/103821"}],"wp:attachment":[{"href":"https:\/\/www.keramika.com\/slovenija\/wp-json\/wp\/v2\/media?parent=103820"}],"wp:term":[{"taxonomy":"product_cat","embeddable":true,"href":"https:\/\/www.keramika.com\/slovenija\/wp-json\/wp\/v2\/product_cat?post=103820"},{"taxonomy":"product_tag","embeddable":true,"href":"https:\/\/www.keramika.com\/slovenija\/wp-json\/wp\/v2\/product_tag?post=103820"}],"curies":[{"name":"wp","href":"https:\/\/api.w.org\/{rel}","templated":true}]}}