{"id":103818,"date":"2017-03-22T23:51:55","date_gmt":"2017-03-22T23:51:55","guid":{"rendered":"http:\/\/keramika.holest.com\/slovenija\/product\/stenske-ploscice-aparici-solid-black\/"},"modified":"2017-03-22T23:51:55","modified_gmt":"2017-03-22T23:51:55","slug":"stenske-ploscice-aparici-solid-black","status":"publish","type":"product","link":"https:\/\/www.keramika.com\/slovenija\/stenske-ploscice-aparici-solid-black\/","title":{"rendered":"Stenske plo\u0161\u010dice Aparici Solid Black"},"content":{"rendered":"<p>Z 25,1&#215;75,6 cm je ta plo\u0161\u010dica primerna za razli\u010dne podlage. Keramika v \u010drni barvi popestri vsak prostor. Aparici Solid Black prihaja iz \u0160panije, ki je znana po zelo kvalitetni keramiki v svetovnem merilu. Ta plo\u0161\u010dica je debela 10 mm in je zelo trpe\u017ena.<\/p>\n<p>Kliknite na ime kolekcije za ogled vseh plo\u0161\u010dic iz te serije: <a class=\"pdfcatal\" href=\"\/\/www.ceramictiles.com\/pdf\/aparici\/catalogue_aparici_solid.pdf\" onclick=\"recordOutboundLink(this, 'E-mail', 'Description PDF');return false;\">Aparici Solid<\/a><\/p>\n<p>\u010ce \u017eelite naro\u010diti model iz pdf kataloga te kolekcije, nam pi\u0161ite na: <a href=\"mailto:keramoteka.salon@gmail.com\" onclick=\"recordOutboundLink(this, 'E-mail', 'Description mail');return false;\">keramoteka.salon@gmail.com<\/a> ali pa nas pokli\u010dite na: +386 31 255 900.<\/p>\n<p>Technical description: <br \/> W 25,1&#215;75,6 <br \/>Solid Blanco ;<\/p>\n","protected":false},"excerpt":{"rendered":"<p>Z 25,1&#215;75,6 cm je ta plo\u0161\u010dica primerna za razli\u010dne podlage. Keramika v \u010drni barvi popestri vsak prostor. Aparici Solid Black prihaja iz \u0160panije, ki je znana po zelo kvalitetni keramiki v svetovnem merilu. Ta plo\u0161\u010dica je debela 10 mm in je zelo trpe\u017ena. Kliknite na ime kolekcije za ogled vseh plo\u0161\u010dic iz te serije: Aparici [&hellip;]<\/p>\n","protected":false},"featured_media":103819,"template":"","meta":[],"product_cat":[999773,200,220,999,250],"product_tag":[],"_links":{"self":[{"href":"https:\/\/www.keramika.com\/slovenija\/wp-json\/wp\/v2\/product\/103818"}],"collection":[{"href":"https:\/\/www.keramika.com\/slovenija\/wp-json\/wp\/v2\/product"}],"about":[{"href":"https:\/\/www.keramika.com\/slovenija\/wp-json\/wp\/v2\/types\/product"}],"wp:featuredmedia":[{"embeddable":true,"href":"https:\/\/www.keramika.com\/slovenija\/wp-json\/wp\/v2\/media\/103819"}],"wp:attachment":[{"href":"https:\/\/www.keramika.com\/slovenija\/wp-json\/wp\/v2\/media?parent=103818"}],"wp:term":[{"taxonomy":"product_cat","embeddable":true,"href":"https:\/\/www.keramika.com\/slovenija\/wp-json\/wp\/v2\/product_cat?post=103818"},{"taxonomy":"product_tag","embeddable":true,"href":"https:\/\/www.keramika.com\/slovenija\/wp-json\/wp\/v2\/product_tag?post=103818"}],"curies":[{"name":"wp","href":"https:\/\/api.w.org\/{rel}","templated":true}]}}