{"id":103800,"date":"2017-03-22T23:48:48","date_gmt":"2017-03-22T23:48:48","guid":{"rendered":"http:\/\/keramika.holest.com\/slovenija\/product\/ploscice-za-kopalnico-aparici-nordic-lime\/"},"modified":"2017-03-22T23:48:48","modified_gmt":"2017-03-22T23:48:48","slug":"ploscice-za-kopalnico-aparici-nordic-lime","status":"publish","type":"product","link":"https:\/\/www.keramika.com\/slovenija\/ploscice-za-kopalnico-aparici-nordic-lime\/","title":{"rendered":"Plo\u0161\u010dice za kopalnico Aparici Nordic Lime"},"content":{"rendered":"<p>Zelo moderna plo\u0161\u010dica v rumeni barvi popestri prav vsak prostor. Ta plo\u0161\u010dica je debela 7 mm in je zelo trpe\u017ena. To plo\u0161\u010dico je izdelal proizvajalec Aparici, ki prihaja iz \u0160panije. Plo\u0161\u010dica na sliki je velika 29,75&#215;89,46 cm.<\/p>\n<p>Kliknite na ime kolekcije za ogled vseh plo\u0161\u010dic iz te serije: <a class=\"pdfcatal\" href=\"\/\/www.ceramictiles.com\/pdf\/aparici\/catalogue_aparici_nordic.pdf\" onclick=\"recordOutboundLink(this, 'E-mail', 'Description PDF');return false;\">Aparici Nordic<\/a><\/p>\n<p>\u010ce \u017eelite naro\u010diti model iz pdf kataloga te kolekcije, nam pi\u0161ite na: <a href=\"mailto:keramoteka.salon@gmail.com\" onclick=\"recordOutboundLink(this, 'E-mail', 'Description mail');return false;\">keramoteka.salon@gmail.com<\/a> ali pa nas pokli\u010dite na: +386 31 255 900.<\/p>\n<p>Technical description: <br \/> W 29,75&#215;89,46 <br \/>Nordic Blanco ; Nordic Negro ; Nordic Negro Capture ; Nordic Red ; Nordic Red Capture ; Nordic Purple ; Nordic Purple Capture ; Nordic Blue ; Nordic Blue Capture ; Nordic Lime ; Nordic Lime Capture ; Nordic Ivory ; Nordic Gold C<\/p>\n","protected":false},"excerpt":{"rendered":"<p>Zelo moderna plo\u0161\u010dica v rumeni barvi popestri prav vsak prostor. Ta plo\u0161\u010dica je debela 7 mm in je zelo trpe\u017ena. To plo\u0161\u010dico je izdelal proizvajalec Aparici, ki prihaja iz \u0160panije. Plo\u0161\u010dica na sliki je velika 29,75&#215;89,46 cm. Kliknite na ime kolekcije za ogled vseh plo\u0161\u010dic iz te serije: Aparici Nordic \u010ce \u017eelite naro\u010diti model iz [&hellip;]<\/p>\n","protected":false},"featured_media":103801,"template":"","meta":[],"product_cat":[999773,200,220,999,250,240],"product_tag":[],"_links":{"self":[{"href":"https:\/\/www.keramika.com\/slovenija\/wp-json\/wp\/v2\/product\/103800"}],"collection":[{"href":"https:\/\/www.keramika.com\/slovenija\/wp-json\/wp\/v2\/product"}],"about":[{"href":"https:\/\/www.keramika.com\/slovenija\/wp-json\/wp\/v2\/types\/product"}],"wp:featuredmedia":[{"embeddable":true,"href":"https:\/\/www.keramika.com\/slovenija\/wp-json\/wp\/v2\/media\/103801"}],"wp:attachment":[{"href":"https:\/\/www.keramika.com\/slovenija\/wp-json\/wp\/v2\/media?parent=103800"}],"wp:term":[{"taxonomy":"product_cat","embeddable":true,"href":"https:\/\/www.keramika.com\/slovenija\/wp-json\/wp\/v2\/product_cat?post=103800"},{"taxonomy":"product_tag","embeddable":true,"href":"https:\/\/www.keramika.com\/slovenija\/wp-json\/wp\/v2\/product_tag?post=103800"}],"curies":[{"name":"wp","href":"https:\/\/api.w.org\/{rel}","templated":true}]}}