{"id":103794,"date":"2017-03-22T23:48:36","date_gmt":"2017-03-22T23:48:36","guid":{"rendered":"http:\/\/keramika.holest.com\/slovenija\/product\/ploscice-za-kopalnico-aparici-mito-grey\/"},"modified":"2017-03-22T23:48:36","modified_gmt":"2017-03-22T23:48:36","slug":"ploscice-za-kopalnico-aparici-mito-grey","status":"publish","type":"product","link":"https:\/\/www.keramika.com\/slovenija\/ploscice-za-kopalnico-aparici-mito-grey\/","title":{"rendered":"Plo\u0161\u010dice za kopalnico Aparici Mito Grey"},"content":{"rendered":"<p>Aparici Mito Grey je pripeljana iz \u0160panije in je zelo kvalitetna. \u0160irina in dol\u017eina te plo\u0161\u010dice sta 25,1&#215;75,6 cm. 10 mm debeline je dovolj tudi za zahtevnej\u0161e kupce. Keramika v sivi barvi popestri vsak prostor.<\/p>\n<p>Kliknite na ime kolekcije za ogled vseh plo\u0161\u010dic iz te serije: <a class=\"pdfcatal\" href=\"\/\/www.ceramictiles.com\/pdf\/aparici\/catalogue_aparici_mito.pdf\" onclick=\"recordOutboundLink(this, 'E-mail', 'Description PDF');return false;\">Aparici Mito<\/a><\/p>\n<p>\u010ce \u017eelite naro\u010diti model iz pdf kataloga te kolekcije, nam pi\u0161ite na: <a href=\"mailto:keramoteka.salon@gmail.com\" onclick=\"recordOutboundLink(this, 'E-mail', 'Description mail');return false;\">keramoteka.salon@gmail.com<\/a> ali pa nas pokli\u010dite na: +386 31 255 900.<\/p>\n<p>Technical description: <br \/> W &#038; F 25,1&#215;75,6 ; 49,1&#215;49,1 <br \/>Mito Grey ; Mito Grey Gres ;<\/p>\n","protected":false},"excerpt":{"rendered":"<p>Aparici Mito Grey je pripeljana iz \u0160panije in je zelo kvalitetna. \u0160irina in dol\u017eina te plo\u0161\u010dice sta 25,1&#215;75,6 cm. 10 mm debeline je dovolj tudi za zahtevnej\u0161e kupce. Keramika v sivi barvi popestri vsak prostor. Kliknite na ime kolekcije za ogled vseh plo\u0161\u010dic iz te serije: Aparici Mito \u010ce \u017eelite naro\u010diti model iz pdf kataloga [&hellip;]<\/p>\n","protected":false},"featured_media":103795,"template":"","meta":[],"product_cat":[999773,200,220,999,250,240],"product_tag":[],"_links":{"self":[{"href":"https:\/\/www.keramika.com\/slovenija\/wp-json\/wp\/v2\/product\/103794"}],"collection":[{"href":"https:\/\/www.keramika.com\/slovenija\/wp-json\/wp\/v2\/product"}],"about":[{"href":"https:\/\/www.keramika.com\/slovenija\/wp-json\/wp\/v2\/types\/product"}],"wp:featuredmedia":[{"embeddable":true,"href":"https:\/\/www.keramika.com\/slovenija\/wp-json\/wp\/v2\/media\/103795"}],"wp:attachment":[{"href":"https:\/\/www.keramika.com\/slovenija\/wp-json\/wp\/v2\/media?parent=103794"}],"wp:term":[{"taxonomy":"product_cat","embeddable":true,"href":"https:\/\/www.keramika.com\/slovenija\/wp-json\/wp\/v2\/product_cat?post=103794"},{"taxonomy":"product_tag","embeddable":true,"href":"https:\/\/www.keramika.com\/slovenija\/wp-json\/wp\/v2\/product_tag?post=103794"}],"curies":[{"name":"wp","href":"https:\/\/api.w.org\/{rel}","templated":true}]}}