{"id":103788,"date":"2017-03-22T23:48:26","date_gmt":"2017-03-22T23:48:26","guid":{"rendered":"http:\/\/keramika.holest.com\/slovenija\/product\/3d-ploscice-aparici-lyric-black-blume\/"},"modified":"2017-03-31T09:56:45","modified_gmt":"2017-03-31T09:56:45","slug":"3d-ploscice-aparici-lyric-black-blume","status":"publish","type":"product","link":"https:\/\/www.keramika.com\/slovenija\/3d-ploscice-aparici-lyric-black-blume\/","title":{"rendered":"3D plo\u0161\u010dice Aparici Lyric Black Blume"},"content":{"rendered":"<p>Ta model plo\u0161\u010dice se najbolje prodaja v \u010drni barvi. Aparici Lyric Black Blume prihaja iz \u0160panije, ki je znana po zelo kvalitetni keramiki v svetovnem merilu. Velikost te plo\u0161\u010dice je 31,6&#215;95,3 cm. Debelina plo\u0161\u010dice je zelo pomembna in 11 mm uvr\u0161\u010da to plo\u0161\u010dico med najkvalitetnej\u0161e.<\/p>\n<p>Kliknite na ime kolekcije za ogled vseh plo\u0161\u010dic iz te serije: <a class=\"pdfcatal\" href=\"\/\/www.ceramictiles.com\/pdf\/aparici\/catalogue_aparici_lyric.pdf\" onclick=\"recordOutboundLink(this, 'E-mail', 'Description PDF');return false;\">Aparici Lyric<\/a><\/p>\n<p>\u010ce \u017eelite naro\u010diti model iz pdf kataloga te kolekcije, nam pi\u0161ite na: <a href=\"mailto:keramoteka.salon@gmail.com\" onclick=\"recordOutboundLink(this, 'E-mail', 'Description mail');return false;\">keramoteka.salon@gmail.com<\/a> ali pa nas pokli\u010dite na: +386 31 255 900.<\/p>\n<p>Technical description: <br \/> W 29,75&#215;89,46 <br \/>Lyric White Blume ; Lyric Black Blume ; Lyric Gold Blume ; Lyric Silver Blume ;<\/p>\n","protected":false},"excerpt":{"rendered":"<p>Ta model plo\u0161\u010dice se najbolje prodaja v \u010drni barvi. Aparici Lyric Black Blume prihaja iz \u0160panije, ki je znana po zelo kvalitetni keramiki v svetovnem merilu. Velikost te plo\u0161\u010dice je 31,6&#215;95,3 cm. Debelina plo\u0161\u010dice je zelo pomembna in 11 mm uvr\u0161\u010da to plo\u0161\u010dico med najkvalitetnej\u0161e. Kliknite na ime kolekcije za ogled vseh plo\u0161\u010dic iz te [&hellip;]<\/p>\n","protected":false},"featured_media":103789,"template":"","meta":[],"product_cat":[999773,200,999,290,250],"product_tag":[99921971],"_links":{"self":[{"href":"https:\/\/www.keramika.com\/slovenija\/wp-json\/wp\/v2\/product\/103788"}],"collection":[{"href":"https:\/\/www.keramika.com\/slovenija\/wp-json\/wp\/v2\/product"}],"about":[{"href":"https:\/\/www.keramika.com\/slovenija\/wp-json\/wp\/v2\/types\/product"}],"wp:featuredmedia":[{"embeddable":true,"href":"https:\/\/www.keramika.com\/slovenija\/wp-json\/wp\/v2\/media\/103789"}],"wp:attachment":[{"href":"https:\/\/www.keramika.com\/slovenija\/wp-json\/wp\/v2\/media?parent=103788"}],"wp:term":[{"taxonomy":"product_cat","embeddable":true,"href":"https:\/\/www.keramika.com\/slovenija\/wp-json\/wp\/v2\/product_cat?post=103788"},{"taxonomy":"product_tag","embeddable":true,"href":"https:\/\/www.keramika.com\/slovenija\/wp-json\/wp\/v2\/product_tag?post=103788"}],"curies":[{"name":"wp","href":"https:\/\/api.w.org\/{rel}","templated":true}]}}