{"id":103784,"date":"2017-03-22T23:48:19","date_gmt":"2017-03-22T23:48:19","guid":{"rendered":"http:\/\/keramika.holest.com\/slovenija\/product\/stenske-ploscice-aparici-liberty-antracita\/"},"modified":"2017-03-22T23:48:19","modified_gmt":"2017-03-22T23:48:19","slug":"stenske-ploscice-aparici-liberty-antracita","status":"publish","type":"product","link":"https:\/\/www.keramika.com\/slovenija\/stenske-ploscice-aparici-liberty-antracita\/","title":{"rendered":"Stenske plo\u0161\u010dice Aparici Liberty Antracita"},"content":{"rendered":"<p>Ta model plo\u0161\u010dice se najbolje prodaja v \u010drni barvi. Velikost te plo\u0161\u010dice je 20&#215;40 cm in je primerna za razli\u010dne povr\u0161ine. Plo\u0161\u010dica je debela kar 8 mm, kar jo uvr\u0161\u010da med bolj trde plo\u0161\u010dice. Aparici Liberty Antracita je plo\u0161\u010dica proizvajalca Aparici in prihaja iz \u0160panije.<\/p>\n<p>Kliknite na ime kolekcije za ogled vseh plo\u0161\u010dic iz te serije: <a class=\"pdfcatal\" href=\"\/\/www.ceramictiles.com\/pdf\/aparici\/catalogue_aparici_liberty.pdf\" onclick=\"recordOutboundLink(this, 'E-mail', 'Description PDF');return false;\">Aparici Liberty<\/a><\/p>\n<p>\u010ce \u017eelite naro\u010diti model iz pdf kataloga te kolekcije, nam pi\u0161ite na: <a href=\"mailto:keramoteka.salon@gmail.com\" onclick=\"recordOutboundLink(this, 'E-mail', 'Description mail');return false;\">keramoteka.salon@gmail.com<\/a> ali pa nas pokli\u010dite na: +386 31 255 900.<\/p>\n<p>Technical description: <br \/> W 20&#215;40 <br \/>Liberty Crema ; Liberty Beige ; Liberty Moka ; Liberty Antracita ;<\/p>\n","protected":false},"excerpt":{"rendered":"<p>Ta model plo\u0161\u010dice se najbolje prodaja v \u010drni barvi. Velikost te plo\u0161\u010dice je 20&#215;40 cm in je primerna za razli\u010dne povr\u0161ine. Plo\u0161\u010dica je debela kar 8 mm, kar jo uvr\u0161\u010da med bolj trde plo\u0161\u010dice. Aparici Liberty Antracita je plo\u0161\u010dica proizvajalca Aparici in prihaja iz \u0160panije. Kliknite na ime kolekcije za ogled vseh plo\u0161\u010dic iz te [&hellip;]<\/p>\n","protected":false},"featured_media":103785,"template":"","meta":[],"product_cat":[999773,200,230,999,250],"product_tag":[],"_links":{"self":[{"href":"https:\/\/www.keramika.com\/slovenija\/wp-json\/wp\/v2\/product\/103784"}],"collection":[{"href":"https:\/\/www.keramika.com\/slovenija\/wp-json\/wp\/v2\/product"}],"about":[{"href":"https:\/\/www.keramika.com\/slovenija\/wp-json\/wp\/v2\/types\/product"}],"wp:featuredmedia":[{"embeddable":true,"href":"https:\/\/www.keramika.com\/slovenija\/wp-json\/wp\/v2\/media\/103785"}],"wp:attachment":[{"href":"https:\/\/www.keramika.com\/slovenija\/wp-json\/wp\/v2\/media?parent=103784"}],"wp:term":[{"taxonomy":"product_cat","embeddable":true,"href":"https:\/\/www.keramika.com\/slovenija\/wp-json\/wp\/v2\/product_cat?post=103784"},{"taxonomy":"product_tag","embeddable":true,"href":"https:\/\/www.keramika.com\/slovenija\/wp-json\/wp\/v2\/product_tag?post=103784"}],"curies":[{"name":"wp","href":"https:\/\/api.w.org\/{rel}","templated":true}]}}