{"id":103780,"date":"2017-03-22T23:48:11","date_gmt":"2017-03-22T23:48:11","guid":{"rendered":"http:\/\/keramika.holest.com\/slovenija\/product\/stenske-ploscice-aparici-legacy-ivory\/"},"modified":"2017-03-22T23:48:11","modified_gmt":"2017-03-22T23:48:11","slug":"stenske-ploscice-aparici-legacy-ivory","status":"publish","type":"product","link":"https:\/\/www.keramika.com\/slovenija\/stenske-ploscice-aparici-legacy-ivory\/","title":{"rendered":"Stenske plo\u0161\u010dice Aparici Legacy Ivory"},"content":{"rendered":"<p>Velikost te plo\u0161\u010dice je 29,75&#215;89,46 cm. Aparici Legacy Ivory je pripeljana iz \u0160panije in je zelo kvalitetna. Plo\u0161\u010dica je debela kar 7 mm, kar jo uvr\u0161\u010da med bolj trde plo\u0161\u010dice. Keramika v be\u017e barvi popestri vsak prostor.<\/p>\n<p>Kliknite na ime kolekcije za ogled vseh plo\u0161\u010dic iz te serije: <a class=\"pdfcatal\" href=\"\/\/www.ceramictiles.com\/pdf\/aparici\/catalogue_aparici_legacy.pdf\" onclick=\"recordOutboundLink(this, 'E-mail', 'Description PDF');return false;\">Aparici Legacy<\/a><\/p>\n<p>\u010ce \u017eelite naro\u010diti model iz pdf kataloga te kolekcije, nam pi\u0161ite na: <a href=\"mailto:keramoteka.salon@gmail.com\" onclick=\"recordOutboundLink(this, 'E-mail', 'Description mail');return false;\">keramoteka.salon@gmail.com<\/a> ali pa nas pokli\u010dite na: +386 31 255 900.<\/p>\n<p>Technical description: <br \/> W &#038; F 29,75&#215;89,46 ; 44,63&#215;44,63 <br \/>Legacy Ivory ; Legacy Noce ; Legacy Noce Natural ;<\/p>\n","protected":false},"excerpt":{"rendered":"<p>Velikost te plo\u0161\u010dice je 29,75&#215;89,46 cm. Aparici Legacy Ivory je pripeljana iz \u0160panije in je zelo kvalitetna. Plo\u0161\u010dica je debela kar 7 mm, kar jo uvr\u0161\u010da med bolj trde plo\u0161\u010dice. Keramika v be\u017e barvi popestri vsak prostor. Kliknite na ime kolekcije za ogled vseh plo\u0161\u010dic iz te serije: Aparici Legacy \u010ce \u017eelite naro\u010diti model iz [&hellip;]<\/p>\n","protected":false},"featured_media":103781,"template":"","meta":[],"product_cat":[999773,200,220,999,250],"product_tag":[],"_links":{"self":[{"href":"https:\/\/www.keramika.com\/slovenija\/wp-json\/wp\/v2\/product\/103780"}],"collection":[{"href":"https:\/\/www.keramika.com\/slovenija\/wp-json\/wp\/v2\/product"}],"about":[{"href":"https:\/\/www.keramika.com\/slovenija\/wp-json\/wp\/v2\/types\/product"}],"wp:featuredmedia":[{"embeddable":true,"href":"https:\/\/www.keramika.com\/slovenija\/wp-json\/wp\/v2\/media\/103781"}],"wp:attachment":[{"href":"https:\/\/www.keramika.com\/slovenija\/wp-json\/wp\/v2\/media?parent=103780"}],"wp:term":[{"taxonomy":"product_cat","embeddable":true,"href":"https:\/\/www.keramika.com\/slovenija\/wp-json\/wp\/v2\/product_cat?post=103780"},{"taxonomy":"product_tag","embeddable":true,"href":"https:\/\/www.keramika.com\/slovenija\/wp-json\/wp\/v2\/product_tag?post=103780"}],"curies":[{"name":"wp","href":"https:\/\/api.w.org\/{rel}","templated":true}]}}