{"id":103778,"date":"2017-03-22T23:48:08","date_gmt":"2017-03-22T23:48:08","guid":{"rendered":"http:\/\/keramika.holest.com\/slovenija\/product\/ploscice-aparici-kids-zoo-decor\/"},"modified":"2017-03-22T23:48:08","modified_gmt":"2017-03-22T23:48:08","slug":"ploscice-aparici-kids-zoo-decor","status":"publish","type":"product","link":"https:\/\/www.keramika.com\/slovenija\/ploscice-aparici-kids-zoo-decor\/","title":{"rendered":"Plo\u0161\u010dice Aparici Kids Zoo Decor"},"content":{"rendered":"<p>Keramika v beli barvi popestri vsak prostor. Velikost te plo\u0161\u010dice je 20&#215;20 cm. To plo\u0161\u010dico je izdelal proizvajalec Aparici, ki prihaja iz \u0160panije. 8 mm debeline je dovolj tudi za zahtevnej\u0161e kupce.<\/p>\n<p>Kliknite na ime kolekcije za ogled vseh plo\u0161\u010dic iz te serije: <a class=\"pdfcatal\" href=\"\/\/www.ceramictiles.com\/pdf\/aparici\/catalogue_aparici_kids.pdf\" onclick=\"recordOutboundLink(this, 'E-mail', 'Description PDF');return false;\">Aparici Kids<\/a><\/p>\n<p>\u010ce \u017eelite naro\u010diti model iz pdf kataloga te kolekcije, nam pi\u0161ite na: <a href=\"mailto:keramoteka.salon@gmail.com\" onclick=\"recordOutboundLink(this, 'E-mail', 'Description mail');return false;\">keramoteka.salon@gmail.com<\/a> ali pa nas pokli\u010dite na: +386 31 255 900.<\/p>\n<p>Technical description: <br \/> W 20&#215;20 <br \/>Kids Zoo Decor ; Kids Letters Decor ; Kids Numbers Decor ;<\/p>\n","protected":false},"excerpt":{"rendered":"<p>Keramika v beli barvi popestri vsak prostor. Velikost te plo\u0161\u010dice je 20&#215;20 cm. To plo\u0161\u010dico je izdelal proizvajalec Aparici, ki prihaja iz \u0160panije. 8 mm debeline je dovolj tudi za zahtevnej\u0161e kupce. Kliknite na ime kolekcije za ogled vseh plo\u0161\u010dic iz te serije: Aparici Kids \u010ce \u017eelite naro\u010diti model iz pdf kataloga te kolekcije, nam [&hellip;]<\/p>\n","protected":false},"featured_media":103779,"template":"","meta":[],"product_cat":[999773,200,999,290,250],"product_tag":[],"_links":{"self":[{"href":"https:\/\/www.keramika.com\/slovenija\/wp-json\/wp\/v2\/product\/103778"}],"collection":[{"href":"https:\/\/www.keramika.com\/slovenija\/wp-json\/wp\/v2\/product"}],"about":[{"href":"https:\/\/www.keramika.com\/slovenija\/wp-json\/wp\/v2\/types\/product"}],"wp:featuredmedia":[{"embeddable":true,"href":"https:\/\/www.keramika.com\/slovenija\/wp-json\/wp\/v2\/media\/103779"}],"wp:attachment":[{"href":"https:\/\/www.keramika.com\/slovenija\/wp-json\/wp\/v2\/media?parent=103778"}],"wp:term":[{"taxonomy":"product_cat","embeddable":true,"href":"https:\/\/www.keramika.com\/slovenija\/wp-json\/wp\/v2\/product_cat?post=103778"},{"taxonomy":"product_tag","embeddable":true,"href":"https:\/\/www.keramika.com\/slovenija\/wp-json\/wp\/v2\/product_tag?post=103778"}],"curies":[{"name":"wp","href":"https:\/\/api.w.org\/{rel}","templated":true}]}}