{"id":103770,"date":"2017-03-22T23:48:00","date_gmt":"2017-03-22T23:48:00","guid":{"rendered":"http:\/\/keramika.holest.com\/slovenija\/product\/ploscice-za-kopalnico-aparici-kera-sand\/"},"modified":"2017-03-22T23:48:00","modified_gmt":"2017-03-22T23:48:00","slug":"ploscice-za-kopalnico-aparici-kera-sand","status":"publish","type":"product","link":"https:\/\/www.keramika.com\/slovenija\/ploscice-za-kopalnico-aparici-kera-sand\/","title":{"rendered":"Plo\u0161\u010dice za kopalnico Aparici Kera Sand"},"content":{"rendered":"<p>9 mm je debelina, ki zadovolji tudi zahtevnej\u0161e kupce. \u0160irina in dol\u017eina te plo\u0161\u010dice sta 25,1&#215;75,6 cm. Zelo moderna plo\u0161\u010dica v rjavi barvi popestri prav vsak prostor. Ta plo\u0161\u010dica prihaja iz \u0160panije, ki je znana po kvalitetni keramiki.<\/p>\n<p>Kliknite na ime kolekcije za ogled vseh plo\u0161\u010dic iz te serije: <a class=\"pdfcatal\" href=\"\/\/www.ceramictiles.com\/pdf\/aparici\/catalogue_aparici_kera.pdf\" onclick=\"recordOutboundLink(this, 'E-mail', 'Description PDF');return false;\">Aparici Kera<\/a><\/p>\n<p>\u010ce \u017eelite naro\u010diti model iz pdf kataloga te kolekcije, nam pi\u0161ite na: <a href=\"mailto:keramoteka.salon@gmail.com\" onclick=\"recordOutboundLink(this, 'E-mail', 'Description mail');return false;\">keramoteka.salon@gmail.com<\/a> ali pa nas pokli\u010dite na: +386 31 255 900.<\/p>\n<p>Technical description: <br \/> W &#038; F 25,1&#215;75,6 ; 59,2&#215;59,2 <br \/>Kera Sand ; Kera White Sand ; Kera Sand Natural ; Kera Rosso Natural ;<\/p>\n","protected":false},"excerpt":{"rendered":"<p>9 mm je debelina, ki zadovolji tudi zahtevnej\u0161e kupce. \u0160irina in dol\u017eina te plo\u0161\u010dice sta 25,1&#215;75,6 cm. Zelo moderna plo\u0161\u010dica v rjavi barvi popestri prav vsak prostor. Ta plo\u0161\u010dica prihaja iz \u0160panije, ki je znana po kvalitetni keramiki. Kliknite na ime kolekcije za ogled vseh plo\u0161\u010dic iz te serije: Aparici Kera \u010ce \u017eelite naro\u010diti model [&hellip;]<\/p>\n","protected":false},"featured_media":103771,"template":"","meta":[],"product_cat":[999773,200,220,999,250,240],"product_tag":[],"_links":{"self":[{"href":"https:\/\/www.keramika.com\/slovenija\/wp-json\/wp\/v2\/product\/103770"}],"collection":[{"href":"https:\/\/www.keramika.com\/slovenija\/wp-json\/wp\/v2\/product"}],"about":[{"href":"https:\/\/www.keramika.com\/slovenija\/wp-json\/wp\/v2\/types\/product"}],"wp:featuredmedia":[{"embeddable":true,"href":"https:\/\/www.keramika.com\/slovenija\/wp-json\/wp\/v2\/media\/103771"}],"wp:attachment":[{"href":"https:\/\/www.keramika.com\/slovenija\/wp-json\/wp\/v2\/media?parent=103770"}],"wp:term":[{"taxonomy":"product_cat","embeddable":true,"href":"https:\/\/www.keramika.com\/slovenija\/wp-json\/wp\/v2\/product_cat?post=103770"},{"taxonomy":"product_tag","embeddable":true,"href":"https:\/\/www.keramika.com\/slovenija\/wp-json\/wp\/v2\/product_tag?post=103770"}],"curies":[{"name":"wp","href":"https:\/\/api.w.org\/{rel}","templated":true}]}}