{"id":103759,"date":"2017-03-22T23:47:44","date_gmt":"2017-03-22T23:47:44","guid":{"rendered":"http:\/\/keramika.holest.com\/slovenija\/product\/kuhinjske-ploscice-aparici-irta-brown\/"},"modified":"2017-03-22T23:47:44","modified_gmt":"2017-03-22T23:47:44","slug":"kuhinjske-ploscice-aparici-irta-brown","status":"publish","type":"product","link":"https:\/\/www.keramika.com\/slovenija\/kuhinjske-ploscice-aparici-irta-brown\/","title":{"rendered":"Kuhinjske plo\u0161\u010dice Aparici Irta Brown"},"content":{"rendered":"<p>Pri izbiri plo\u0161\u010dice v rjavi barvi ne morete zgre\u0161iti. Z 49,1&#215;49,1 cm je ta plo\u0161\u010dica primerna za razli\u010dne podlage. Aparici Irta Brown je pripeljana iz \u0160panije in je zelo kvalitetna. Debelina plo\u0161\u010dice je zelo pomembna in 10 mm uvr\u0161\u010da to plo\u0161\u010dico med najkvalitetnej\u0161e.<\/p>\n<p>Kliknite na ime kolekcije za ogled vseh plo\u0161\u010dic iz te serije: <a class=\"pdfcatal\" href=\"\/\/www.ceramictiles.com\/pdf\/aparici\/catalogue_aparici_irta.pdf\" onclick=\"recordOutboundLink(this, 'E-mail', 'Description PDF');return false;\">Aparici Irta<\/a><\/p>\n<p>\u010ce \u017eelite naro\u010diti model iz pdf kataloga te kolekcije, nam pi\u0161ite na: <a href=\"mailto:keramoteka.salon@gmail.com\" onclick=\"recordOutboundLink(this, 'E-mail', 'Description mail');return false;\">keramoteka.salon@gmail.com<\/a> ali pa nas pokli\u010dite na: +386 31 255 900.<\/p>\n<p>Technical description: <br \/> F 49,1&#215;49,1 <br \/>Irta Marfil ; Irta Brown ;<\/p>\n","protected":false},"excerpt":{"rendered":"<p>Pri izbiri plo\u0161\u010dice v rjavi barvi ne morete zgre\u0161iti. Z 49,1&#215;49,1 cm je ta plo\u0161\u010dica primerna za razli\u010dne podlage. Aparici Irta Brown je pripeljana iz \u0160panije in je zelo kvalitetna. Debelina plo\u0161\u010dice je zelo pomembna in 10 mm uvr\u0161\u010da to plo\u0161\u010dico med najkvalitetnej\u0161e. Kliknite na ime kolekcije za ogled vseh plo\u0161\u010dic iz te serije: Aparici [&hellip;]<\/p>\n","protected":false},"featured_media":103760,"template":"","meta":[],"product_cat":[999773,200,230,999,240],"product_tag":[],"_links":{"self":[{"href":"https:\/\/www.keramika.com\/slovenija\/wp-json\/wp\/v2\/product\/103759"}],"collection":[{"href":"https:\/\/www.keramika.com\/slovenija\/wp-json\/wp\/v2\/product"}],"about":[{"href":"https:\/\/www.keramika.com\/slovenija\/wp-json\/wp\/v2\/types\/product"}],"wp:featuredmedia":[{"embeddable":true,"href":"https:\/\/www.keramika.com\/slovenija\/wp-json\/wp\/v2\/media\/103760"}],"wp:attachment":[{"href":"https:\/\/www.keramika.com\/slovenija\/wp-json\/wp\/v2\/media?parent=103759"}],"wp:term":[{"taxonomy":"product_cat","embeddable":true,"href":"https:\/\/www.keramika.com\/slovenija\/wp-json\/wp\/v2\/product_cat?post=103759"},{"taxonomy":"product_tag","embeddable":true,"href":"https:\/\/www.keramika.com\/slovenija\/wp-json\/wp\/v2\/product_tag?post=103759"}],"curies":[{"name":"wp","href":"https:\/\/api.w.org\/{rel}","templated":true}]}}