{"id":103750,"date":"2017-03-22T23:47:32","date_gmt":"2017-03-22T23:47:32","guid":{"rendered":"http:\/\/keramika.holest.com\/slovenija\/product\/ploscice-za-dnevno-sobo-aparici-instant-beige\/"},"modified":"2017-03-22T23:47:32","modified_gmt":"2017-03-22T23:47:32","slug":"ploscice-za-dnevno-sobo-aparici-instant-beige","status":"publish","type":"product","link":"https:\/\/www.keramika.com\/slovenija\/ploscice-za-dnevno-sobo-aparici-instant-beige\/","title":{"rendered":"Plo\u0161\u010dice za dnevno sobo Aparici Instant Beige"},"content":{"rendered":"<p>Keramika v be\u017e barvi popestri vsak prostor. Z 49,1&#215;49,1 cm je ta plo\u0161\u010dica primerna za razli\u010dne podlage. Plo\u0161\u010dica je debela kar 10 mm, kar jo uvr\u0161\u010da med bolj trde plo\u0161\u010dice. Prihaja iz \u0160panije, ki po svetu slovi kot ena bolj\u0161ih proizvajalk kerami\u010dnih plo\u0161\u010dic.<\/p>\n<p>Kliknite na ime kolekcije za ogled vseh plo\u0161\u010dic iz te serije: <a class=\"pdfcatal\" href=\"\/\/www.ceramictiles.com\/pdf\/aparici\/catalogue_aparici_instant.pdf\" onclick=\"recordOutboundLink(this, 'E-mail', 'Description PDF');return false;\">Aparici Instant<\/a><\/p>\n<p>\u010ce \u017eelite naro\u010diti model iz pdf kataloga te kolekcije, nam pi\u0161ite na: <a href=\"mailto:keramoteka.salon@gmail.com\" onclick=\"recordOutboundLink(this, 'E-mail', 'Description mail');return false;\">keramoteka.salon@gmail.com<\/a> ali pa nas pokli\u010dite na: +386 31 255 900.<\/p>\n<p>Technical description: <br \/> W &#038; F 25,1&#215;75,6 ; 49,1&#215;49,1 <br \/>Instant Beige Focus ; Instant Beige Gres ; Instant Nacar Focus ; Instant Azul Focus ; Instant Azul Gres ;<\/p>\n","protected":false},"excerpt":{"rendered":"<p>Keramika v be\u017e barvi popestri vsak prostor. Z 49,1&#215;49,1 cm je ta plo\u0161\u010dica primerna za razli\u010dne podlage. Plo\u0161\u010dica je debela kar 10 mm, kar jo uvr\u0161\u010da med bolj trde plo\u0161\u010dice. Prihaja iz \u0160panije, ki po svetu slovi kot ena bolj\u0161ih proizvajalk kerami\u010dnih plo\u0161\u010dic. Kliknite na ime kolekcije za ogled vseh plo\u0161\u010dic iz te serije: Aparici [&hellip;]<\/p>\n","protected":false},"featured_media":103751,"template":"","meta":[],"product_cat":[999773,200,230,999,240],"product_tag":[],"_links":{"self":[{"href":"https:\/\/www.keramika.com\/slovenija\/wp-json\/wp\/v2\/product\/103750"}],"collection":[{"href":"https:\/\/www.keramika.com\/slovenija\/wp-json\/wp\/v2\/product"}],"about":[{"href":"https:\/\/www.keramika.com\/slovenija\/wp-json\/wp\/v2\/types\/product"}],"wp:featuredmedia":[{"embeddable":true,"href":"https:\/\/www.keramika.com\/slovenija\/wp-json\/wp\/v2\/media\/103751"}],"wp:attachment":[{"href":"https:\/\/www.keramika.com\/slovenija\/wp-json\/wp\/v2\/media?parent=103750"}],"wp:term":[{"taxonomy":"product_cat","embeddable":true,"href":"https:\/\/www.keramika.com\/slovenija\/wp-json\/wp\/v2\/product_cat?post=103750"},{"taxonomy":"product_tag","embeddable":true,"href":"https:\/\/www.keramika.com\/slovenija\/wp-json\/wp\/v2\/product_tag?post=103750"}],"curies":[{"name":"wp","href":"https:\/\/api.w.org\/{rel}","templated":true}]}}