{"id":103726,"date":"2017-08-26T23:47:01","date_gmt":"2017-08-26T23:47:01","guid":{"rendered":"http:\/\/keramika.holest.com\/slovenija\/product\/3d-ploscice-aparici-equinox-gold\/"},"modified":"2017-08-27T14:47:01","modified_gmt":"2017-08-27T14:47:01","slug":"3d-ploscice-aparici-equinox-gold","status":"publish","type":"product","link":"https:\/\/www.keramika.com\/slovenija\/3d-ploscice-aparici-equinox-gold\/","title":{"rendered":"3D plo\u0161\u010dice Aparici Equinox Gold"},"content":{"rendered":"<p>Debelina plo\u0161\u010dice je zelo pomembna in 9 mm uvr\u0161\u010da to plo\u0161\u010dico med najkvalitetnej\u0161e. \u0160irina in dol\u017eina te plo\u0161\u010dice sta 20&#215;59,2 cm. Pri izbiri plo\u0161\u010dice v zlati barvi ne morete zgre\u0161iti. Ta plo\u0161\u010dica prihaja iz \u0160panije, ki je znana po kvalitetni keramiki.<\/p>\n<p>Kliknite na ime kolekcije za ogled vseh plo\u0161\u010dic iz te serije: <a class=\"pdfcatal\" href=\"\/\/www.ceramictiles.com\/pdf\/aparici\/catalogue_aparici_equinox.pdf\" onclick=\"recordOutboundLink(this, 'E-mail', 'Description PDF');return false;\">Aparici Equinox<\/a><\/p>\n<p>\u010ce \u017eelite naro\u010diti model iz pdf kataloga te kolekcije, nam pi\u0161ite na: <a href=\"mailto:keramoteka.salon@gmail.com\" onclick=\"recordOutboundLink(this, 'E-mail', 'Description mail');return false;\">keramoteka.salon@gmail.com<\/a> ali pa nas pokli\u010dite na: +386 31 255 900.<\/p>\n<p>Technical description: <br \/> W 20&#215;59,2 <br \/>Equinox Ivory ; Equinox Ivory Siren ;<br \/>\nPodatki<br \/>\nOblika in debelina: 20&#215;59,2&#215;0,95 cm<br \/>\n0,592 m\u00b2 \/ \u0161katla<br \/>\n9 kosov \/ \u0161katla<br \/>\n19.612 kg \/ \u0161katla<\/p>\n","protected":false},"excerpt":{"rendered":"<p>Stenske dekorativne kerami\u010dne plo\u0161\u010dice<\/p>\n","protected":false},"featured_media":103727,"template":"","meta":[],"product_cat":[999773,200,220,999,250],"product_tag":[99921971,99921974],"_links":{"self":[{"href":"https:\/\/www.keramika.com\/slovenija\/wp-json\/wp\/v2\/product\/103726"}],"collection":[{"href":"https:\/\/www.keramika.com\/slovenija\/wp-json\/wp\/v2\/product"}],"about":[{"href":"https:\/\/www.keramika.com\/slovenija\/wp-json\/wp\/v2\/types\/product"}],"wp:featuredmedia":[{"embeddable":true,"href":"https:\/\/www.keramika.com\/slovenija\/wp-json\/wp\/v2\/media\/103727"}],"wp:attachment":[{"href":"https:\/\/www.keramika.com\/slovenija\/wp-json\/wp\/v2\/media?parent=103726"}],"wp:term":[{"taxonomy":"product_cat","embeddable":true,"href":"https:\/\/www.keramika.com\/slovenija\/wp-json\/wp\/v2\/product_cat?post=103726"},{"taxonomy":"product_tag","embeddable":true,"href":"https:\/\/www.keramika.com\/slovenija\/wp-json\/wp\/v2\/product_tag?post=103726"}],"curies":[{"name":"wp","href":"https:\/\/api.w.org\/{rel}","templated":true}]}}