{"id":103710,"date":"2017-03-22T23:46:37","date_gmt":"2017-03-22T23:46:37","guid":{"rendered":"http:\/\/keramika.holest.com\/slovenija\/product\/ploscice-aparici-consul-rosso-gres\/"},"modified":"2017-03-22T23:46:37","modified_gmt":"2017-03-22T23:46:37","slug":"ploscice-aparici-consul-rosso-gres","status":"publish","type":"product","link":"https:\/\/www.keramika.com\/slovenija\/ploscice-aparici-consul-rosso-gres\/","title":{"rendered":"Plo\u0161\u010dice Aparici Consul Rosso Gres"},"content":{"rendered":"<p>Z velikostjo 49,1&#215;49,1 cm je ta plo\u0161\u010dica primerna ze razli\u010dne povr\u0161ine. Ta plo\u0161\u010dica je na voljo v \u010dudoviti roza barvi, \u010de \u017eelite kak\u0161no drugo barvo pa nas kontaktirajte in preverili bomo pri proizvajalcu. 10 mm debeline je dovolj tudi za zahtevnej\u0161e kupce. Aparici Consul Rosso Gres je plo\u0161\u010dica proizvajalca Aparici in prihaja iz \u0160panije.<\/p>\n<p>Kliknite na ime kolekcije za ogled vseh plo\u0161\u010dic iz te serije: <a class=\"pdfcatal\" href=\"\/\/www.ceramictiles.com\/pdf\/aparici\/catalogue_aparici_consul_gres.pdf\" onclick=\"recordOutboundLink(this, 'E-mail', 'Description PDF');return false;\">Aparici Consul Gres<\/a><\/p>\n<p>\u010ce \u017eelite naro\u010diti model iz pdf kataloga te kolekcije, nam pi\u0161ite na: <a href=\"mailto:keramoteka.salon@gmail.com\" onclick=\"recordOutboundLink(this, 'E-mail', 'Description mail');return false;\">keramoteka.salon@gmail.com<\/a> ali pa nas pokli\u010dite na: +386 31 255 900.<\/p>\n<p>Technical description: <br \/> W &#038; F 31,6&#215;75,6 ; 49,1&#215;49,1 <br \/>Consul Ivory ; Consul Grey ; Consul Grey Ornato ; Consul Grey Gres ; Consul Beige ; Consul Beige Gres ; Consul Marino Gres ; Consul Rosso ; Consul Rosso Ornato ; Consul Rosso Gres ; Consul Gres Rossone ; Consul Gre<\/p>\n","protected":false},"excerpt":{"rendered":"<p>Z velikostjo 49,1&#215;49,1 cm je ta plo\u0161\u010dica primerna ze razli\u010dne povr\u0161ine. Ta plo\u0161\u010dica je na voljo v \u010dudoviti roza barvi, \u010de \u017eelite kak\u0161no drugo barvo pa nas kontaktirajte in preverili bomo pri proizvajalcu. 10 mm debeline je dovolj tudi za zahtevnej\u0161e kupce. Aparici Consul Rosso Gres je plo\u0161\u010dica proizvajalca Aparici in prihaja iz \u0160panije. Kliknite [&hellip;]<\/p>\n","protected":false},"featured_media":103711,"template":"","meta":[],"product_cat":[999773,200,999,290,240],"product_tag":[],"_links":{"self":[{"href":"https:\/\/www.keramika.com\/slovenija\/wp-json\/wp\/v2\/product\/103710"}],"collection":[{"href":"https:\/\/www.keramika.com\/slovenija\/wp-json\/wp\/v2\/product"}],"about":[{"href":"https:\/\/www.keramika.com\/slovenija\/wp-json\/wp\/v2\/types\/product"}],"wp:featuredmedia":[{"embeddable":true,"href":"https:\/\/www.keramika.com\/slovenija\/wp-json\/wp\/v2\/media\/103711"}],"wp:attachment":[{"href":"https:\/\/www.keramika.com\/slovenija\/wp-json\/wp\/v2\/media?parent=103710"}],"wp:term":[{"taxonomy":"product_cat","embeddable":true,"href":"https:\/\/www.keramika.com\/slovenija\/wp-json\/wp\/v2\/product_cat?post=103710"},{"taxonomy":"product_tag","embeddable":true,"href":"https:\/\/www.keramika.com\/slovenija\/wp-json\/wp\/v2\/product_tag?post=103710"}],"curies":[{"name":"wp","href":"https:\/\/api.w.org\/{rel}","templated":true}]}}