{"id":103701,"date":"2017-05-22T23:46:24","date_gmt":"2017-05-22T23:46:24","guid":{"rendered":"http:\/\/keramika.holest.com\/slovenija\/product\/ploscice-imitacija-lesa-aparici-branch-oak\/"},"modified":"2017-06-03T09:23:07","modified_gmt":"2017-06-03T09:23:07","slug":"ploscice-imitacija-lesa-aparici-branch-oak","status":"publish","type":"product","link":"https:\/\/www.keramika.com\/slovenija\/ploscice-imitacija-lesa-aparici-branch-oak\/","title":{"rendered":"Plo\u0161\u010dice imitacija lesa Aparici Branch Oak"},"content":{"rendered":"<p>Z velikostjo 25,1&#215;75,6 cm je ta plo\u0161\u010dica primerna ze razli\u010dne povr\u0161ine. Keramika v be\u017e barvi popestri vsak prostor. Aparici Branch Oak je pripeljana iz \u0160panije in je zelo kvalitetna. Ta plo\u0161\u010dica je debela 9 mm in je zelo trpe\u017ena.<\/p>\n<p>Kliknite na ime kolekcije za ogled vseh plo\u0161\u010dic iz te serije: <a class=\"pdfcatal\" href=\"\/\/www.ceramictiles.com\/pdf\/aparici\/catalogue_aparici_branch.pdf\" onclick=\"recordOutboundLink(this, 'E-mail', 'Description PDF');return false;\">Aparici Branch<\/a><\/p>\n<p>\u010ce \u017eelite naro\u010diti model iz pdf kataloga te kolekcije, nam pi\u0161ite na: <a href=\"mailto:keramoteka.salon@gmail.com\" onclick=\"recordOutboundLink(this, 'E-mail', 'Description mail');return false;\">keramoteka.salon@gmail.com<\/a> ali pa nas pokli\u010dite na: +386 31 255 900.<\/p>\n<p>Technical description: <br \/> W &#8211; 25,1X75,6 ; F &#8211; 29,75X29,75 ; 15,70X59,20 ; 24,9X100 <br \/>Branch Melawi ; Branch Oak ; Branch Oak Natural ; Branch Maple Natural ; Branch Teka Natural ; Branch Walnut Natural ; Branch Oak Reale ;<\/p>\n","protected":false},"excerpt":{"rendered":"<p>Z velikostjo 25,1&#215;75,6 cm je ta plo\u0161\u010dica primerna ze razli\u010dne povr\u0161ine. Keramika v be\u017e barvi popestri vsak prostor. Aparici Branch Oak je pripeljana iz \u0160panije in je zelo kvalitetna. Ta plo\u0161\u010dica je debela 9 mm in je zelo trpe\u017ena. Kliknite na ime kolekcije za ogled vseh plo\u0161\u010dic iz te serije: Aparici Branch \u010ce \u017eelite naro\u010diti [&hellip;]<\/p>\n","protected":false},"featured_media":110825,"template":"","meta":[],"product_cat":[999773,200,220,260,999,250,240,270],"product_tag":[99921976],"_links":{"self":[{"href":"https:\/\/www.keramika.com\/slovenija\/wp-json\/wp\/v2\/product\/103701"}],"collection":[{"href":"https:\/\/www.keramika.com\/slovenija\/wp-json\/wp\/v2\/product"}],"about":[{"href":"https:\/\/www.keramika.com\/slovenija\/wp-json\/wp\/v2\/types\/product"}],"wp:featuredmedia":[{"embeddable":true,"href":"https:\/\/www.keramika.com\/slovenija\/wp-json\/wp\/v2\/media\/110825"}],"wp:attachment":[{"href":"https:\/\/www.keramika.com\/slovenija\/wp-json\/wp\/v2\/media?parent=103701"}],"wp:term":[{"taxonomy":"product_cat","embeddable":true,"href":"https:\/\/www.keramika.com\/slovenija\/wp-json\/wp\/v2\/product_cat?post=103701"},{"taxonomy":"product_tag","embeddable":true,"href":"https:\/\/www.keramika.com\/slovenija\/wp-json\/wp\/v2\/product_tag?post=103701"}],"curies":[{"name":"wp","href":"https:\/\/api.w.org\/{rel}","templated":true}]}}