{"id":103688,"date":"2017-03-22T23:46:06","date_gmt":"2017-03-22T23:46:06","guid":{"rendered":"http:\/\/keramika.holest.com\/slovenija\/product\/ploscice-imitacija-lesa-aparici-alexander-oak\/"},"modified":"2017-03-22T23:46:06","modified_gmt":"2017-03-22T23:46:06","slug":"ploscice-imitacija-lesa-aparici-alexander-oak","status":"publish","type":"product","link":"https:\/\/www.keramika.com\/slovenija\/ploscice-imitacija-lesa-aparici-alexander-oak\/","title":{"rendered":"Plo\u0161\u010dice imitacija lesa Aparici Alexander Oak"},"content":{"rendered":"<p>Velikost te plo\u0161\u010dice je 49,1&#215;49,1 cm in je primerna za razli\u010dne povr\u0161ine. Ta plo\u0161\u010dica je debela 10 mm in je zelo trpe\u017ena. Keramika v rjavi barvi popestri vsak prostor. Aparici Alexander Oak prihaja iz \u0160panije, ki je znana po zelo kvalitetni keramiki v svetovnem merilu.<\/p>\n<p>Kliknite na ime kolekcije za ogled vseh plo\u0161\u010dic iz te serije: <a class=\"pdfcatal\" href=\"\/\/www.ceramictiles.com\/pdf\/aparici\/catalogue_aparici_alexander.pdf\" onclick=\"recordOutboundLink(this, 'E-mail', 'Description PDF');return false;\">Aparici Alexander<\/a><\/p>\n<p>\u010ce \u017eelite naro\u010diti model iz pdf kataloga te kolekcije, nam pi\u0161ite na: <a href=\"mailto:keramoteka.salon@gmail.com\" onclick=\"recordOutboundLink(this, 'E-mail', 'Description mail');return false;\">keramoteka.salon@gmail.com<\/a> ali pa nas pokli\u010dite na: +386 31 255 900.<\/p>\n<p>Technical description: <br \/>  W &#038; F 20&#215;59,2 ; 49,1&#215;49,1 <br \/>Alexander Maple ; Alexander Oak ; Alexander Walnut ; Alexander Maple Gres ; Alexander Oak Gres ; Alexander Walnut Gres ;<\/p>\n","protected":false},"excerpt":{"rendered":"<p>Velikost te plo\u0161\u010dice je 49,1&#215;49,1 cm in je primerna za razli\u010dne povr\u0161ine. Ta plo\u0161\u010dica je debela 10 mm in je zelo trpe\u017ena. Keramika v rjavi barvi popestri vsak prostor. Aparici Alexander Oak prihaja iz \u0160panije, ki je znana po zelo kvalitetni keramiki v svetovnem merilu. Kliknite na ime kolekcije za ogled vseh plo\u0161\u010dic iz te [&hellip;]<\/p>\n","protected":false},"featured_media":103689,"template":"","meta":[],"product_cat":[999773,200,220,999,250],"product_tag":[],"_links":{"self":[{"href":"https:\/\/www.keramika.com\/slovenija\/wp-json\/wp\/v2\/product\/103688"}],"collection":[{"href":"https:\/\/www.keramika.com\/slovenija\/wp-json\/wp\/v2\/product"}],"about":[{"href":"https:\/\/www.keramika.com\/slovenija\/wp-json\/wp\/v2\/types\/product"}],"wp:featuredmedia":[{"embeddable":true,"href":"https:\/\/www.keramika.com\/slovenija\/wp-json\/wp\/v2\/media\/103689"}],"wp:attachment":[{"href":"https:\/\/www.keramika.com\/slovenija\/wp-json\/wp\/v2\/media?parent=103688"}],"wp:term":[{"taxonomy":"product_cat","embeddable":true,"href":"https:\/\/www.keramika.com\/slovenija\/wp-json\/wp\/v2\/product_cat?post=103688"},{"taxonomy":"product_tag","embeddable":true,"href":"https:\/\/www.keramika.com\/slovenija\/wp-json\/wp\/v2\/product_tag?post=103688"}],"curies":[{"name":"wp","href":"https:\/\/api.w.org\/{rel}","templated":true}]}}