{"id":103676,"date":"2017-03-22T23:45:50","date_gmt":"2017-03-22T23:45:50","guid":{"rendered":"http:\/\/keramika.holest.com\/slovenija\/product\/talne-porcelan-ploscice-pavigres-shamrock-preto\/"},"modified":"2026-01-03T00:01:01","modified_gmt":"2026-01-03T00:01:01","slug":"talne-porcelan-ploscice-pavigres-shamrock-preto","status":"publish","type":"product","link":"https:\/\/www.keramika.com\/slovenija\/talne-porcelan-ploscice-pavigres-shamrock-preto\/","title":{"rendered":"Talne porcelan plo\u0161\u010dice Pavigres Shamrock Preto"},"content":{"rendered":"<p>Pavigres Shamrock Preto je plo\u0161\u010dica proizvajalca Pavigres in prihaja iz Portugalske. Debelina plo\u0161\u010dice je zelo pomembna in 9 mm uvr\u0161\u010da to plo\u0161\u010dico med najkvalitetnej\u0161e. Namesto 28,05 EUR kot bi za to plo\u0161\u010dico od\u0161teli v klasi\u010dni trgovini, boste v na\u0161i spletni prodajalni od\u0161teli le 22,44 EUR. Pri izbiri plo\u0161\u010dice v \u010drni barvi ne morete zgre\u0161iti. Velikost te plo\u0161\u010dice je 30&#215;60 cm.<\/p>\n<p>Kliknite na ime kolekcije za ogled vseh plo\u0161\u010dic iz te serije: <a class=\"pdfcatal\" href=\"\/\/www.ceramictiles.com\/pdf\/pavigres\/catalogue_pavigres_shamrock.pdf\" onclick=\"recordOutboundLink(this, 'E-mail', 'Description PDF');return false;\">Pavigres Shamrock<\/a><\/p>\n<p>\u010ce \u017eelite naro\u010diti model iz pdf kataloga te kolekcije, nam pi\u0161ite na: <a href=\"mailto:keramoteka.salon@gmail.com\" onclick=\"recordOutboundLink(this, 'E-mail', 'Description mail');return false;\">keramoteka.salon@gmail.com<\/a> ali pa nas pokli\u010dite na: 031 255 900.<\/p>\n<p>Technical description: <\/p>\n<p>Shamrock Bege Dr7900 1A Cortado &#8211; Un &#8211; 30x60x9.2 mm ; Shamrock Bege Ext. Dr7910 1A Cort. C\/ Corindon &#8211; Un &#8211; 30x60x9.2 mm ; Shamrock Bege Ext. Gr7210 1A C\/ Corindon &#8211; 30x60x9.2 mm ; Shamrock Bege Ext. P30310 1A &#8211; C\/ Corindon (Past. 2.3x30x9.2 mm) ; Shamrock Bege Fgl5900 1A &#8211; 29.7&#215;48.2&#215;9.2 mm ; Shamrock Bege Gr16700 1A &#8211; 60x60x10.5 mm ; Shamrock Bege Gr7200 1A &#8211; 30x60x9.2 mm ; Shamrock Bege Grl16700 1A &#8211; 60x60x10.5 mm ; Shamrock Bege Grl7200 1A &#8211; 30x60x9.2 mm ; Shamrock Bege P50300 (3D) 1A (Pastilha 5&#215;5)x9.2 mm ; Shamrock Castanho Dr7902 1A Cortado &#8211; Un &#8211; 30x60x9.2 mm ; Shamrock Castanho Ext. Dr7912 1A C\/ Corindon &#8211; Un &#8211; 30x60x9.2 mm ; Shamrock Castanho Ext. Gr7212 1A C\/ Corindon &#8211; 30x60x9.2 mm ; Shamrock Castanho Ext. P30312 1A &#8211; C\/ Corindon (Past. 2.3x30x9.2 mm) ; Shamrock Castanho Gr16702 1A &#8211; 60x60x10.5 mm ; Shamrock Castanho Gr7202 1A &#8211; 30x60x9.2 mm ; Shamrock Castanho Grl16702 1A &#8211; 60x60x10.5 mm ; Shamrock Castanho Grl7202 1A &#8211; 30x60x9.2 mm ; Shamrock Castanho P50302 (3D) 1A (Pastilha 5&#215;5)x9.2 mm ; Shamrock Cinza Dr7901 1A Cortado &#8211; Un &#8211; 30x60x9.2 mm ; Shamrock Cinza Ext. Dr7911 1A Cort. C\/ Corindon &#8211; Un &#8211; 30x60x9.2 mm ; Shamrock Cinza Ext. Gr7211 1A C\/ Corindon &#8211; 30x60x9.2 mm ; Shamrock Cinza Ext. P30311 1A &#8211; C\/ Corindon (Past. 2.3x30x9.2 mm) ; Shamrock Cinza Fgl5901 1A &#8211; 29.7&#215;48.2&#215;9.2 mm ; Shamrock Cinza Gr16701 1A &#8211; 60x60x10.5 mm ; Shamrock Cinza Gr7201 1A &#8211; 30x60x9.2 mm ; Shamrock Cinza Grl16701 1A &#8211; 60x60x10.5 mm ; Shamrock Cinza Grl7201 1A &#8211; 30x60x9.2 mm ; Shamrock Cinza P50301 (3D) 1A (Pastilha 5&#215;5)x9.2 mm ; Shamrock Preto Dr7903 1A Cortado &#8211; Un &#8211; 30x60x9.2 mm ; Shamrock Preto Ext. Dr7913 1A Cort. C\/ Corindon &#8211; Un &#8211; 30x60x9.2 mm ; Shamrock Preto Ext. Gr7213 1A C\/ Corindon &#8211; 30x60x9.2 mm ; Shamrock Preto Ext. P30313 1A &#8211; C\/ Corindon (Past. 2.3x30x9.2 mm) ; Shamrock Preto Fgl5903 1A &#8211; 29.7&#215;48.2&#215;9.2 mm ; Shamrock Preto Gr16703 1A &#8211; 60x60x10.5 mm ; Shamrock Preto Gr7203 1A &#8211; 30x60x9.2 mm ; Shamrock Preto Grl16703 1A &#8211; 60x60x10.5 mm ; Shamrock Preto Grl7203 1A &#8211; 30x60x9.2 mm ; Shamrock Preto P50303 (3D) 1A (Pastilha 5&#215;5)x9.2 mm ; Shamrock Set0001 &#8211; Conjunto 4 Pe\u00e7as &#8211; 57.2x58x9.2 mm ; Shamrock Set0002 &#8211; Conjunto 4 Pe\u00e7as &#8211; 57.2x58x9.2 mm ; Shamrock Set0003 &#8211; Conjunto 4 Pe\u00e7as &#8211; 57.2x58x9.2 mm ;<\/p>\n","protected":false},"excerpt":{"rendered":"<p>Pavigres Shamrock Preto je plo\u0161\u010dica proizvajalca Pavigres in prihaja iz Portugalske. Debelina plo\u0161\u010dice je zelo pomembna in 9 mm uvr\u0161\u010da to plo\u0161\u010dico med najkvalitetnej\u0161e. Namesto 28,05 EUR kot bi za to plo\u0161\u010dico od\u0161teli v klasi\u010dni trgovini, boste v na\u0161i spletni prodajalni od\u0161teli le 22,44 EUR. Pri izbiri plo\u0161\u010dice v \u010drni barvi ne morete zgre\u0161iti. Velikost [&hellip;]<\/p>\n","protected":false},"featured_media":103677,"template":"","meta":[],"product_cat":[200,9991483,260,999,240,270],"product_tag":[99921971],"_links":{"self":[{"href":"https:\/\/www.keramika.com\/slovenija\/wp-json\/wp\/v2\/product\/103676"}],"collection":[{"href":"https:\/\/www.keramika.com\/slovenija\/wp-json\/wp\/v2\/product"}],"about":[{"href":"https:\/\/www.keramika.com\/slovenija\/wp-json\/wp\/v2\/types\/product"}],"wp:featuredmedia":[{"embeddable":true,"href":"https:\/\/www.keramika.com\/slovenija\/wp-json\/wp\/v2\/media\/103677"}],"wp:attachment":[{"href":"https:\/\/www.keramika.com\/slovenija\/wp-json\/wp\/v2\/media?parent=103676"}],"wp:term":[{"taxonomy":"product_cat","embeddable":true,"href":"https:\/\/www.keramika.com\/slovenija\/wp-json\/wp\/v2\/product_cat?post=103676"},{"taxonomy":"product_tag","embeddable":true,"href":"https:\/\/www.keramika.com\/slovenija\/wp-json\/wp\/v2\/product_tag?post=103676"}],"curies":[{"name":"wp","href":"https:\/\/api.w.org\/{rel}","templated":true}]}}