{"id":103672,"date":"2017-03-22T23:45:43","date_gmt":"2017-03-22T23:45:43","guid":{"rendered":"http:\/\/keramika.holest.com\/slovenija\/product\/talne-in-stenske-ploscice-pavigres-savana-grey\/"},"modified":"2026-01-03T00:01:00","modified_gmt":"2026-01-03T00:01:00","slug":"talne-in-stenske-ploscice-pavigres-savana-grey","status":"publish","type":"product","link":"https:\/\/www.keramika.com\/slovenija\/talne-in-stenske-ploscice-pavigres-savana-grey\/","title":{"rendered":"Talne in stenske plo\u0161\u010dice Pavigres Savana Grey"},"content":{"rendered":"<p>Na spletu boste za to plo\u0161\u010dico od\u0161teli le 60,72 EUR, medtem ko v redni prodaji cena zna\u0161a 75,9 EUR. Ta plo\u0161\u010dica je debela 12 mm in je zelo trpe\u017ena. Pavigres Savana Grey prihaja iz Portugalske, ki je znana po zelo kvalitetni keramiki v svetovnem merilu. Z velikostjo 29,7&#215;59,7 cm je ta plo\u0161\u010dica primerna ze razli\u010dne povr\u0161ine. Ta plo\u0161\u010dica je na voljo v \u010dudoviti sivi barvi, \u010de \u017eelite kak\u0161no drugo barvo pa nas kontaktirajte in preverili bomo pri proizvajalcu.<\/p>\n<p>Kliknite na ime kolekcije za ogled vseh plo\u0161\u010dic iz te serije: <a class=\"pdfcatal\" href=\"\/\/www.ceramictiles.com\/pdf\/pavigres\/catalogue_pavigres_savana.pdf\" onclick=\"recordOutboundLink(this, 'E-mail', 'Description PDF');return false;\">Pavigres Savana<\/a><\/p>\n<p>\u010ce \u017eelite naro\u010diti model iz pdf kataloga te kolekcije, nam pi\u0161ite na: <a href=\"mailto:keramoteka.salon@gmail.com\" onclick=\"recordOutboundLink(this, 'E-mail', 'Description mail');return false;\">keramoteka.salon@gmail.com<\/a> ali pa nas pokli\u010dite na: 031 255 900.<\/p>\n<p>Technical description: <\/p>\n<p>Savana Black Mp16504 1A Dig.Ink &#8211; 58x58x10.5 mm ; Savana Black Mp6704 1A Cortado Dig.Ink &#8211; 29x58x10.5 mm ; Savana Black Mp95504 1A Dig.Ink &#8211; 44.7&#215;89.7&#215;10.5 mm ; Savana Black Pp20504 1A (Pastilha 1.9&#215;1.9&#215;9.8 mm) Dig.Ink ; Savana Black Pp28504 1A Hexagonal M\u00e9dia 9.8 mm &#8211; Dig.Ink ; Savana Black Pp37504 1A (Tiras) Dig.Ink 29.7&#215;37.5&#215;9.8 mm ; Savana Cream Mp16506 1A Dig.Ink &#8211; 58x58x10.5 mm ; Savana Cream Mp6706 1A Cortado Dig.Ink &#8211; 29x58x10.5 mm ; Savana Cream Mp95506 1A Dig.Ink &#8211; 44.7&#215;89.7&#215;10.5 mm ; Savana Cream Pp20506 1A (Pastilha 1.9&#215;1.9&#215;9.8 mm) Dig.Ink ; Savana Cream Pp28506 1A Hexagonal M\u00e9dia 9.8 mm &#8211; Dig.Ink ; Savana Cream Pp37506 1A (Tiras) Dig.Ink 29.7&#215;37.5&#215;9.8 mm ; Savana Grey Mp16505 1A Dig.Ink &#8211; 58x58x10.5 mm ; Savana Grey Mp6705 1A Cortado Dig.Ink &#8211; 29x58x10.5 mm ; Savana Grey Mp95505 1A Dig.Ink &#8211; 44.7&#215;89.7&#215;10.5 mm ; Savana Grey Pp20505 1A (Pastilha 1.9&#215;1.9&#215;9.8 mm) Dig.Ink ; Savana Grey Pp28505 1A Hexagonal M\u00e9dia 9.8 mm &#8211; Dig.Ink ; Savana Grey Pp37505 1A (Tiras) Dig.Ink 29.7&#215;37.5&#215;9.8 mm ; Savana Ivory Mp16507 1A Dig.Ink &#8211; 58x58x10.5 mm ; Savana Ivory Mp6707 1A Cortado Dig.Ink &#8211; 29x58x10.5 mm ; Savana Ivory Mp95507 1A Dig.Ink &#8211; 44.7&#215;89.7&#215;10.5 mm ; Savana Ivory Pp20507 1A (Pastilha 1.9&#215;1.9&#215;9.8 mm) Dig.Ink ; Savana Ivory Pp28507 1A Hexagonal M\u00e9dia 9.8 mm &#8211; Dig.Ink ; Savana Ivory Pp37507 1A (Tiras) Dig.Ink 29.7&#215;37.5&#215;9.8 mm ;<\/p>\n","protected":false},"excerpt":{"rendered":"<p>Na spletu boste za to plo\u0161\u010dico od\u0161teli le 60,72 EUR, medtem ko v redni prodaji cena zna\u0161a 75,9 EUR. Ta plo\u0161\u010dica je debela 12 mm in je zelo trpe\u017ena. Pavigres Savana Grey prihaja iz Portugalske, ki je znana po zelo kvalitetni keramiki v svetovnem merilu. Z velikostjo 29,7&#215;59,7 cm je ta plo\u0161\u010dica primerna ze razli\u010dne [&hellip;]<\/p>\n","protected":false},"featured_media":103673,"template":"","meta":[],"product_cat":[200,9991483,260,999,240,270],"product_tag":[99921970],"_links":{"self":[{"href":"https:\/\/www.keramika.com\/slovenija\/wp-json\/wp\/v2\/product\/103672"}],"collection":[{"href":"https:\/\/www.keramika.com\/slovenija\/wp-json\/wp\/v2\/product"}],"about":[{"href":"https:\/\/www.keramika.com\/slovenija\/wp-json\/wp\/v2\/types\/product"}],"wp:featuredmedia":[{"embeddable":true,"href":"https:\/\/www.keramika.com\/slovenija\/wp-json\/wp\/v2\/media\/103673"}],"wp:attachment":[{"href":"https:\/\/www.keramika.com\/slovenija\/wp-json\/wp\/v2\/media?parent=103672"}],"wp:term":[{"taxonomy":"product_cat","embeddable":true,"href":"https:\/\/www.keramika.com\/slovenija\/wp-json\/wp\/v2\/product_cat?post=103672"},{"taxonomy":"product_tag","embeddable":true,"href":"https:\/\/www.keramika.com\/slovenija\/wp-json\/wp\/v2\/product_tag?post=103672"}],"curies":[{"name":"wp","href":"https:\/\/api.w.org\/{rel}","templated":true}]}}