{"id":103670,"date":"2017-03-22T23:45:39","date_gmt":"2017-03-22T23:45:39","guid":{"rendered":"http:\/\/keramika.holest.com\/slovenija\/product\/talne-in-stenske-ploscice-pavigres-unicolor-tangerina\/"},"modified":"2026-01-03T00:01:00","modified_gmt":"2026-01-03T00:01:00","slug":"talne-in-stenske-ploscice-pavigres-unicolor-tangerina","status":"publish","type":"product","link":"https:\/\/www.keramika.com\/slovenija\/talne-in-stenske-ploscice-pavigres-unicolor-tangerina\/","title":{"rendered":"Talne in stenske plo\u0161\u010dice Pavigres Unicolor Tangerina"},"content":{"rendered":"<p>Velikost te plo\u0161\u010dice je 19,7&#215;19,7 cm. Debelina kar 6 mm dela to plo\u0161\u010dico zelo trpe\u017eno in presti\u017eno na otip. Pavigres Unicolor Tangerina prihaja iz Portugalske, ki je znana po zelo kvalitetni keramiki v svetovnem merilu. Ta kerami\u010dna plo\u0161\u010dica v \u010dudoviti beli barvi bo obogatila vsak prostor. Namesto 39,11 EUR kot bi za to plo\u0161\u010dico od\u0161teli v klasi\u010dni trgovini, boste v na\u0161i spletni prodajalni od\u0161teli le 31,28 EUR.<\/p>\n<p>Kliknite na ime kolekcije za ogled vseh plo\u0161\u010dic iz te serije: <a class=\"pdfcatal\" href=\"\/\/www.ceramictiles.com\/pdf\/pavigres\/catalogue_pavigres_unicolor.pdf\" onclick=\"recordOutboundLink(this, 'E-mail', 'Description PDF');return false;\">Pavigres Unicolor<\/a><\/p>\n<p>\u010ce \u017eelite naro\u010diti model iz pdf kataloga te kolekcije, nam pi\u0161ite na: <a href=\"mailto:keramoteka.salon@gmail.com\" onclick=\"recordOutboundLink(this, 'E-mail', 'Description mail');return false;\">keramoteka.salon@gmail.com<\/a> ali pa nas pokli\u010dite na: 031 255 900.<\/p>\n<p>Technical description: <\/p>\n<p>29.7&#215;29.7 cm 7.2  mm &#8211; 19.7&#215;19.7 cm 6  mm &#8211; 9.7&#215;9.7 cm 6  mm <br \/>Uni Lago ; Uni C\u00e9u ; Uni Menta ; Uni Turquesa ; Uni An\u00e9mona ; Uni Meloa ; Uni Baunilha ; Uni Gema ; Uni Lima ; Uni Chocolate ; Uni Moka ; Uni Pergamon ; Uni Carv\u00e3o ; Uni Metal ; Uni Estanho ; Uni Prata ; Uni Gelo ; Uni Cristal ; Uni Tangerina ;<\/p>\n","protected":false},"excerpt":{"rendered":"<p>Velikost te plo\u0161\u010dice je 19,7&#215;19,7 cm. Debelina kar 6 mm dela to plo\u0161\u010dico zelo trpe\u017eno in presti\u017eno na otip. Pavigres Unicolor Tangerina prihaja iz Portugalske, ki je znana po zelo kvalitetni keramiki v svetovnem merilu. Ta kerami\u010dna plo\u0161\u010dica v \u010dudoviti beli barvi bo obogatila vsak prostor. Namesto 39,11 EUR kot bi za to plo\u0161\u010dico od\u0161teli [&hellip;]<\/p>\n","protected":false},"featured_media":103671,"template":"","meta":[],"product_cat":[200,9991483,260,999,240,270],"product_tag":[],"_links":{"self":[{"href":"https:\/\/www.keramika.com\/slovenija\/wp-json\/wp\/v2\/product\/103670"}],"collection":[{"href":"https:\/\/www.keramika.com\/slovenija\/wp-json\/wp\/v2\/product"}],"about":[{"href":"https:\/\/www.keramika.com\/slovenija\/wp-json\/wp\/v2\/types\/product"}],"wp:featuredmedia":[{"embeddable":true,"href":"https:\/\/www.keramika.com\/slovenija\/wp-json\/wp\/v2\/media\/103671"}],"wp:attachment":[{"href":"https:\/\/www.keramika.com\/slovenija\/wp-json\/wp\/v2\/media?parent=103670"}],"wp:term":[{"taxonomy":"product_cat","embeddable":true,"href":"https:\/\/www.keramika.com\/slovenija\/wp-json\/wp\/v2\/product_cat?post=103670"},{"taxonomy":"product_tag","embeddable":true,"href":"https:\/\/www.keramika.com\/slovenija\/wp-json\/wp\/v2\/product_tag?post=103670"}],"curies":[{"name":"wp","href":"https:\/\/api.w.org\/{rel}","templated":true}]}}