{"id":103666,"date":"2017-03-22T23:45:31","date_gmt":"2017-03-22T23:45:31","guid":{"rendered":"http:\/\/keramika.holest.com\/slovenija\/product\/stekleni-mozaik-pavigres-v44\/"},"modified":"2026-01-03T00:01:00","modified_gmt":"2026-01-03T00:01:00","slug":"stekleni-mozaik-pavigres-v44","status":"publish","type":"product","link":"https:\/\/www.keramika.com\/slovenija\/stekleni-mozaik-pavigres-v44\/","title":{"rendered":"Stekleni mozaik Pavigres V44"},"content":{"rendered":"<p>Pri izbiri mozaika v glavni beli barvi ne morete zgre\u0161iti. Mozaik na sliki je pripet na mre\u017eo, kar olaj\u0161a njegovo polaganje. Mre\u017ea je velika 31,5&#215;31,5 cm. 5 mm debeline je dovolj tudi za zahtevnej\u0161e kupce. Ta mozaik je izdelal proizvajalec Pavigres, ki prihaja iz Portugalske. Pavigres Mosaic V44 je na voljo po zelo ugodni ceni 14,15 EUR.<\/p>\n<p>Kliknite na ime kolekcije za ogled vseh plo\u0161\u010dic iz te serije: <a class=\"pdfcatal\" href=\"\/\/www.ceramictiles.com\/pdf\/pavigres\/catalogue_pavigres_mosaic.pdf\" onclick=\"recordOutboundLink(this, 'E-mail', 'Description PDF');return false;\">Pavigres Mosaic<\/a><\/p>\n<p>\u010ce \u017eelite naro\u010diti model iz pdf kataloga te kolekcije, nam pi\u0161ite na: <a href=\"mailto:keramoteka.salon@gmail.com\" onclick=\"recordOutboundLink(this, 'E-mail', 'Description mail');return false;\">keramoteka.salon@gmail.com<\/a> ali pa nas pokli\u010dite na: 031 255 900.<\/p>\n<p>Technical description: <\/p>\n<p>Pastilha Vidro V31 Multi-C\u00e9u 31.5&#215;31.5&#215;5 mm ; Pastilha Vidro V32 Multi-Safira 31.5&#215;31.5&#215;5 mm ; Pastilha Vidro V33 Multi-Mar 31.5&#215;31.5&#215;5 mm ; Pastilha Vidro V34 Multi-Castanho 31.5&#215;31.5&#215;5 mm ; Pastilha Vidro V35 Multi-Laranja 31.5&#215;31.5&#215;5 mm ; Pastilha Vidro V36 Multi-Amarelo 31.5&#215;31.5&#215;5 mm ; Pastilha Vidro V37 Multi-Lima 31.5&#215;31.5&#215;5 mm ; Pastilha Vidro V38 Multi-Rosa 31.5&#215;31.5&#215;5 mm ; Pastilha Vidro V39 Multi-Lil\u00e1s 31.5&#215;31.5&#215;5 mm ; Pastilha Vidro V40 Multi-Verde 31.5&#215;31.5&#215;5 mm ; Pastilha Vidro V41 Verde 31.5&#215;31.5&#215;5 mm ; Pastilha Vidro V42 Vermelho 31.5&#215;31.5&#215;5 mm ; Pastilha Vidro V43 Preto 31.5&#215;31.5&#215;5 mm ; Pastilha Vidro V44 Multi-Azul 31.5&#215;31.5&#215;5 mm ; Pastilha Vidro V45 Multi-Preto 31.5&#215;31.5&#215;5 mm ; Pastilha Vidro V46 Multi-Vermelho 31.5&#215;31.5&#215;5 mm ; Pe\u00e7a Inox S10 9.7&#215;9.7&#215;8.3 mm Inactivo ;<\/p>\n","protected":false},"excerpt":{"rendered":"<p>Pri izbiri mozaika v glavni beli barvi ne morete zgre\u0161iti. Mozaik na sliki je pripet na mre\u017eo, kar olaj\u0161a njegovo polaganje. Mre\u017ea je velika 31,5&#215;31,5 cm. 5 mm debeline je dovolj tudi za zahtevnej\u0161e kupce. Ta mozaik je izdelal proizvajalec Pavigres, ki prihaja iz Portugalske. Pavigres Mosaic V44 je na voljo po zelo ugodni ceni [&hellip;]<\/p>\n","protected":false},"featured_media":103667,"template":"","meta":[],"product_cat":[200,220,9991483,999,250],"product_tag":[],"_links":{"self":[{"href":"https:\/\/www.keramika.com\/slovenija\/wp-json\/wp\/v2\/product\/103666"}],"collection":[{"href":"https:\/\/www.keramika.com\/slovenija\/wp-json\/wp\/v2\/product"}],"about":[{"href":"https:\/\/www.keramika.com\/slovenija\/wp-json\/wp\/v2\/types\/product"}],"wp:featuredmedia":[{"embeddable":true,"href":"https:\/\/www.keramika.com\/slovenija\/wp-json\/wp\/v2\/media\/103667"}],"wp:attachment":[{"href":"https:\/\/www.keramika.com\/slovenija\/wp-json\/wp\/v2\/media?parent=103666"}],"wp:term":[{"taxonomy":"product_cat","embeddable":true,"href":"https:\/\/www.keramika.com\/slovenija\/wp-json\/wp\/v2\/product_cat?post=103666"},{"taxonomy":"product_tag","embeddable":true,"href":"https:\/\/www.keramika.com\/slovenija\/wp-json\/wp\/v2\/product_tag?post=103666"}],"curies":[{"name":"wp","href":"https:\/\/api.w.org\/{rel}","templated":true}]}}