{"id":103664,"date":"2017-03-22T23:45:26","date_gmt":"2017-03-22T23:45:26","guid":{"rendered":"http:\/\/keramika.holest.com\/slovenija\/product\/ploscice-pavigres-20x25-erica-azul\/"},"modified":"2026-01-03T00:01:00","modified_gmt":"2026-01-03T00:01:00","slug":"ploscice-pavigres-20x25-erica-azul","status":"publish","type":"product","link":"https:\/\/www.keramika.com\/slovenija\/ploscice-pavigres-20x25-erica-azul\/","title":{"rendered":"Plo\u0161\u010dice Pavigres 20&#215;25 Erica Azul"},"content":{"rendered":"<p>Pri izbiri plo\u0161\u010dice v modri barvi ne morete zgre\u0161iti. Pavigres 20&#215;25 Erica Azul je plo\u0161\u010dica proizvajalca Pavigres in prihaja iz Portugalske. V redni prodaji bi morali za to plo\u0161\u010dico od\u0161teti 15,51 EUR, spletna cena pa zna\u0161a le 12,41 EUR. Debelina plo\u0161\u010dice je zelo pomembna in 7 mm uvr\u0161\u010da to plo\u0161\u010dico med najkvalitetnej\u0161e. Velikost te plo\u0161\u010dice je 20&#215;25 cm.<\/p>\n<p>Kliknite na ime kolekcije za ogled vseh plo\u0161\u010dic iz te serije: <a class=\"pdfcatal\" href=\"\/\/www.ceramictiles.com\/pdf\/pavigres\/catalogue_pavigres_erica.pdf\" onclick=\"recordOutboundLink(this, 'E-mail', 'Description PDF');return false;\">Pavigres Erica<\/a><\/p>\n<p>\u010ce \u017eelite naro\u010diti model iz pdf kataloga te kolekcije, nam pi\u0161ite na: <a href=\"mailto:keramoteka.salon@gmail.com\" onclick=\"recordOutboundLink(this, 'E-mail', 'Description mail');return false;\">keramoteka.salon@gmail.com<\/a> ali pa nas pokli\u010dite na: 031 255 900.<\/p>\n<p>Technical description: <\/p>\n<p>Erica Amarelo 2453 1A &#8211; 31.7&#215;31.7&#215;7.2 mm ; Erica Amarelo 25\/366 1A &#8211; 20x25x7.3 mm ; Erica Amarelo Cl. 25\/366 1A &#8211; 20x25x7.3 mm ; Erica Azul 2450 1A &#8211; 31.7&#215;31.7&#215;7.2 mm ; Erica Azul 25\/366 1A &#8211; 20x25x7.3 mm ; Erica Azul Cl. 25\/366 1A &#8211; 20x25x7.3 mm ; Erica Bege 2451 1A &#8211; 31.7&#215;31.7&#215;7.2 mm ; Erica Bege 25\/366 1A &#8211; 20x25x7.3 mm ; Erica Bege Cl. 25\/366 1A &#8211; 20x25x7.3 mm ; Erica Cinza 2454 1A &#8211; 31.7&#215;31.7&#215;7.2 mm ; Erica Cinza 25\/366 1A &#8211; 20x25x7.3 mm ; Erica Cinza Cl. 25\/366 1A &#8211; 20x25x7.3 mm ; Erica Verde 2452 1A &#8211; 31.7&#215;31.7&#215;7.2 mm ; Erica Verde 25\/366 1A &#8211; 20x25x7.3 mm ; Erica Verde Cl. 25\/366 1A &#8211; 20x25x7.3 mm ; Faixa Inox S605 4.7&#215;29.5&#215;9 mm ;<\/p>\n","protected":false},"excerpt":{"rendered":"<p>Pri izbiri plo\u0161\u010dice v modri barvi ne morete zgre\u0161iti. Pavigres 20&#215;25 Erica Azul je plo\u0161\u010dica proizvajalca Pavigres in prihaja iz Portugalske. V redni prodaji bi morali za to plo\u0161\u010dico od\u0161teti 15,51 EUR, spletna cena pa zna\u0161a le 12,41 EUR. Debelina plo\u0161\u010dice je zelo pomembna in 7 mm uvr\u0161\u010da to plo\u0161\u010dico med najkvalitetnej\u0161e. Velikost te plo\u0161\u010dice [&hellip;]<\/p>\n","protected":false},"featured_media":103665,"template":"","meta":[],"product_cat":[200,220,9991483,999,250],"product_tag":[],"_links":{"self":[{"href":"https:\/\/www.keramika.com\/slovenija\/wp-json\/wp\/v2\/product\/103664"}],"collection":[{"href":"https:\/\/www.keramika.com\/slovenija\/wp-json\/wp\/v2\/product"}],"about":[{"href":"https:\/\/www.keramika.com\/slovenija\/wp-json\/wp\/v2\/types\/product"}],"wp:featuredmedia":[{"embeddable":true,"href":"https:\/\/www.keramika.com\/slovenija\/wp-json\/wp\/v2\/media\/103665"}],"wp:attachment":[{"href":"https:\/\/www.keramika.com\/slovenija\/wp-json\/wp\/v2\/media?parent=103664"}],"wp:term":[{"taxonomy":"product_cat","embeddable":true,"href":"https:\/\/www.keramika.com\/slovenija\/wp-json\/wp\/v2\/product_cat?post=103664"},{"taxonomy":"product_tag","embeddable":true,"href":"https:\/\/www.keramika.com\/slovenija\/wp-json\/wp\/v2\/product_tag?post=103664"}],"curies":[{"name":"wp","href":"https:\/\/api.w.org\/{rel}","templated":true}]}}