{"id":103658,"date":"2017-03-22T23:45:14","date_gmt":"2017-03-22T23:45:14","guid":{"rendered":"http:\/\/keramika.holest.com\/slovenija\/product\/stenske-ploscice-pavigres-shale-gold\/"},"modified":"2026-01-03T00:00:59","modified_gmt":"2026-01-03T00:00:59","slug":"stenske-ploscice-pavigres-shale-gold","status":"publish","type":"product","link":"https:\/\/www.keramika.com\/slovenija\/stenske-ploscice-pavigres-shale-gold\/","title":{"rendered":"Stenske plo\u0161\u010dice Pavigres Shale Gold"},"content":{"rendered":"<p>Dimenzije te plo\u0161\u010dice so 29,7&#215;59,7 cm. Ta kerami\u010dna plo\u0161\u010dica v \u010dudoviti zlati barvi bo obogatila vsak prostor. Ta plo\u0161\u010dica je debela 12 mm in je zelo trpe\u017ena. Pavigres Shale Gold je plo\u0161\u010dica proizvajalca Pavigres in prihaja iz Portugalske. 54,62 EUR v klasi\u010dni trgovini, pri nas pa le 43,69 EUR.<\/p>\n<p>Kliknite na ime kolekcije za ogled vseh plo\u0161\u010dic iz te serije: <a class=\"pdfcatal\" href=\"\/\/www.ceramictiles.com\/pdf\/pavigres\/catalogue_pavigres_shale.pdf\" onclick=\"recordOutboundLink(this, 'E-mail', 'Description PDF');return false;\">Pavigres Shale<\/a><\/p>\n<p>\u010ce \u017eelite naro\u010diti model iz pdf kataloga te kolekcije, nam pi\u0161ite na: <a href=\"mailto:keramoteka.salon@gmail.com\" onclick=\"recordOutboundLink(this, 'E-mail', 'Description mail');return false;\">keramoteka.salon@gmail.com<\/a> ali pa nas pokli\u010dite na: 031 255 900.<\/p>\n<p>Technical description: <\/p>\n<p>Shale Bege Brilho 59\/750 1A &#8211; 29.7&#215;59.7&#215;11.9 mm ; Shale Bege Mate 59\/751 1A &#8211; 29.7&#215;59.7&#215;11.9 mm ; Shale Cinza Brilho 59\/750 1A &#8211; 29.7&#215;59.7&#215;11.9 mm ; Shale Cinza Mate 59\/751 1A &#8211; 29.7&#215;59.7&#215;11.9 mm ; Gold D59\/600.2 ; Silver D59\/600.2 ;<\/p>\n","protected":false},"excerpt":{"rendered":"<p>Dimenzije te plo\u0161\u010dice so 29,7&#215;59,7 cm. Ta kerami\u010dna plo\u0161\u010dica v \u010dudoviti zlati barvi bo obogatila vsak prostor. Ta plo\u0161\u010dica je debela 12 mm in je zelo trpe\u017ena. Pavigres Shale Gold je plo\u0161\u010dica proizvajalca Pavigres in prihaja iz Portugalske. 54,62 EUR v klasi\u010dni trgovini, pri nas pa le 43,69 EUR. Kliknite na ime kolekcije za ogled [&hellip;]<\/p>\n","protected":false},"featured_media":103659,"template":"","meta":[],"product_cat":[200,9991483,260,999,290,250],"product_tag":[],"_links":{"self":[{"href":"https:\/\/www.keramika.com\/slovenija\/wp-json\/wp\/v2\/product\/103658"}],"collection":[{"href":"https:\/\/www.keramika.com\/slovenija\/wp-json\/wp\/v2\/product"}],"about":[{"href":"https:\/\/www.keramika.com\/slovenija\/wp-json\/wp\/v2\/types\/product"}],"wp:featuredmedia":[{"embeddable":true,"href":"https:\/\/www.keramika.com\/slovenija\/wp-json\/wp\/v2\/media\/103659"}],"wp:attachment":[{"href":"https:\/\/www.keramika.com\/slovenija\/wp-json\/wp\/v2\/media?parent=103658"}],"wp:term":[{"taxonomy":"product_cat","embeddable":true,"href":"https:\/\/www.keramika.com\/slovenija\/wp-json\/wp\/v2\/product_cat?post=103658"},{"taxonomy":"product_tag","embeddable":true,"href":"https:\/\/www.keramika.com\/slovenija\/wp-json\/wp\/v2\/product_tag?post=103658"}],"curies":[{"name":"wp","href":"https:\/\/api.w.org\/{rel}","templated":true}]}}