{"id":103656,"date":"2017-03-22T23:45:10","date_gmt":"2017-03-22T23:45:10","guid":{"rendered":"http:\/\/keramika.holest.com\/slovenija\/product\/ploscice-pavigres-cana-10x10\/"},"modified":"2026-01-03T00:00:58","modified_gmt":"2026-01-03T00:00:58","slug":"ploscice-pavigres-cana-10x10","status":"publish","type":"product","link":"https:\/\/www.keramika.com\/slovenija\/ploscice-pavigres-cana-10x10\/","title":{"rendered":"Plo\u0161\u010dice Pavigres Cana 10&#215;10"},"content":{"rendered":"<p>Pavigres Cana 10X10 prihaja iz Portugalske, ki je znana po zelo kvalitetni keramiki v svetovnem merilu. Letos so plo\u0161\u010dice v be\u017e barvi zelo za\u017eeljene. 7 mm je debelina, ki zadovolji tudi zahtevnej\u0161e kupce. V redni prodaji bi morali za to plo\u0161\u010dico od\u0161teti 26,4 EUR, spletna cena pa zna\u0161a le 21,12 EUR. Plo\u0161\u010dica na sliki je velika 10&#215;10 cm.<\/p>\n<p>Kliknite na ime kolekcije za ogled vseh plo\u0161\u010dic iz te serije: <a class=\"pdfcatal\" href=\"\/\/www.ceramictiles.com\/pdf\/pavigres\/catalogue_pavigres_cana.pdf\" onclick=\"recordOutboundLink(this, 'E-mail', 'Description PDF');return false;\">Pavigres Cana<\/a><\/p>\n<p>\u010ce \u017eelite naro\u010diti model iz pdf kataloga te kolekcije, nam pi\u0161ite na: <a href=\"mailto:keramoteka.salon@gmail.com\" onclick=\"recordOutboundLink(this, 'E-mail', 'Description mail');return false;\">keramoteka.salon@gmail.com<\/a> ali pa nas pokli\u010dite na: 031 255 900.<\/p>\n<p>Technical description: <\/p>\n<p>Cana Antracite 13017 1A &#8211; 9.7&#215;9.7&#215;7.2 mm ; Cana Antracite 13117 1A Nylon 10&#215;10 &#8211; 29.7&#215;29.7&#215;7.2 mm ; Cana Antracite 2217 1A &#8211; 20x20x7.2 mm ; Cana Antracite 7217 1A &#8211; 31.7&#215;31.7&#215;7.2 mm ; Cana Azul 13002 1A &#8211; 9.7&#215;9.7&#215;7.2 mm ; Cana Azul 13102 1A Nylon 10&#215;10 &#8211; 29.7&#215;29.7&#215;7.2 mm ; Cana Azul 7202 1A &#8211; 31.7&#215;31.7&#215;7.2 mm ; Cana Bege 13005 1A &#8211; 9.7&#215;9.7&#215;7.2 mm ; Cana Bege 13105 1A Nylon 10&#215;10 &#8211; 29.7&#215;29.7&#215;7.2 mm ; Cana Bege 4405 1A &#8211; 41x41x8.3 mm ; Cana Bege 7205 1A &#8211; 31.7&#215;31.7&#215;7.2 mm ; Cana Bege Cl. 13112 1A Nylon 10&#215;10 &#8211; 29.7&#215;29.7&#215;7.2 mm ; Cana Bege Claro 13012 1A &#8211; 9.7&#215;9.7&#215;7.2 mm ; Cana Bege Claro 4412 1A &#8211; 41x41x8.3 mm ; Cana Bege Claro 7212 1A &#8211; 31.7&#215;31.7&#215;7.2 mm ; Cana Br. Mate R43\/410 1A &#8211; 25x43x8.9 mm ; Cana Branco 13006 1A &#8211; 9.7&#215;9.7&#215;7.2 mm ; Cana Branco 13106 1A Nylon 10&#215;10 &#8211; 29.7&#215;29.7&#215;7.2 mm ; Cana Branco 2206 1A &#8211; 20x20x7.2 mm ; Cana Branco 7206 1A &#8211; 31.7&#215;31.7&#215;7.2 mm ; Cana Cast. Cl. 13110 1A Nylon 10&#215;10 &#8211; 29.7&#215;29.7&#215;7.2 mm ; Cana Castanho 13011 1A &#8211; 9.7&#215;9.7&#215;7.2 mm ; Cana Castanho 13111 1A Nylon 10&#215;10 &#8211; 29.7&#215;29.7&#215;7.2 mm ; Cana Castanho 2211 1A &#8211; 20x20x7.2 mm ; Cana Castanho Claro 13010 1A &#8211; 9.7&#215;9.7&#215;7.2 mm ; Cana Castanho Claro 2210 1A &#8211; 20x20x7.2 mm ; Cana Cinza 13004 1A &#8211; 9.7&#215;9.7&#215;7.2 mm ; Cana Cinza 13104 1A Nylon 10&#215;10 &#8211; 29.7&#215;29.7&#215;7.2 mm ; Cana Cinza 7204 1A &#8211; 31.7&#215;31.7&#215;7.2 mm ; Cana Preto 13018 1A &#8211; 9.7&#215;9.7&#215;7.2 mm ; Cana Preto 13118 1A Nylon 10&#215;10 &#8211; 29.7&#215;29.7&#215;7.2 mm ; Cana Preto 2218 1A &#8211; 20x20x7.2 mm ; Cana Preto 7218 1A &#8211; 31.7&#215;31.7&#215;7.2 mm ; Cana Salm\u00e3o Cl 13113 1A Nylon 10&#215;10 &#8211; 29.7&#215;29.7&#215;7.2 mm ; Cana Salm\u00e3o Claro 13013 1A &#8211; 9.7&#215;9.7&#215;7.2 mm ; Cana Salm\u00e3o Claro 4413 1A &#8211; 41x41x8.3 mm ; Cana Salm\u00e3o Claro 7213 1A &#8211; 31.7&#215;31.7&#215;7.2 mm ;<\/p>\n","protected":false},"excerpt":{"rendered":"<p>Pavigres Cana 10X10 prihaja iz Portugalske, ki je znana po zelo kvalitetni keramiki v svetovnem merilu. Letos so plo\u0161\u010dice v be\u017e barvi zelo za\u017eeljene. 7 mm je debelina, ki zadovolji tudi zahtevnej\u0161e kupce. V redni prodaji bi morali za to plo\u0161\u010dico od\u0161teti 26,4 EUR, spletna cena pa zna\u0161a le 21,12 EUR. Plo\u0161\u010dica na sliki je [&hellip;]<\/p>\n","protected":false},"featured_media":103657,"template":"","meta":[],"product_cat":[200,220,9991483,999,250],"product_tag":[],"_links":{"self":[{"href":"https:\/\/www.keramika.com\/slovenija\/wp-json\/wp\/v2\/product\/103656"}],"collection":[{"href":"https:\/\/www.keramika.com\/slovenija\/wp-json\/wp\/v2\/product"}],"about":[{"href":"https:\/\/www.keramika.com\/slovenija\/wp-json\/wp\/v2\/types\/product"}],"wp:featuredmedia":[{"embeddable":true,"href":"https:\/\/www.keramika.com\/slovenija\/wp-json\/wp\/v2\/media\/103657"}],"wp:attachment":[{"href":"https:\/\/www.keramika.com\/slovenija\/wp-json\/wp\/v2\/media?parent=103656"}],"wp:term":[{"taxonomy":"product_cat","embeddable":true,"href":"https:\/\/www.keramika.com\/slovenija\/wp-json\/wp\/v2\/product_cat?post=103656"},{"taxonomy":"product_tag","embeddable":true,"href":"https:\/\/www.keramika.com\/slovenija\/wp-json\/wp\/v2\/product_tag?post=103656"}],"curies":[{"name":"wp","href":"https:\/\/api.w.org\/{rel}","templated":true}]}}