{"id":103652,"date":"2017-03-22T23:45:04","date_gmt":"2017-03-22T23:45:04","guid":{"rendered":"http:\/\/keramika.holest.com\/slovenija\/product\/mozaik-ploscice-pavigres-zephyr-gale\/"},"modified":"2026-01-03T00:00:58","modified_gmt":"2026-01-03T00:00:58","slug":"mozaik-ploscice-pavigres-zephyr-gale","status":"publish","type":"product","link":"https:\/\/www.keramika.com\/slovenija\/mozaik-ploscice-pavigres-zephyr-gale\/","title":{"rendered":"Mozaik plo\u0161\u010dice Pavigres Zephyr Gale"},"content":{"rendered":"<p>49,5 EUR v klasi\u010dni trgovini, pri nas pa le 39,6 EUR. \u0160irina in dol\u017eina te plo\u0161\u010dice sta 60&#215;60 cm. Pavigres Zephyr Gale prihaja iz Portugalske, ki je znana po zelo kvalitetni keramiki v svetovnem merilu. Ta model plo\u0161\u010dice se najbolje prodaja v beli barvi. Ta plo\u0161\u010dica je debela 10 mm in je zelo trpe\u017ena.<\/p>\n<p>Kliknite na ime kolekcije za ogled vseh plo\u0161\u010dic iz te serije: <a class=\"pdfcatal\" href=\"\/\/www.ceramictiles.com\/pdf\/pavigres\/catalogue_pavigres_zephyr.pdf\" onclick=\"recordOutboundLink(this, 'E-mail', 'Description PDF');return false;\">Pavigres Zephyr<\/a><\/p>\n<p>\u010ce \u017eelite naro\u010diti model iz pdf kataloga te kolekcije, nam pi\u0161ite na: <a href=\"mailto:keramoteka.salon@gmail.com\" onclick=\"recordOutboundLink(this, 'E-mail', 'Description mail');return false;\">keramoteka.salon@gmail.com<\/a> ali pa nas pokli\u010dite na: 031 255 900.<\/p>\n<p>Technical description: <\/p>\n<p>60&#215;60 cm RT &#8211; 30&#215;60 cm RT &#8211; 60&#215;60 cm 9.8  mm &#8211; 30&#215;60 cm 8.8  mm &#8211; 29.7&#215;48.2 cm Muretos &#8211; 29.7&#215;29.7 cm Mosaic<br \/>Breeze ; Flow ; Solano ; Gale ; Monsoon ; Storm ;<\/p>\n","protected":false},"excerpt":{"rendered":"<p>49,5 EUR v klasi\u010dni trgovini, pri nas pa le 39,6 EUR. \u0160irina in dol\u017eina te plo\u0161\u010dice sta 60&#215;60 cm. Pavigres Zephyr Gale prihaja iz Portugalske, ki je znana po zelo kvalitetni keramiki v svetovnem merilu. Ta model plo\u0161\u010dice se najbolje prodaja v beli barvi. Ta plo\u0161\u010dica je debela 10 mm in je zelo trpe\u017ena. Kliknite [&hellip;]<\/p>\n","protected":false},"featured_media":103653,"template":"","meta":[],"product_cat":[200,9991483,260,999,240,270],"product_tag":[],"_links":{"self":[{"href":"https:\/\/www.keramika.com\/slovenija\/wp-json\/wp\/v2\/product\/103652"}],"collection":[{"href":"https:\/\/www.keramika.com\/slovenija\/wp-json\/wp\/v2\/product"}],"about":[{"href":"https:\/\/www.keramika.com\/slovenija\/wp-json\/wp\/v2\/types\/product"}],"wp:featuredmedia":[{"embeddable":true,"href":"https:\/\/www.keramika.com\/slovenija\/wp-json\/wp\/v2\/media\/103653"}],"wp:attachment":[{"href":"https:\/\/www.keramika.com\/slovenija\/wp-json\/wp\/v2\/media?parent=103652"}],"wp:term":[{"taxonomy":"product_cat","embeddable":true,"href":"https:\/\/www.keramika.com\/slovenija\/wp-json\/wp\/v2\/product_cat?post=103652"},{"taxonomy":"product_tag","embeddable":true,"href":"https:\/\/www.keramika.com\/slovenija\/wp-json\/wp\/v2\/product_tag?post=103652"}],"curies":[{"name":"wp","href":"https:\/\/api.w.org\/{rel}","templated":true}]}}