{"id":103650,"date":"2017-03-22T23:45:00","date_gmt":"2017-03-22T23:45:00","guid":{"rendered":"http:\/\/keramika.holest.com\/slovenija\/product\/stenske-ploscice-pavigres-grace-gold\/"},"modified":"2026-01-03T00:00:57","modified_gmt":"2026-01-03T00:00:57","slug":"stenske-ploscice-pavigres-grace-gold","status":"publish","type":"product","link":"https:\/\/www.keramika.com\/slovenija\/stenske-ploscice-pavigres-grace-gold\/","title":{"rendered":"Stenske plo\u0161\u010dice Pavigres Grace Gold"},"content":{"rendered":"<p>Pri izbiri plo\u0161\u010dice v be\u017e barvi ne morete zgre\u0161iti. Pavigres Grace Gold je plo\u0161\u010dica proizvajalca Pavigres in prihaja iz Portugalske. Redna cena te plo\u0161\u010dice v maloprodaji zna\u0161a 46,2 EUR, v na\u0161i spletni trgovini pa jo lahko dobite \u017ee za 36,96 EUR. Plo\u0161\u010dica je debela kar 10 mm, kar jo uvr\u0161\u010da med bolj trde plo\u0161\u010dice. Velikost te plo\u0161\u010dice je 29,7&#215;59,7 cm in je primerna za razli\u010dne povr\u0161ine.<\/p>\n<p>Kliknite na ime kolekcije za ogled vseh plo\u0161\u010dic iz te serije: <a class=\"pdfcatal\" href=\"\/\/www.ceramictiles.com\/pdf\/pavigres\/catalogue_pavigres_grace.pdf\" onclick=\"recordOutboundLink(this, 'E-mail', 'Description PDF');return false;\">Pavigres Grace<\/a><\/p>\n<p>\u010ce \u017eelite naro\u010diti model iz pdf kataloga te kolekcije, nam pi\u0161ite na: <a href=\"mailto:keramoteka.salon@gmail.com\" onclick=\"recordOutboundLink(this, 'E-mail', 'Description mail');return false;\">keramoteka.salon@gmail.com<\/a> ali pa nas pokli\u010dite na: 031 255 900.<\/p>\n<p>Technical description: <\/p>\n<p>Grace Gold M16502Rt 1A &#8211; 59.7&#215;59.7&#215;10.5 mm ; Grace Gold M6702Rt 1A Cortado &#8211; 29.7&#215;59.7&#215;10.5 mm ; Grace Gold Mp16502 1A &#8211; 59.7&#215;59.7&#215;10.5 mm ; Grace Gold Mp6702 1A Cortado &#8211; 29.7&#215;59.7&#215;10.5 mm ; Grace Gold Pv20502 1A (Pastilha 1.9&#215;1.9)x10.5 mm ; Grace Gold Pv50502 1A (Pastilha 5&#215;5)x10.5 mm ; Grace Silver M16501Rt 1A &#8211; 59.7&#215;59.7&#215;10.5 mm ; Grace Silver M6701Rt 1A Cortado &#8211; 29.7&#215;59.7&#215;10.5 mm ; Grace Silver Mp16501 1A &#8211; 59.7&#215;59.7&#215;10.5 mm ; Grace Silver Mp6701 1A Cortado &#8211; 29.7&#215;59.7&#215;10.5 mm ; Grace Silver Pv20501 1A (Pastilha 1.9&#215;1.9)x10.5 mm ; Grace Silver Pv50501 1A (Pastilha 5&#215;5)x10.5 mm ;<\/p>\n","protected":false},"excerpt":{"rendered":"<p>Pri izbiri plo\u0161\u010dice v be\u017e barvi ne morete zgre\u0161iti. Pavigres Grace Gold je plo\u0161\u010dica proizvajalca Pavigres in prihaja iz Portugalske. Redna cena te plo\u0161\u010dice v maloprodaji zna\u0161a 46,2 EUR, v na\u0161i spletni trgovini pa jo lahko dobite \u017ee za 36,96 EUR. Plo\u0161\u010dica je debela kar 10 mm, kar jo uvr\u0161\u010da med bolj trde plo\u0161\u010dice. Velikost [&hellip;]<\/p>\n","protected":false},"featured_media":103651,"template":"","meta":[],"product_cat":[200,220,9991483,260,999,250],"product_tag":[],"_links":{"self":[{"href":"https:\/\/www.keramika.com\/slovenija\/wp-json\/wp\/v2\/product\/103650"}],"collection":[{"href":"https:\/\/www.keramika.com\/slovenija\/wp-json\/wp\/v2\/product"}],"about":[{"href":"https:\/\/www.keramika.com\/slovenija\/wp-json\/wp\/v2\/types\/product"}],"wp:featuredmedia":[{"embeddable":true,"href":"https:\/\/www.keramika.com\/slovenija\/wp-json\/wp\/v2\/media\/103651"}],"wp:attachment":[{"href":"https:\/\/www.keramika.com\/slovenija\/wp-json\/wp\/v2\/media?parent=103650"}],"wp:term":[{"taxonomy":"product_cat","embeddable":true,"href":"https:\/\/www.keramika.com\/slovenija\/wp-json\/wp\/v2\/product_cat?post=103650"},{"taxonomy":"product_tag","embeddable":true,"href":"https:\/\/www.keramika.com\/slovenija\/wp-json\/wp\/v2\/product_tag?post=103650"}],"curies":[{"name":"wp","href":"https:\/\/api.w.org\/{rel}","templated":true}]}}