{"id":103648,"date":"2017-03-22T23:44:57","date_gmt":"2017-03-22T23:44:57","guid":{"rendered":"http:\/\/keramika.holest.com\/slovenija\/product\/ploscice-za-kopalnico-pavigres-urban-city\/"},"modified":"2026-01-03T00:00:57","modified_gmt":"2026-01-03T00:00:57","slug":"ploscice-za-kopalnico-pavigres-urban-city","status":"publish","type":"product","link":"https:\/\/www.keramika.com\/slovenija\/ploscice-za-kopalnico-pavigres-urban-city\/","title":{"rendered":"Plo\u0161\u010dice za kopalnico Pavigres Urban City"},"content":{"rendered":"<p>Zaradi ni\u017ejih stro\u0161kov pri spletni prodaji boste na na\u0161i strani za to plo\u0161\u010dico od\u0161teli le 31,68 EUR. Z velikostjo 19,7&#215;59,7 cm je ta plo\u0161\u010dica primerna ze razli\u010dne povr\u0161ine. Prihaja iz Portugalske, ki po svetu slovi kot ena bolj\u0161ih proizvajalk kerami\u010dnih plo\u0161\u010dic. Ta kerami\u010dna plo\u0161\u010dica v \u010dudoviti modri barvi bo obogatila vsak prostor. 12 mm debeline je dovolj tudi za zahtevnej\u0161e kupce.<\/p>\n<p>Kliknite na ime kolekcije za ogled vseh plo\u0161\u010dic iz te serije: <a class=\"pdfcatal\" href=\"\/\/www.ceramictiles.com\/pdf\/pavigres\/catalogue_pavigres_urban.pdf\" onclick=\"recordOutboundLink(this, 'E-mail', 'Description PDF');return false;\">Pavigres Urban<\/a><\/p>\n<p>\u010ce \u017eelite naro\u010diti model iz pdf kataloga te kolekcije, nam pi\u0161ite na: <a href=\"mailto:keramoteka.salon@gmail.com\" onclick=\"recordOutboundLink(this, 'E-mail', 'Description mail');return false;\">keramoteka.salon@gmail.com<\/a> ali pa nas pokli\u010dite na: 031 255 900.<\/p>\n<p>Technical description: <\/p>\n<p>Urban City 2501 1A &#8211; 29.7&#215;29.7&#215;7.2 mm ; Urban City 57\/755 1A &#8211; 19.7&#215;59.7&#215;11.6 mm ; Urban Elite 2505 1A &#8211; 29.7&#215;29.7&#215;7.2 mm ; Urban Elite 57\/755 1A &#8211; 19.7&#215;59.7&#215;11.6 mm ; Urban Fair 2502 1A &#8211; 29.7&#215;29.7&#215;7.2 mm ; Urban Fair 39\/755 1A &#8211; 19.7&#215;39.7&#215;8.9 mm ; Urban Fair 57\/755 1A &#8211; 19.7&#215;59.7&#215;11.6 mm ; Urban Living 2506 1A &#8211; 29.7&#215;29.7&#215;7.2 mm ; Urban Living 57\/755 1A &#8211; 19.7&#215;59.7&#215;11.6 mm ; Urban Majestic 2507 1A &#8211; 29.7&#215;29.7&#215;7.2 mm ; Urban Majestic 57\/755 1A &#8211; 19.7&#215;59.7&#215;11.6 mm ; Urban Night 2503 1A &#8211; 29.7&#215;29.7&#215;7.2 mm ; Urban Night 39\/755 1A &#8211; 19.7&#215;39.7&#215;8.9 mm ; Urban Night 57\/755 1A &#8211; 19.7&#215;59.7&#215;11.6 mm ; Urban Style City 57\/756 1A &#8211; 19.7&#215;59.7&#215;11.6 mm ; Urban Style Elite 57\/756 1A &#8211; 19.7&#215;59.7&#215;11.6 mm ; Urban Style Fair 57\/756 1A &#8211; 19.7&#215;59.7&#215;11.6 mm ; Urban Style Living 57\/756 1A &#8211; 19.7&#215;59.7&#215;11.6 mm ; Urban Style Majestic 57\/756 1A &#8211; 19.7&#215;59.7&#215;11.6 mm ; Urban Style Night 57\/756 1A &#8211; 19.7&#215;59.7&#215;11.6 mm ; Urban Style Sublime 57\/756 1A &#8211; 19.7&#215;59.7&#215;11.6 mm ; Urban Sublime 2504 1A &#8211; 29.7&#215;29.7&#215;7.2 mm ; Urban Sublime 57\/755 1A &#8211; 19.7&#215;59.7&#215;11.6 mm ; Urban Supreme 39\/755 1A &#8211; 19.7&#215;39.7&#215;8.9 mm ;<\/p>\n","protected":false},"excerpt":{"rendered":"<p>Zaradi ni\u017ejih stro\u0161kov pri spletni prodaji boste na na\u0161i strani za to plo\u0161\u010dico od\u0161teli le 31,68 EUR. Z velikostjo 19,7&#215;59,7 cm je ta plo\u0161\u010dica primerna ze razli\u010dne povr\u0161ine. Prihaja iz Portugalske, ki po svetu slovi kot ena bolj\u0161ih proizvajalk kerami\u010dnih plo\u0161\u010dic. Ta kerami\u010dna plo\u0161\u010dica v \u010dudoviti modri barvi bo obogatila vsak prostor. 12 mm debeline [&hellip;]<\/p>\n","protected":false},"featured_media":103649,"template":"","meta":[],"product_cat":[200,220,9991483,999,250],"product_tag":[],"_links":{"self":[{"href":"https:\/\/www.keramika.com\/slovenija\/wp-json\/wp\/v2\/product\/103648"}],"collection":[{"href":"https:\/\/www.keramika.com\/slovenija\/wp-json\/wp\/v2\/product"}],"about":[{"href":"https:\/\/www.keramika.com\/slovenija\/wp-json\/wp\/v2\/types\/product"}],"wp:featuredmedia":[{"embeddable":true,"href":"https:\/\/www.keramika.com\/slovenija\/wp-json\/wp\/v2\/media\/103649"}],"wp:attachment":[{"href":"https:\/\/www.keramika.com\/slovenija\/wp-json\/wp\/v2\/media?parent=103648"}],"wp:term":[{"taxonomy":"product_cat","embeddable":true,"href":"https:\/\/www.keramika.com\/slovenija\/wp-json\/wp\/v2\/product_cat?post=103648"},{"taxonomy":"product_tag","embeddable":true,"href":"https:\/\/www.keramika.com\/slovenija\/wp-json\/wp\/v2\/product_tag?post=103648"}],"curies":[{"name":"wp","href":"https:\/\/api.w.org\/{rel}","templated":true}]}}