{"id":103646,"date":"2017-03-22T23:44:53","date_gmt":"2017-03-22T23:44:53","guid":{"rendered":"http:\/\/keramika.holest.com\/slovenija\/product\/projektne-ploscice-pavigres-uni-lima\/"},"modified":"2026-01-03T00:00:57","modified_gmt":"2026-01-03T00:00:57","slug":"projektne-ploscice-pavigres-uni-lima","status":"publish","type":"product","link":"https:\/\/www.keramika.com\/slovenija\/projektne-ploscice-pavigres-uni-lima\/","title":{"rendered":"Projektne plo\u0161\u0107ice Pavigres Uni Lima"},"content":{"rendered":"<p>Pavigres Uni Lima prihaja iz Portugalske, ki je znana po zelo kvalitetni keramiki v svetovnem merilu. Ta plo\u0161\u010dica je debela 12 mm in je zelo trpe\u017ena. Redna cena te plo\u0161\u010dice v maloprodaji zna\u0161a 42,9 EUR, v na\u0161i spletni trgovini pa jo lahko dobite \u017ee za 34,32 EUR. Ta plo\u0161\u010dica je na voljo v \u010dudoviti beli barvi, \u010de \u017eelite kak\u0161no drugo barvo pa nas kontaktirajte in preverili bomo pri proizvajalcu. Z velikostjo 19,7&#215;59,7 cm je ta plo\u0161\u010dica primerna ze razli\u010dne povr\u0161ine.<\/p>\n<p>Kliknite na ime kolekcije za ogled vseh plo\u0161\u010dic iz te serije: <a class=\"pdfcatal\" href=\"\/\/www.ceramictiles.com\/pdf\/pavigres\/catalogue_pavigres_uni.pdf\" onclick=\"recordOutboundLink(this, 'E-mail', 'Description PDF');return false;\">Pavigres Uni<\/a><\/p>\n<p>\u010ce \u017eelite naro\u010diti model iz pdf kataloga te kolekcije, nam pi\u0161ite na: <a href=\"mailto:keramoteka.salon@gmail.com\" onclick=\"recordOutboundLink(this, 'E-mail', 'Description mail');return false;\">keramoteka.salon@gmail.com<\/a> ali pa nas pokli\u010dite na: 031 255 900.<\/p>\n<p>Technical description: <\/p>\n<p>19.7&#215;59.7 cm 11.6  mm-29.7&#215;29.7 cm 7.2  mm-29.7&#215;59.7 cm 11.9  mm <br \/>Uni Cristal ; Uni Gelo ; Uni Carv\u00e3o ; Uni Metal ; Uni Alfazema ; Uni Cristal ; Uni Gelo ; Uni Carv\u00e3o ; Uni An\u00e9mona ; Uni Lima ; Uni Chocolate ; Uni Papaia ; Uni Pergamon ;<\/p>\n","protected":false},"excerpt":{"rendered":"<p>Pavigres Uni Lima prihaja iz Portugalske, ki je znana po zelo kvalitetni keramiki v svetovnem merilu. Ta plo\u0161\u010dica je debela 12 mm in je zelo trpe\u017ena. Redna cena te plo\u0161\u010dice v maloprodaji zna\u0161a 42,9 EUR, v na\u0161i spletni trgovini pa jo lahko dobite \u017ee za 34,32 EUR. Ta plo\u0161\u010dica je na voljo v \u010dudoviti beli [&hellip;]<\/p>\n","protected":false},"featured_media":103647,"template":"","meta":[],"product_cat":[200,9991483,260,999,240,270],"product_tag":[],"_links":{"self":[{"href":"https:\/\/www.keramika.com\/slovenija\/wp-json\/wp\/v2\/product\/103646"}],"collection":[{"href":"https:\/\/www.keramika.com\/slovenija\/wp-json\/wp\/v2\/product"}],"about":[{"href":"https:\/\/www.keramika.com\/slovenija\/wp-json\/wp\/v2\/types\/product"}],"wp:featuredmedia":[{"embeddable":true,"href":"https:\/\/www.keramika.com\/slovenija\/wp-json\/wp\/v2\/media\/103647"}],"wp:attachment":[{"href":"https:\/\/www.keramika.com\/slovenija\/wp-json\/wp\/v2\/media?parent=103646"}],"wp:term":[{"taxonomy":"product_cat","embeddable":true,"href":"https:\/\/www.keramika.com\/slovenija\/wp-json\/wp\/v2\/product_cat?post=103646"},{"taxonomy":"product_tag","embeddable":true,"href":"https:\/\/www.keramika.com\/slovenija\/wp-json\/wp\/v2\/product_tag?post=103646"}],"curies":[{"name":"wp","href":"https:\/\/api.w.org\/{rel}","templated":true}]}}