{"id":103644,"date":"2017-03-22T23:44:49","date_gmt":"2017-03-22T23:44:49","guid":{"rendered":"http:\/\/keramika.holest.com\/slovenija\/product\/kuhinjske-ploscice-pavigres-popart-amarelo\/"},"modified":"2026-01-03T00:00:57","modified_gmt":"2026-01-03T00:00:57","slug":"kuhinjske-ploscice-pavigres-popart-amarelo","status":"publish","type":"product","link":"https:\/\/www.keramika.com\/slovenija\/kuhinjske-ploscice-pavigres-popart-amarelo\/","title":{"rendered":"Kuhinjske plo\u0161\u010dice Pavigres Popart Amarelo"},"content":{"rendered":"<p>Redna cena te plo\u0161\u010dice v maloprodaji zna\u0161a 49,5 EUR, v na\u0161i spletni trgovini pa jo lahko dobite \u017ee za 39,6 EUR. Prihaja iz Portugalske, ki po svetu slovi kot ena bolj\u0161ih proizvajalk kerami\u010dnih plo\u0161\u010dic. Zelo moderna plo\u0161\u010dica v rumeni barvi popestri prav vsak prostor. Velikost te plo\u0161\u010dice je 19,7&#215;59,7 cm in je primerna za razli\u010dne povr\u0161ine. 12 mm je debelina, ki zadovolji tudi zahtevnej\u0161e kupce.<\/p>\n<p>Kliknite na ime kolekcije za ogled vseh plo\u0161\u010dic iz te serije: <a class=\"pdfcatal\" href=\"\/\/www.ceramictiles.com\/pdf\/pavigres\/catalogue_pavigres_popart.pdf\" onclick=\"recordOutboundLink(this, 'E-mail', 'Description PDF');return false;\">Pavigres Popart<\/a><\/p>\n<p>\u010ce \u017eelite naro\u010diti model iz pdf kataloga te kolekcije, nam pi\u0161ite na: <a href=\"mailto:keramoteka.salon@gmail.com\" onclick=\"recordOutboundLink(this, 'E-mail', 'Description mail');return false;\">keramoteka.salon@gmail.com<\/a> ali pa nas pokli\u010dite na: 031 255 900.<\/p>\n<p>Technical description: <\/p>\n<p> ; Popart Azul 59\/743 1A &#8211; 29.7&#215;59.7&#215;11.9 mm ; Popart Branco 59\/743 1A &#8211; 29.7&#215;59.7&#215;11.9 mm ; Popart Cinza 59\/743 1A &#8211; 29.7&#215;59.7&#215;11.9 mm ; Popart Fuscia 59\/743 1A &#8211; 29.7&#215;59.7&#215;11.9 mm ; Popart Preto 59\/743 1A &#8211; 29.7&#215;59.7&#215;11.9 mm ; Popart Vermelho 59\/743 1A &#8211; 29.7&#215;59.7&#215;11.9 mm ;<\/p>\n","protected":false},"excerpt":{"rendered":"<p>Redna cena te plo\u0161\u010dice v maloprodaji zna\u0161a 49,5 EUR, v na\u0161i spletni trgovini pa jo lahko dobite \u017ee za 39,6 EUR. Prihaja iz Portugalske, ki po svetu slovi kot ena bolj\u0161ih proizvajalk kerami\u010dnih plo\u0161\u010dic. Zelo moderna plo\u0161\u010dica v rumeni barvi popestri prav vsak prostor. Velikost te plo\u0161\u010dice je 19,7&#215;59,7 cm in je primerna za razli\u010dne [&hellip;]<\/p>\n","protected":false},"featured_media":103645,"template":"","meta":[],"product_cat":[200,230,9991483,999,250],"product_tag":[],"_links":{"self":[{"href":"https:\/\/www.keramika.com\/slovenija\/wp-json\/wp\/v2\/product\/103644"}],"collection":[{"href":"https:\/\/www.keramika.com\/slovenija\/wp-json\/wp\/v2\/product"}],"about":[{"href":"https:\/\/www.keramika.com\/slovenija\/wp-json\/wp\/v2\/types\/product"}],"wp:featuredmedia":[{"embeddable":true,"href":"https:\/\/www.keramika.com\/slovenija\/wp-json\/wp\/v2\/media\/103645"}],"wp:attachment":[{"href":"https:\/\/www.keramika.com\/slovenija\/wp-json\/wp\/v2\/media?parent=103644"}],"wp:term":[{"taxonomy":"product_cat","embeddable":true,"href":"https:\/\/www.keramika.com\/slovenija\/wp-json\/wp\/v2\/product_cat?post=103644"},{"taxonomy":"product_tag","embeddable":true,"href":"https:\/\/www.keramika.com\/slovenija\/wp-json\/wp\/v2\/product_tag?post=103644"}],"curies":[{"name":"wp","href":"https:\/\/api.w.org\/{rel}","templated":true}]}}