{"id":103642,"date":"2017-03-22T23:44:45","date_gmt":"2017-03-22T23:44:45","guid":{"rendered":"http:\/\/keramika.holest.com\/slovenija\/product\/ploscice-za-kopalnico-pavigres-lollipop-vermelho\/"},"modified":"2026-01-03T00:00:56","modified_gmt":"2026-01-03T00:00:56","slug":"ploscice-za-kopalnico-pavigres-lollipop-vermelho","status":"publish","type":"product","link":"https:\/\/www.keramika.com\/slovenija\/ploscice-za-kopalnico-pavigres-lollipop-vermelho\/","title":{"rendered":"Plo\u0161\u010dice za kopalnico Pavigres Lollipop Vermelho"},"content":{"rendered":"<p>Debelina kar 12 mm dela to plo\u0161\u010dico zelo trpe\u017eno in presti\u017eno na otip. To plo\u0161\u010dico je izdelal proizvajalec Pavigres, ki prihaja iz Portugalske. Zelo moderna plo\u0161\u010dica v rde\u010di barvi popestri prav vsak prostor. V redni prodaji bi morali za to plo\u0161\u010dico od\u0161teti 39,6 EUR, spletna cena pa zna\u0161a le 31,68 EUR. Dimenzije te plo\u0161\u010dice so 19,7&#215;59,7 cm.<\/p>\n<p>Kliknite na ime kolekcije za ogled vseh plo\u0161\u010dic iz te serije: <a class=\"pdfcatal\" href=\"\/\/www.ceramictiles.com\/pdf\/pavigres\/catalogue_pavigres_lollipop.pdf\" onclick=\"recordOutboundLink(this, 'E-mail', 'Description PDF');return false;\">Pavigres Lollipop<\/a><\/p>\n<p>\u010ce \u017eelite naro\u010diti model iz pdf kataloga te kolekcije, nam pi\u0161ite na: <a href=\"mailto:keramoteka.salon@gmail.com\" onclick=\"recordOutboundLink(this, 'E-mail', 'Description mail');return false;\">keramoteka.salon@gmail.com<\/a> ali pa nas pokli\u010dite na: 031 255 900.<\/p>\n<p>Technical description: <\/p>\n<p> ; Lollipop Amarelo 57\/758 1A &#8211; 19.7&#215;59.7&#215;11.6 mm ; Lollipop Azul 2521 1A &#8211; 29.7&#215;29.7&#215;7.2 mm ; Lollipop Azul 57\/758 1A &#8211; 19.7&#215;59.7&#215;11.6 mm ; Lollipop Bege 2522 1A &#8211; 29.7&#215;29.7&#215;7.2 mm ; Lollipop Bege 57\/758 1A &#8211; 19.7&#215;59.7&#215;11.6 mm ; Lollipop Branco 2523 1A &#8211; 29.7&#215;29.7&#215;7.2 mm ; Lollipop Branco 57\/758 1A &#8211; 19.7&#215;59.7&#215;11.6 mm ; Lollipop Cinza 2524 1A &#8211; 29.7&#215;29.7&#215;7.2 mm ; Lollipop Cinza 57\/758 1A &#8211; 19.7&#215;59.7&#215;11.6 mm ; Lollipop Rosa 2525 1A &#8211; 29.7&#215;29.7&#215;7.2 mm ; Lollipop Rosa 57\/758 1A &#8211; 19.7&#215;59.7&#215;11.6 mm ; Lollipop Verde 2526 1A &#8211; 29.7&#215;29.7&#215;7.2 mm ; Lollipop Verde 57\/758 1A &#8211; 19.7&#215;59.7&#215;11.6 mm ; Lollipop Vermelho 2527 1A &#8211; 29.7&#215;29.7&#215;7.2 mm ; Lollipop Vermelho 57\/758 1A &#8211; 19.7&#215;59.7&#215;11.6 mm ;<\/p>\n","protected":false},"excerpt":{"rendered":"<p>Debelina kar 12 mm dela to plo\u0161\u010dico zelo trpe\u017eno in presti\u017eno na otip. To plo\u0161\u010dico je izdelal proizvajalec Pavigres, ki prihaja iz Portugalske. Zelo moderna plo\u0161\u010dica v rde\u010di barvi popestri prav vsak prostor. V redni prodaji bi morali za to plo\u0161\u010dico od\u0161teti 39,6 EUR, spletna cena pa zna\u0161a le 31,68 EUR. Dimenzije te plo\u0161\u010dice so [&hellip;]<\/p>\n","protected":false},"featured_media":103643,"template":"","meta":[],"product_cat":[200,220,9991483,260,999,250],"product_tag":[],"_links":{"self":[{"href":"https:\/\/www.keramika.com\/slovenija\/wp-json\/wp\/v2\/product\/103642"}],"collection":[{"href":"https:\/\/www.keramika.com\/slovenija\/wp-json\/wp\/v2\/product"}],"about":[{"href":"https:\/\/www.keramika.com\/slovenija\/wp-json\/wp\/v2\/types\/product"}],"wp:featuredmedia":[{"embeddable":true,"href":"https:\/\/www.keramika.com\/slovenija\/wp-json\/wp\/v2\/media\/103643"}],"wp:attachment":[{"href":"https:\/\/www.keramika.com\/slovenija\/wp-json\/wp\/v2\/media?parent=103642"}],"wp:term":[{"taxonomy":"product_cat","embeddable":true,"href":"https:\/\/www.keramika.com\/slovenija\/wp-json\/wp\/v2\/product_cat?post=103642"},{"taxonomy":"product_tag","embeddable":true,"href":"https:\/\/www.keramika.com\/slovenija\/wp-json\/wp\/v2\/product_tag?post=103642"}],"curies":[{"name":"wp","href":"https:\/\/api.w.org\/{rel}","templated":true}]}}