{"id":103638,"date":"2017-03-22T23:44:38","date_gmt":"2017-03-22T23:44:38","guid":{"rendered":"http:\/\/keramika.holest.com\/slovenija\/product\/talne-in-stenske-ploscice-pavigres-alize-branco\/"},"modified":"2026-01-03T00:00:56","modified_gmt":"2026-01-03T00:00:56","slug":"talne-in-stenske-ploscice-pavigres-alize-branco","status":"publish","type":"product","link":"https:\/\/www.keramika.com\/slovenija\/talne-in-stenske-ploscice-pavigres-alize-branco\/","title":{"rendered":"Talne in stenske plo\u0161\u010dice Pavigres Alize Branco"},"content":{"rendered":"<p>Pavigres Alize Branco prihaja iz Portugalske, ki je znana po zelo kvalitetni keramiki v svetovnem merilu. Z velikostjo 29,7&#215;59,7 cm je ta plo\u0161\u010dica primerna ze razli\u010dne povr\u0161ine. 9 mm debeline je dovolj tudi za zahtevnej\u0161e kupce. Keramika v beli barvi popestri vsak prostor. V redni prodaji bi morali za to plo\u0161\u010dico od\u0161teti 29,7 EUR, spletna cena pa zna\u0161a le 23,76 EUR.<\/p>\n<p>Kliknite na ime kolekcije za ogled vseh plo\u0161\u010dic iz te serije: <a class=\"pdfcatal\" href=\"\/\/www.ceramictiles.com\/pdf\/pavigres\/catalogue_pavigres_alize.pdf\" onclick=\"recordOutboundLink(this, 'E-mail', 'Description PDF');return false;\">Pavigres Alize<\/a><\/p>\n<p>\u010ce \u017eelite naro\u010diti model iz pdf kataloga te kolekcije, nam pi\u0161ite na: <a href=\"mailto:keramoteka.salon@gmail.com\" onclick=\"recordOutboundLink(this, 'E-mail', 'Description mail');return false;\">keramoteka.salon@gmail.com<\/a> ali pa nas pokli\u010dite na: 031 255 900.<\/p>\n<p>Technical description: <\/p>\n<p> ; Alize Branco Gr14413 1A &#8211; 44.7&#215;44.7&#215;9.2 mm ; Alize Branco Gr14413Rt 1A &#8211; 44.7&#215;44.7&#215;9.2 mm ; Alize Branco Gr16413 1A &#8211; 59.7&#215;59.7&#215;10.5 mm ; Alize Branco Gr16413Rt 1A &#8211; 59.7&#215;59.7&#215;10.5 mm ; Alize Branco Gr6813 1A &#8211; 29.7&#215;59.7&#215;9.2 mm ; Alize Branco Gr6813Rt 1A &#8211; 29.7&#215;59.7&#215;9.2 mm ; Alize Branco P30213 1A (Pastilha 2.3&#215;29.7)x9.2 mm ; Alize Branco Tr613D 4.7&#215;59.7 1A &#8211; 9.2 mm (Cort. 29.7&#215;59.7) ; Alize Branco Tr613E 9.7&#215;59.7 1A &#8211; 9.2 mm (Cort. 29.7&#215;59.7) ; Alize Branco Tr613G 14.7&#215;59.7 1A &#8211; 9.2 mm (Cort. 29.7&#215;59.7) ; Alize Cinza Fg5618 1A &#8211; 29.7&#215;48.2&#215;9.2 mm ; Alize Cinza Gr14418 1A &#8211; 44.7&#215;44.7&#215;9.2 mm ; Alize Cinza Gr14418Rt 1A &#8211; 44.7&#215;44.7&#215;9.2 mm ; Alize Cinza Gr16418 1A &#8211; 59.7&#215;59.7&#215;10.5 mm ; Alize Cinza Gr16418Rt 1A &#8211; 59.7&#215;59.7&#215;10.5 mm ; Alize Cinza Gr6818 1A &#8211; 29.7&#215;59.7&#215;9.2 mm ; Alize Cinza Gr6818Rt 1A &#8211; 29.7&#215;59.7&#215;9.2 mm ; Alize Cinza P30218 1A (Pastilha 2.3&#215;29.7)x9.2 mm ; Alize Cinza Tr618D 4.7&#215;59.7 1A &#8211; 9.2 mm (Cort. 29.7&#215;59.7) ; Alize Cinza Tr618E 9.7&#215;59.7 1A &#8211; 9.2 mm (Cort. 29.7&#215;59.7) ; Alize Cinza Tr618G 14.7&#215;59.7 1A &#8211; 9.2 mm (Cort. 29.7&#215;59.7) ; Alize Coral Fg5617 1A &#8211; 29.7&#215;48.2&#215;9.2 mm ; Alize Coral Gr14417 1A &#8211; 44.7&#215;44.7&#215;9.2 mm ; Alize Coral Gr14417Rt 1A &#8211; 44.7&#215;44.7&#215;9.2 mm ; Alize Coral Gr16417 1A &#8211; 59.7&#215;59.7&#215;10.5 mm ; Alize Coral Gr16417Rt 1A &#8211; 59.7&#215;59.7&#215;10.5 mm ; Alize Coral Gr6817 1A &#8211; 29.7&#215;59.7&#215;9.2 mm ; Alize Coral Gr6817Rt 1A &#8211; 29.7&#215;59.7&#215;9.2 mm ; Alize Coral P30217 1A (Pastilha 2.3&#215;29.7)x9.2 mm ; Alize Negro Fg5674 1A &#8211; 29.7&#215;48.2&#215;9.2 mm ; Alize Negro Gr14474 1A &#8211; 44.7&#215;44.7&#215;9.2 mm ; Alize Negro Gr14474Rt 1A &#8211; 44.7&#215;44.7&#215;9.2 mm ; Alize Negro Gr16474 1A &#8211; 59.7&#215;59.7&#215;10.5 mm ; Alize Negro Gr16474Rt 1A &#8211; 59.7&#215;59.7&#215;10.5 mm ; Alize Negro Gr6874 1A &#8211; 29.7&#215;59.7&#215;9.2 mm ; Alize Negro Gr6874Rt 1A &#8211; 29.7&#215;59.7&#215;9.2 mm ;<\/p>\n","protected":false},"excerpt":{"rendered":"<p>Pavigres Alize Branco prihaja iz Portugalske, ki je znana po zelo kvalitetni keramiki v svetovnem merilu. Z velikostjo 29,7&#215;59,7 cm je ta plo\u0161\u010dica primerna ze razli\u010dne povr\u0161ine. 9 mm debeline je dovolj tudi za zahtevnej\u0161e kupce. Keramika v beli barvi popestri vsak prostor. V redni prodaji bi morali za to plo\u0161\u010dico od\u0161teti 29,7 EUR, spletna [&hellip;]<\/p>\n","protected":false},"featured_media":103639,"template":"","meta":[],"product_cat":[200,9991483,260,999,240,270],"product_tag":[99921971],"_links":{"self":[{"href":"https:\/\/www.keramika.com\/slovenija\/wp-json\/wp\/v2\/product\/103638"}],"collection":[{"href":"https:\/\/www.keramika.com\/slovenija\/wp-json\/wp\/v2\/product"}],"about":[{"href":"https:\/\/www.keramika.com\/slovenija\/wp-json\/wp\/v2\/types\/product"}],"wp:featuredmedia":[{"embeddable":true,"href":"https:\/\/www.keramika.com\/slovenija\/wp-json\/wp\/v2\/media\/103639"}],"wp:attachment":[{"href":"https:\/\/www.keramika.com\/slovenija\/wp-json\/wp\/v2\/media?parent=103638"}],"wp:term":[{"taxonomy":"product_cat","embeddable":true,"href":"https:\/\/www.keramika.com\/slovenija\/wp-json\/wp\/v2\/product_cat?post=103638"},{"taxonomy":"product_tag","embeddable":true,"href":"https:\/\/www.keramika.com\/slovenija\/wp-json\/wp\/v2\/product_tag?post=103638"}],"curies":[{"name":"wp","href":"https:\/\/api.w.org\/{rel}","templated":true}]}}