{"id":103630,"date":"2017-03-22T23:44:25","date_gmt":"2017-03-22T23:44:25","guid":{"rendered":"http:\/\/keramika.holest.com\/slovenija\/product\/keramika-imitacija-lesa-realonda-strip-wood-wengue\/"},"modified":"2026-01-03T00:00:54","modified_gmt":"2026-01-03T00:00:54","slug":"keramika-imitacija-lesa-realonda-strip-wood-wengue","status":"publish","type":"product","link":"https:\/\/www.keramika.com\/slovenija\/keramika-imitacija-lesa-realonda-strip-wood-wengue\/","title":{"rendered":"Keramika imitacija lesa Realonda Strip Wood Wengue"},"content":{"rendered":"<p>To plo\u0161\u010dico je izdelal proizvajalec Realonda Ceramica, ki prihaja iz \u0160panije. Debelina kar 9 mm dela to plo\u0161\u010dico zelo trpe\u017eno in presti\u017eno na otip. Realonda Strip Wood Wengue je na voljo po zelo ugodni ceni 29,92 EUR. Letos so plo\u0161\u010dice v rjavi barvi zelo za\u017eeljene. Dimenzije te plo\u0161\u010dice so 44&#215;66 cm.<\/p>\n<p>Kliknite na ime kolekcije za ogled vseh plo\u0161\u010dic iz te serije: <a class=\"pdfcatal\" href=\"\/\/www.ceramictiles.com\/pdf\/realonda\/catalogue_realonda_strip_wood.pdf\" onclick=\"recordOutboundLink(this, 'E-mail', 'Description PDF');return false;\">Realonda Ceramica Strip Wood<\/a><\/p>\n<p>\u010ce \u017eelite naro\u010diti model iz pdf kataloga te kolekcije, nam pi\u0161ite na: <a href=\"mailto:keramoteka.salon@gmail.com\" onclick=\"recordOutboundLink(this, 'E-mail', 'Description mail');return false;\">keramoteka.salon@gmail.com<\/a> ali pa nas pokli\u010dite na: 031 255 900.<\/p>\n<p>Technical description: <\/p>\n<p>44&#215;66 cm :  Strip Wood Haya ; Strip Wood Haya S.R. ; Strip Wood Gris ; Strip Wood Gris S.R. ; Strip Wood Roble ; Strip Wood Roble S.R. ; Strip Wood Wengue ; Strip Wood Cerezo ;<\/p>\n","protected":false},"excerpt":{"rendered":"<p>To plo\u0161\u010dico je izdelal proizvajalec Realonda Ceramica, ki prihaja iz \u0160panije. Debelina kar 9 mm dela to plo\u0161\u010dico zelo trpe\u017eno in presti\u017eno na otip. Realonda Strip Wood Wengue je na voljo po zelo ugodni ceni 29,92 EUR. Letos so plo\u0161\u010dice v rjavi barvi zelo za\u017eeljene. Dimenzije te plo\u0161\u010dice so 44&#215;66 cm. Kliknite na ime kolekcije [&hellip;]<\/p>\n","protected":false},"featured_media":103631,"template":"","meta":[],"product_cat":[200,999,290,999114,250,240],"product_tag":[],"_links":{"self":[{"href":"https:\/\/www.keramika.com\/slovenija\/wp-json\/wp\/v2\/product\/103630"}],"collection":[{"href":"https:\/\/www.keramika.com\/slovenija\/wp-json\/wp\/v2\/product"}],"about":[{"href":"https:\/\/www.keramika.com\/slovenija\/wp-json\/wp\/v2\/types\/product"}],"wp:featuredmedia":[{"embeddable":true,"href":"https:\/\/www.keramika.com\/slovenija\/wp-json\/wp\/v2\/media\/103631"}],"wp:attachment":[{"href":"https:\/\/www.keramika.com\/slovenija\/wp-json\/wp\/v2\/media?parent=103630"}],"wp:term":[{"taxonomy":"product_cat","embeddable":true,"href":"https:\/\/www.keramika.com\/slovenija\/wp-json\/wp\/v2\/product_cat?post=103630"},{"taxonomy":"product_tag","embeddable":true,"href":"https:\/\/www.keramika.com\/slovenija\/wp-json\/wp\/v2\/product_tag?post=103630"}],"curies":[{"name":"wp","href":"https:\/\/api.w.org\/{rel}","templated":true}]}}