{"id":103622,"date":"2017-03-22T23:44:12","date_gmt":"2017-03-22T23:44:12","guid":{"rendered":"http:\/\/keramika.holest.com\/slovenija\/product\/talne-ploscice-realonda-murano\/"},"modified":"2026-01-03T00:00:52","modified_gmt":"2026-01-03T00:00:52","slug":"talne-ploscice-realonda-murano","status":"publish","type":"product","link":"https:\/\/www.keramika.com\/slovenija\/talne-ploscice-realonda-murano\/","title":{"rendered":"Talne plo\u0161\u010dice Realonda Murano"},"content":{"rendered":"<p>Prihaja iz \u0160panije, ki po svetu slovi kot ena bolj\u0161ih proizvajalk kerami\u010dnih plo\u0161\u010dic. Pri izbiri plo\u0161\u010dice v beli barvi ne morete zgre\u0161iti. 9 mm je debelina, ki zadovolji tudi zahtevnej\u0161e kupce. \u0160irina in dol\u017eina te plo\u0161\u010dice sta 44&#215;44 cm. Na spletu boste za to plo\u0161\u010dico od\u0161teli le 24,42 EUR, medtem ko v redni prodaji cena zna\u0161a 30,52 EUR.<\/p>\n<p>Kliknite na ime kolekcije za ogled vseh plo\u0161\u010dic iz te serije: <a class=\"pdfcatal\" href=\"\/\/www.ceramictiles.com\/pdf\/realonda\/catalogue_realonda_murano.pdf\" onclick=\"recordOutboundLink(this, 'E-mail', 'Description PDF');return false;\">Realonda Ceramica Murano<\/a><\/p>\n<p>\u010ce \u017eelite naro\u010diti model iz pdf kataloga te kolekcije, nam pi\u0161ite na: <a href=\"mailto:keramoteka.salon@gmail.com\" onclick=\"recordOutboundLink(this, 'E-mail', 'Description mail');return false;\">keramoteka.salon@gmail.com<\/a> ali pa nas pokli\u010dite na: 031 255 900.<\/p>\n<p>Technical description: <\/p>\n<p>44&#215;44 cm :  Murano ; Murano Decor ;<\/p>\n","protected":false},"excerpt":{"rendered":"<p>Prihaja iz \u0160panije, ki po svetu slovi kot ena bolj\u0161ih proizvajalk kerami\u010dnih plo\u0161\u010dic. Pri izbiri plo\u0161\u010dice v beli barvi ne morete zgre\u0161iti. 9 mm je debelina, ki zadovolji tudi zahtevnej\u0161e kupce. \u0160irina in dol\u017eina te plo\u0161\u010dice sta 44&#215;44 cm. Na spletu boste za to plo\u0161\u010dico od\u0161teli le 24,42 EUR, medtem ko v redni prodaji cena [&hellip;]<\/p>\n","protected":false},"featured_media":103623,"template":"","meta":[],"product_cat":[200,260,999,999114,240,270],"product_tag":[],"_links":{"self":[{"href":"https:\/\/www.keramika.com\/slovenija\/wp-json\/wp\/v2\/product\/103622"}],"collection":[{"href":"https:\/\/www.keramika.com\/slovenija\/wp-json\/wp\/v2\/product"}],"about":[{"href":"https:\/\/www.keramika.com\/slovenija\/wp-json\/wp\/v2\/types\/product"}],"wp:featuredmedia":[{"embeddable":true,"href":"https:\/\/www.keramika.com\/slovenija\/wp-json\/wp\/v2\/media\/103623"}],"wp:attachment":[{"href":"https:\/\/www.keramika.com\/slovenija\/wp-json\/wp\/v2\/media?parent=103622"}],"wp:term":[{"taxonomy":"product_cat","embeddable":true,"href":"https:\/\/www.keramika.com\/slovenija\/wp-json\/wp\/v2\/product_cat?post=103622"},{"taxonomy":"product_tag","embeddable":true,"href":"https:\/\/www.keramika.com\/slovenija\/wp-json\/wp\/v2\/product_tag?post=103622"}],"curies":[{"name":"wp","href":"https:\/\/api.w.org\/{rel}","templated":true}]}}