{"id":103620,"date":"2017-03-22T23:44:08","date_gmt":"2017-03-22T23:44:08","guid":{"rendered":"http:\/\/keramika.holest.com\/slovenija\/product\/ploscice-imitacija-lesa-realonda-montana-beige\/"},"modified":"2026-01-03T00:00:51","modified_gmt":"2026-01-03T00:00:51","slug":"ploscice-imitacija-lesa-realonda-montana-beige","status":"publish","type":"product","link":"https:\/\/www.keramika.com\/slovenija\/ploscice-imitacija-lesa-realonda-montana-beige\/","title":{"rendered":"Plo\u0161\u010dice imitacija lesa Realonda Montana Beige"},"content":{"rendered":"<p>Keramika v be\u017e barvi popestri vsak prostor. Dimenzije te plo\u0161\u010dice so 31&#215;56 cm. 9 mm debeline je dovolj tudi za zahtevnej\u0161e kupce. To plo\u0161\u010dico je izdelal proizvajalec Realonda Ceramica, ki prihaja iz \u0160panije. Zaradi ni\u017ejih stro\u0161kov pri spletni prodaji boste na na\u0161i strani za to plo\u0161\u010dico od\u0161teli le 22 EUR.<\/p>\n<p>Kliknite na ime kolekcije za ogled vseh plo\u0161\u010dic iz te serije: <a class=\"pdfcatal\" href=\"\/\/www.ceramictiles.com\/pdf\/realonda\/catalogue_realonda_montana.pdf\" onclick=\"recordOutboundLink(this, 'E-mail', 'Description PDF');return false;\">Realonda Ceramica Montana<\/a><\/p>\n<p>\u010ce \u017eelite naro\u010diti model iz pdf kataloga te kolekcije, nam pi\u0161ite na: <a href=\"mailto:keramoteka.salon@gmail.com\" onclick=\"recordOutboundLink(this, 'E-mail', 'Description mail');return false;\">keramoteka.salon@gmail.com<\/a> ali pa nas pokli\u010dite na: 031 255 900.<\/p>\n<p>Technical description: <\/p>\n<p>31&#215;56 cm :  Montana Beige ; Montana Marr\u00f3n ; Montana Rojo ; Montana Beige-Marr\u00f3n ; Montana Beige-Rojo ;<\/p>\n","protected":false},"excerpt":{"rendered":"<p>Keramika v be\u017e barvi popestri vsak prostor. Dimenzije te plo\u0161\u010dice so 31&#215;56 cm. 9 mm debeline je dovolj tudi za zahtevnej\u0161e kupce. To plo\u0161\u010dico je izdelal proizvajalec Realonda Ceramica, ki prihaja iz \u0160panije. Zaradi ni\u017ejih stro\u0161kov pri spletni prodaji boste na na\u0161i strani za to plo\u0161\u010dico od\u0161teli le 22 EUR. Kliknite na ime kolekcije za [&hellip;]<\/p>\n","protected":false},"featured_media":103621,"template":"","meta":[],"product_cat":[200,280,260,999,999114,250],"product_tag":[],"_links":{"self":[{"href":"https:\/\/www.keramika.com\/slovenija\/wp-json\/wp\/v2\/product\/103620"}],"collection":[{"href":"https:\/\/www.keramika.com\/slovenija\/wp-json\/wp\/v2\/product"}],"about":[{"href":"https:\/\/www.keramika.com\/slovenija\/wp-json\/wp\/v2\/types\/product"}],"wp:featuredmedia":[{"embeddable":true,"href":"https:\/\/www.keramika.com\/slovenija\/wp-json\/wp\/v2\/media\/103621"}],"wp:attachment":[{"href":"https:\/\/www.keramika.com\/slovenija\/wp-json\/wp\/v2\/media?parent=103620"}],"wp:term":[{"taxonomy":"product_cat","embeddable":true,"href":"https:\/\/www.keramika.com\/slovenija\/wp-json\/wp\/v2\/product_cat?post=103620"},{"taxonomy":"product_tag","embeddable":true,"href":"https:\/\/www.keramika.com\/slovenija\/wp-json\/wp\/v2\/product_tag?post=103620"}],"curies":[{"name":"wp","href":"https:\/\/api.w.org\/{rel}","templated":true}]}}