{"id":103618,"date":"2017-03-22T23:44:04","date_gmt":"2017-03-22T23:44:04","guid":{"rendered":"http:\/\/keramika.holest.com\/slovenija\/product\/3d-ploscice-realonda-mix-stone-blanco\/"},"modified":"2026-01-03T00:00:51","modified_gmt":"2026-01-03T00:00:51","slug":"3d-ploscice-realonda-mix-stone-blanco","status":"publish","type":"product","link":"https:\/\/www.keramika.com\/slovenija\/3d-ploscice-realonda-mix-stone-blanco\/","title":{"rendered":"3D plo\u0161\u010dice Realonda Mix Stone Blanco"},"content":{"rendered":"<p>Realonda Mix Stone Blanco je pripeljana iz \u0160panije in je zelo kvalitetna. 9 mm je debelina, ki zadovolji tudi zahtevnej\u0161e kupce. Keramika v beli barvi popestri vsak prostor. Redna cena te plo\u0161\u010dice v maloprodaji zna\u0161a 27,5 EUR, v na\u0161i spletni trgovini pa jo lahko dobite \u017ee za 22 EUR. Dimenzije te plo\u0161\u010dice so 31&#215;56 cm.<\/p>\n<p>Kliknite na ime kolekcije za ogled vseh plo\u0161\u010dic iz te serije: <a class=\"pdfcatal\" href=\"\/\/www.ceramictiles.com\/pdf\/realonda\/catalogue_realonda_mix_stone.pdf\" onclick=\"recordOutboundLink(this, 'E-mail', 'Description PDF');return false;\">Realonda Ceramica Mix Stone<\/a><\/p>\n<p>\u010ce \u017eelite naro\u010diti model iz pdf kataloga te kolekcije, nam pi\u0161ite na: <a href=\"mailto:keramoteka.salon@gmail.com\" onclick=\"recordOutboundLink(this, 'E-mail', 'Description mail');return false;\">keramoteka.salon@gmail.com<\/a> ali pa nas pokli\u010dite na: 031 255 900.<\/p>\n<p>Technical description: <\/p>\n<p>31&#215;56 cm :  Mix Stone Blanco ; Mix Stone Blanco \u00c9tnico ; Mix Stone Negro ; Mix Stone Negro \u00c9tnico ;<\/p>\n","protected":false},"excerpt":{"rendered":"<p>Realonda Mix Stone Blanco je pripeljana iz \u0160panije in je zelo kvalitetna. 9 mm je debelina, ki zadovolji tudi zahtevnej\u0161e kupce. Keramika v beli barvi popestri vsak prostor. Redna cena te plo\u0161\u010dice v maloprodaji zna\u0161a 27,5 EUR, v na\u0161i spletni trgovini pa jo lahko dobite \u017ee za 22 EUR. Dimenzije te plo\u0161\u010dice so 31&#215;56 cm. [&hellip;]<\/p>\n","protected":false},"featured_media":103619,"template":"","meta":[],"product_cat":[200,230,999,999114,250],"product_tag":[99921971],"_links":{"self":[{"href":"https:\/\/www.keramika.com\/slovenija\/wp-json\/wp\/v2\/product\/103618"}],"collection":[{"href":"https:\/\/www.keramika.com\/slovenija\/wp-json\/wp\/v2\/product"}],"about":[{"href":"https:\/\/www.keramika.com\/slovenija\/wp-json\/wp\/v2\/types\/product"}],"wp:featuredmedia":[{"embeddable":true,"href":"https:\/\/www.keramika.com\/slovenija\/wp-json\/wp\/v2\/media\/103619"}],"wp:attachment":[{"href":"https:\/\/www.keramika.com\/slovenija\/wp-json\/wp\/v2\/media?parent=103618"}],"wp:term":[{"taxonomy":"product_cat","embeddable":true,"href":"https:\/\/www.keramika.com\/slovenija\/wp-json\/wp\/v2\/product_cat?post=103618"},{"taxonomy":"product_tag","embeddable":true,"href":"https:\/\/www.keramika.com\/slovenija\/wp-json\/wp\/v2\/product_tag?post=103618"}],"curies":[{"name":"wp","href":"https:\/\/api.w.org\/{rel}","templated":true}]}}