{"id":103616,"date":"2017-03-22T23:44:01","date_gmt":"2017-03-22T23:44:01","guid":{"rendered":"http:\/\/keramika.holest.com\/slovenija\/product\/ploscice-imitacija-kamna-realonda-mindanao-marron\/"},"modified":"2026-01-03T00:00:50","modified_gmt":"2026-01-03T00:00:50","slug":"ploscice-imitacija-kamna-realonda-mindanao-marron","status":"publish","type":"product","link":"https:\/\/www.keramika.com\/slovenija\/ploscice-imitacija-kamna-realonda-mindanao-marron\/","title":{"rendered":"Plo\u0161\u010dice imitacija kamna Realonda Mindanao Marron"},"content":{"rendered":"<p>Realonda Mindanao Marron je plo\u0161\u010dica proizvajalca Realonda Ceramica in prihaja iz \u0160panije. 9 mm je debelina, ki zadovolji tudi zahtevnej\u0161e kupce. Velikost te plo\u0161\u010dice je 31&#215;56 cm in je primerna za razli\u010dne povr\u0161ine. Zaradi ni\u017ejih stro\u0161kov pri spletni prodaji boste na na\u0161i strani za to plo\u0161\u010dico od\u0161teli le 22 EUR. Zelo moderna plo\u0161\u010dica v be\u017e barvi popestri prav vsak prostor.<\/p>\n<p>Kliknite na ime kolekcije za ogled vseh plo\u0161\u010dic iz te serije: <a class=\"pdfcatal\" href=\"\/\/www.ceramictiles.com\/pdf\/realonda\/catalogue_realonda_mindanao.pdf\" onclick=\"recordOutboundLink(this, 'E-mail', 'Description PDF');return false;\">Realonda Ceramica Mindanao<\/a><\/p>\n<p>\u010ce \u017eelite naro\u010diti model iz pdf kataloga te kolekcije, nam pi\u0161ite na: <a href=\"mailto:keramoteka.salon@gmail.com\" onclick=\"recordOutboundLink(this, 'E-mail', 'Description mail');return false;\">keramoteka.salon@gmail.com<\/a> ali pa nas pokli\u010dite na: 031 255 900.<\/p>\n<p>Technical description: <\/p>\n<p>31&#215;56 cm :  Mindanao Ivory ; Mindanao Marr\u00f3n ; Mindanao Antracita ;<\/p>\n","protected":false},"excerpt":{"rendered":"<p>Realonda Mindanao Marron je plo\u0161\u010dica proizvajalca Realonda Ceramica in prihaja iz \u0160panije. 9 mm je debelina, ki zadovolji tudi zahtevnej\u0161e kupce. Velikost te plo\u0161\u010dice je 31&#215;56 cm in je primerna za razli\u010dne povr\u0161ine. Zaradi ni\u017ejih stro\u0161kov pri spletni prodaji boste na na\u0161i strani za to plo\u0161\u010dico od\u0161teli le 22 EUR. Zelo moderna plo\u0161\u010dica v be\u017e [&hellip;]<\/p>\n","protected":false},"featured_media":103617,"template":"","meta":[],"product_cat":[200,230,999,999114,250],"product_tag":[],"_links":{"self":[{"href":"https:\/\/www.keramika.com\/slovenija\/wp-json\/wp\/v2\/product\/103616"}],"collection":[{"href":"https:\/\/www.keramika.com\/slovenija\/wp-json\/wp\/v2\/product"}],"about":[{"href":"https:\/\/www.keramika.com\/slovenija\/wp-json\/wp\/v2\/types\/product"}],"wp:featuredmedia":[{"embeddable":true,"href":"https:\/\/www.keramika.com\/slovenija\/wp-json\/wp\/v2\/media\/103617"}],"wp:attachment":[{"href":"https:\/\/www.keramika.com\/slovenija\/wp-json\/wp\/v2\/media?parent=103616"}],"wp:term":[{"taxonomy":"product_cat","embeddable":true,"href":"https:\/\/www.keramika.com\/slovenija\/wp-json\/wp\/v2\/product_cat?post=103616"},{"taxonomy":"product_tag","embeddable":true,"href":"https:\/\/www.keramika.com\/slovenija\/wp-json\/wp\/v2\/product_tag?post=103616"}],"curies":[{"name":"wp","href":"https:\/\/api.w.org\/{rel}","templated":true}]}}