{"id":103614,"date":"2017-03-22T23:43:58","date_gmt":"2017-03-22T23:43:58","guid":{"rendered":"http:\/\/keramika.holest.com\/slovenija\/product\/ploscice-imitacija-lesa-realonda-loft-roble\/"},"modified":"2026-01-03T00:00:50","modified_gmt":"2026-01-03T00:00:50","slug":"ploscice-imitacija-lesa-realonda-loft-roble","status":"publish","type":"product","link":"https:\/\/www.keramika.com\/slovenija\/ploscice-imitacija-lesa-realonda-loft-roble\/","title":{"rendered":"Plo\u0161\u010dice imitacija lesa Realonda Loft Roble"},"content":{"rendered":"<p>Realonda Loft Roble je plo\u0161\u010dica proizvajalca Realonda Ceramica in prihaja iz \u0160panije. \u0160irina in dol\u017eina te plo\u0161\u010dice sta 31&#215;56 cm. Ta model plo\u0161\u010dice se najbolje prodaja v rjavi barvi. Debelina kar 9 mm dela to plo\u0161\u010dico zelo trpe\u017eno in presti\u017eno na otip. Realonda Loft Roble je na voljo po zelo ugodni ceni 22 EUR.<\/p>\n<p>Kliknite na ime kolekcije za ogled vseh plo\u0161\u010dic iz te serije: <a class=\"pdfcatal\" href=\"\/\/www.ceramictiles.com\/pdf\/realonda\/catalogue_realonda_loft.pdf\" onclick=\"recordOutboundLink(this, 'E-mail', 'Description PDF');return false;\">Realonda Ceramica Loft<\/a><\/p>\n<p>\u010ce \u017eelite naro\u010diti model iz pdf kataloga te kolekcije, nam pi\u0161ite na: <a href=\"mailto:keramoteka.salon@gmail.com\" onclick=\"recordOutboundLink(this, 'E-mail', 'Description mail');return false;\">keramoteka.salon@gmail.com<\/a> ali pa nas pokli\u010dite na: 031 255 900.<\/p>\n<p>Technical description: <\/p>\n<p>31&#215;56 cm :  Loft Blanco ; Loft Roble ; Loft Wengue ;<\/p>\n","protected":false},"excerpt":{"rendered":"<p>Realonda Loft Roble je plo\u0161\u010dica proizvajalca Realonda Ceramica in prihaja iz \u0160panije. \u0160irina in dol\u017eina te plo\u0161\u010dice sta 31&#215;56 cm. Ta model plo\u0161\u010dice se najbolje prodaja v rjavi barvi. Debelina kar 9 mm dela to plo\u0161\u010dico zelo trpe\u017eno in presti\u017eno na otip. Realonda Loft Roble je na voljo po zelo ugodni ceni 22 EUR. Kliknite [&hellip;]<\/p>\n","protected":false},"featured_media":103615,"template":"","meta":[],"product_cat":[200,230,999,999114,250],"product_tag":[],"_links":{"self":[{"href":"https:\/\/www.keramika.com\/slovenija\/wp-json\/wp\/v2\/product\/103614"}],"collection":[{"href":"https:\/\/www.keramika.com\/slovenija\/wp-json\/wp\/v2\/product"}],"about":[{"href":"https:\/\/www.keramika.com\/slovenija\/wp-json\/wp\/v2\/types\/product"}],"wp:featuredmedia":[{"embeddable":true,"href":"https:\/\/www.keramika.com\/slovenija\/wp-json\/wp\/v2\/media\/103615"}],"wp:attachment":[{"href":"https:\/\/www.keramika.com\/slovenija\/wp-json\/wp\/v2\/media?parent=103614"}],"wp:term":[{"taxonomy":"product_cat","embeddable":true,"href":"https:\/\/www.keramika.com\/slovenija\/wp-json\/wp\/v2\/product_cat?post=103614"},{"taxonomy":"product_tag","embeddable":true,"href":"https:\/\/www.keramika.com\/slovenija\/wp-json\/wp\/v2\/product_tag?post=103614"}],"curies":[{"name":"wp","href":"https:\/\/api.w.org\/{rel}","templated":true}]}}