{"id":103612,"date":"2017-03-22T23:43:54","date_gmt":"2017-03-22T23:43:54","guid":{"rendered":"http:\/\/keramika.holest.com\/slovenija\/product\/ploscice-imitacija-lesa-realonda-legno\/"},"modified":"2026-01-03T00:00:49","modified_gmt":"2026-01-03T00:00:49","slug":"ploscice-imitacija-lesa-realonda-legno","status":"publish","type":"product","link":"https:\/\/www.keramika.com\/slovenija\/ploscice-imitacija-lesa-realonda-legno\/","title":{"rendered":"Plo\u0161\u010dice imitacija lesa Realonda Legno"},"content":{"rendered":"<p>9 mm je debelina, ki zadovolji tudi zahtevnej\u0161e kupce. Plo\u0161\u010dica na sliki je velika 44&#215;66 cm. Ta plo\u0161\u010dica je na voljo v \u010dudoviti rjavi barvi, \u010de \u017eelite kak\u0161no drugo barvo pa nas kontaktirajte in preverili bomo pri proizvajalcu. Redna cena te plo\u0161\u010dice v maloprodaji zna\u0161a 37,4 EUR, v na\u0161i spletni trgovini pa jo lahko dobite \u017ee za 29,92 EUR. Ta plo\u0161\u010dica prihaja iz \u0160panije, ki je znana po kvalitetni keramiki.<\/p>\n<p>Kliknite na ime kolekcije za ogled vseh plo\u0161\u010dic iz te serije: <a class=\"pdfcatal\" href=\"\/\/www.ceramictiles.com\/pdf\/realonda\/catalogue_realonda_legno.pdf\" onclick=\"recordOutboundLink(this, 'E-mail', 'Description PDF');return false;\">Realonda Ceramica Legno<\/a><\/p>\n<p>\u010ce \u017eelite naro\u010diti model iz pdf kataloga te kolekcije, nam pi\u0161ite na: <a href=\"mailto:keramoteka.salon@gmail.com\" onclick=\"recordOutboundLink(this, 'E-mail', 'Description mail');return false;\">keramoteka.salon@gmail.com<\/a> ali pa nas pokli\u010dite na: 031 255 900.<\/p>\n<p>Technical description: <\/p>\n<p>44&#215;66 cm :  Strip Wood Haya ; Strip Wood Haya S.R. ; Strip Wood Gris ; Strip Wood Gris S.R. ; Strip Wood Roble ; Strip Wood Roble S.R. ; Strip Wood Wengue ; Strip Wood Cerezo ;<\/p>\n","protected":false},"excerpt":{"rendered":"<p>9 mm je debelina, ki zadovolji tudi zahtevnej\u0161e kupce. Plo\u0161\u010dica na sliki je velika 44&#215;66 cm. Ta plo\u0161\u010dica je na voljo v \u010dudoviti rjavi barvi, \u010de \u017eelite kak\u0161no drugo barvo pa nas kontaktirajte in preverili bomo pri proizvajalcu. Redna cena te plo\u0161\u010dice v maloprodaji zna\u0161a 37,4 EUR, v na\u0161i spletni trgovini pa jo lahko dobite [&hellip;]<\/p>\n","protected":false},"featured_media":103613,"template":"","meta":[],"product_cat":[200,999,290,999114,250],"product_tag":[],"_links":{"self":[{"href":"https:\/\/www.keramika.com\/slovenija\/wp-json\/wp\/v2\/product\/103612"}],"collection":[{"href":"https:\/\/www.keramika.com\/slovenija\/wp-json\/wp\/v2\/product"}],"about":[{"href":"https:\/\/www.keramika.com\/slovenija\/wp-json\/wp\/v2\/types\/product"}],"wp:featuredmedia":[{"embeddable":true,"href":"https:\/\/www.keramika.com\/slovenija\/wp-json\/wp\/v2\/media\/103613"}],"wp:attachment":[{"href":"https:\/\/www.keramika.com\/slovenija\/wp-json\/wp\/v2\/media?parent=103612"}],"wp:term":[{"taxonomy":"product_cat","embeddable":true,"href":"https:\/\/www.keramika.com\/slovenija\/wp-json\/wp\/v2\/product_cat?post=103612"},{"taxonomy":"product_tag","embeddable":true,"href":"https:\/\/www.keramika.com\/slovenija\/wp-json\/wp\/v2\/product_tag?post=103612"}],"curies":[{"name":"wp","href":"https:\/\/api.w.org\/{rel}","templated":true}]}}